{"id":7439,"date":"2016-07-22T15:16:41","date_gmt":"2016-07-22T14:16:41","guid":{"rendered":"https:\/\/afarangabroad.com\/?p=7439"},"modified":"2022-11-18T14:42:37","modified_gmt":"2022-11-18T14:42:37","slug":"happy-ending-massage-pattaya","status":"publish","type":"page","link":"https:\/\/afarangabroad.com\/fr\/massage-happy-ending-pattaya\/","title":{"rendered":"Trouver un massage Happy Ending \u00e0 Pattaya"},"content":{"rendered":"<p>In this article you&#8217;ll learn where to find sex and happy ending massages in Pattaya.<\/p>\n<p>Pattaya est consid\u00e9r\u00e9e comme un haut lieu du sexe et du tourisme.<\/p>\n<p>Vous verrez g\u00e9n\u00e9ralement des hommes c\u00e9libataires (et mari\u00e9s), jeunes et vieux, visiter le pays.<\/p>\n<p><a href=\"https:\/\/afarangabroad.com\/fr\/thai-cupid-dating-site\/\" target=\"_blank\" rel=\"noopener noreferrer\"><img loading=\"lazy\" decoding=\"async\" class=\"aligncenter wp-image-7256\" src=\"https:\/\/afarangabroad.com\/wp-content\/uploads\/2016\/06\/Meet-Thai-girls-1024x691.png\" alt=\"Meet Thai girls\" width=\"436\" height=\"296\" \/><\/a>Si vous voulez vous envoyer en l'air avec des filles tha\u00eflandaises normales \u00e0 Pattaya, <a class=\"mozbar-highlight-followed-wGA7MhRhQ3WS\" href=\"https:\/\/afarangabroad.com\/fr\/thai-cupid-dating-site\/\" target=\"_blank\" rel=\"noopener noreferrer\">lire cet article<\/a>.<\/p>\n<p>L'une des raisons de sa renomm\u00e9e est que la prostitution y est tol\u00e9rable. Vous pouvez vous rendre dans des bars et des bo\u00eetes de nuit, boire quelques verres et vous taper une fille pour un certain prix.<\/p>\n<p>Il n'est pas n\u00e9cessaire d'attendre la nuit car vous pouvez encore passer quelques bonnes heures \u00e0 vous d\u00e9tendre et \u00e0 vous relaxer.<\/p>\n<p>Veuillez noter que les lieux suivants n'offrent pas <a href=\"https:\/\/afarangabroad.com\/fr\/prix-du-sexe-en-thailande\/\">Le sexe en Tha\u00eflande<\/a>Il s'agit uniquement de bars BJ.<\/p>\n<p>Si vous souhaitez savoir o\u00f9 trouver de l'herbe \u00e0 BKK, n'h\u00e9sitez pas \u00e0 consulter les sites suivants <strong>souscrire<\/strong> vers le canal ci-dessous :<\/p>\n<p>https:\/\/youtu.be\/j0HbIHjnG5g<\/p>\n<h2><\/h2>\n<h2><strong>Ce qu'il faut savoir<\/strong><\/h2>\n<p>Le prix est la premi\u00e8re question, surtout si vous \u00eates un d\u00e9butant qui veut essayer le massage Happy End \u00e0 Pattaya. Juste une petite information, les prix des massages sont un peu moins chers \u00e0 Pattaya qu'\u00e0 Bangkok.<\/p>\n<p>Un massage \u00e0 l'huile co\u00fbte environ 300 bahts par heure.<\/p>","protected":false},"excerpt":{"rendered":"<p>In this article you&#8217;ll learn where to find sex and happy ending massages in Pattaya. Pattaya is considered a hotspot for sexpats and tourists. You will usually see single (and married) men, young and old, visiting the country. If you want to get laid with normal Thai girls in Pattaya, check out this article. One [&hellip;]<\/p>","protected":false},"author":2,"featured_media":1768,"parent":0,"menu_order":0,"comment_status":"open","ping_status":"closed","template":"","meta":{"_exactmetrics_skip_tracking":false,"_exactmetrics_sitenote_active":false,"_exactmetrics_sitenote_note":"","_exactmetrics_sitenote_category":0,"footnotes":""},"categories":[322],"tags":[],"class_list":["post-7439","page","type-page","status-publish","has-post-thumbnail","hentry","category-pattaya"],"yoast_head":"<!-- This site is optimized with the Yoast SEO plugin v20.1 - https:\/\/yoast.com\/wordpress\/plugins\/seo\/ -->\n<title>Find Happy Ending Massage in Pattaya - A Farang Abroad<\/title>\n<meta name=\"description\" content=\"Find out where to get the best hand jobs in Pattaya. In this article I show maps and prices of happy ending massages all over Pattaya.\" \/>\n<meta name=\"robots\" content=\"index, follow, max-snippet:-1, max-image-preview:large, max-video-preview:-1\" \/>\n<link rel=\"canonical\" href=\"https:\/\/afarangabroad.com\/fr\/massage-happy-ending-pattaya\/\" \/>\n<meta property=\"og:locale\" content=\"fr_FR\" \/>\n<meta property=\"og:type\" content=\"article\" \/>\n<meta property=\"og:title\" content=\"Find Happy Ending Massage in Pattaya - A Farang Abroad\" \/>\n<meta property=\"og:description\" content=\"Find out where to get the best hand jobs in Pattaya. In this article I show maps and prices of happy ending massages all over Pattaya.\" \/>\n<meta property=\"og:url\" content=\"https:\/\/afarangabroad.com\/fr\/massage-happy-ending-pattaya\/\" \/>\n<meta property=\"og:site_name\" content=\"A Farang Abroad\" \/>\n<meta property=\"article:modified_time\" content=\"2022-11-18T14:42:37+00:00\" \/>\n<meta property=\"og:image\" content=\"https:\/\/afarangabroad.com\/wp-content\/uploads\/2012\/12\/Pattaya+3.jpg\" \/>\n\t<meta property=\"og:image:width\" content=\"383\" \/>\n\t<meta property=\"og:image:height\" content=\"640\" \/>\n\t<meta property=\"og:image:type\" content=\"image\/jpeg\" \/>\n<meta name=\"twitter:label1\" content=\"Dur\u00e9e de lecture estim\u00e9e\" \/>\n\t<meta name=\"twitter:data1\" content=\"9 minutes\" \/>\n<script type=\"application\/ld+json\" class=\"yoast-schema-graph\">{\"@context\":\"https:\/\/schema.org\",\"@graph\":[{\"@type\":\"WebPage\",\"@id\":\"https:\/\/afarangabroad.com\/happy-ending-massage-pattaya\/\",\"url\":\"https:\/\/afarangabroad.com\/happy-ending-massage-pattaya\/\",\"name\":\"Find Happy Ending Massage in Pattaya - A Farang Abroad\",\"isPartOf\":{\"@id\":\"https:\/\/afarangabroad.com\/#website\"},\"datePublished\":\"2016-07-22T14:16:41+00:00\",\"dateModified\":\"2022-11-18T14:42:37+00:00\",\"description\":\"Find out where to get the best hand jobs in Pattaya. In this article I show maps and prices of happy ending massages all over Pattaya.\",\"breadcrumb\":{\"@id\":\"https:\/\/afarangabroad.com\/happy-ending-massage-pattaya\/#breadcrumb\"},\"inLanguage\":\"fr-FR\",\"potentialAction\":[{\"@type\":\"ReadAction\",\"target\":[\"https:\/\/afarangabroad.com\/happy-ending-massage-pattaya\/\"]}]},{\"@type\":\"BreadcrumbList\",\"@id\":\"https:\/\/afarangabroad.com\/happy-ending-massage-pattaya\/#breadcrumb\",\"itemListElement\":[{\"@type\":\"ListItem\",\"position\":1,\"name\":\"Home\",\"item\":\"https:\/\/afarangabroad.com\/\"},{\"@type\":\"ListItem\",\"position\":2,\"name\":\"Find Happy Ending Massage in Pattaya\"}]},{\"@type\":\"WebSite\",\"@id\":\"https:\/\/afarangabroad.com\/#website\",\"url\":\"https:\/\/afarangabroad.com\/\",\"name\":\"A Farang Abroad\",\"description\":\"Your secret guide to Asia&#039;s sexiest nightlife.\",\"potentialAction\":[{\"@type\":\"SearchAction\",\"target\":{\"@type\":\"EntryPoint\",\"urlTemplate\":\"https:\/\/afarangabroad.com\/?s={search_term_string}\"},\"query-input\":\"required name=search_term_string\"}],\"inLanguage\":\"fr-FR\"}]}<\/script>\n<!-- \/ Yoast SEO plugin. -->","yoast_head_json":{"title":"Find Happy Ending Massage in Pattaya - A Farang Abroad","description":"Find out where to get the best hand jobs in Pattaya. In this article I show maps and prices of happy ending massages all over Pattaya.","robots":{"index":"index","follow":"follow","max-snippet":"max-snippet:-1","max-image-preview":"max-image-preview:large","max-video-preview":"max-video-preview:-1"},"canonical":"https:\/\/afarangabroad.com\/fr\/massage-happy-ending-pattaya\/","og_locale":"fr_FR","og_type":"article","og_title":"Find Happy Ending Massage in Pattaya - A Farang Abroad","og_description":"Find out where to get the best hand jobs in Pattaya. In this article I show maps and prices of happy ending massages all over Pattaya.","og_url":"https:\/\/afarangabroad.com\/fr\/massage-happy-ending-pattaya\/","og_site_name":"A Farang Abroad","article_modified_time":"2022-11-18T14:42:37+00:00","og_image":[{"width":383,"height":640,"url":"https:\/\/afarangabroad.com\/wp-content\/uploads\/2012\/12\/Pattaya+3.jpg","type":"image\/jpeg"}],"twitter_misc":{"Dur\u00e9e de lecture estim\u00e9e":"9 minutes"},"schema":{"@context":"https:\/\/schema.org","@graph":[{"@type":"WebPage","@id":"https:\/\/afarangabroad.com\/happy-ending-massage-pattaya\/","url":"https:\/\/afarangabroad.com\/happy-ending-massage-pattaya\/","name":"Find Happy Ending Massage in Pattaya - A Farang Abroad","isPartOf":{"@id":"https:\/\/afarangabroad.com\/#website"},"datePublished":"2016-07-22T14:16:41+00:00","dateModified":"2022-11-18T14:42:37+00:00","description":"Find out where to get the best hand jobs in Pattaya. In this article I show maps and prices of happy ending massages all over Pattaya.","breadcrumb":{"@id":"https:\/\/afarangabroad.com\/happy-ending-massage-pattaya\/#breadcrumb"},"inLanguage":"fr-FR","potentialAction":[{"@type":"ReadAction","target":["https:\/\/afarangabroad.com\/happy-ending-massage-pattaya\/"]}]},{"@type":"BreadcrumbList","@id":"https:\/\/afarangabroad.com\/happy-ending-massage-pattaya\/#breadcrumb","itemListElement":[{"@type":"ListItem","position":1,"name":"Home","item":"https:\/\/afarangabroad.com\/"},{"@type":"ListItem","position":2,"name":"Find Happy Ending Massage in Pattaya"}]},{"@type":"WebSite","@id":"https:\/\/afarangabroad.com\/#website","url":"https:\/\/afarangabroad.com\/","name":"A Farang Abroad","description":"Your secret guide to Asia&#039;s sexiest nightlife.","potentialAction":[{"@type":"SearchAction","target":{"@type":"EntryPoint","urlTemplate":"https:\/\/afarangabroad.com\/?s={search_term_string}"},"query-input":"required name=search_term_string"}],"inLanguage":"fr-FR"}]}},"_links":{"self":[{"href":"https:\/\/afarangabroad.com\/fr\/wp-json\/wp\/v2\/pages\/7439"}],"collection":[{"href":"https:\/\/afarangabroad.com\/fr\/wp-json\/wp\/v2\/pages"}],"about":[{"href":"https:\/\/afarangabroad.com\/fr\/wp-json\/wp\/v2\/types\/page"}],"author":[{"embeddable":true,"href":"https:\/\/afarangabroad.com\/fr\/wp-json\/wp\/v2\/users\/2"}],"replies":[{"embeddable":true,"href":"https:\/\/afarangabroad.com\/fr\/wp-json\/wp\/v2\/comments?post=7439"}],"version-history":[{"count":3,"href":"https:\/\/afarangabroad.com\/fr\/wp-json\/wp\/v2\/pages\/7439\/revisions"}],"predecessor-version":[{"id":513018,"href":"https:\/\/afarangabroad.com\/fr\/wp-json\/wp\/v2\/pages\/7439\/revisions\/513018"}],"wp:featuredmedia":[{"embeddable":true,"href":"https:\/\/afarangabroad.com\/fr\/wp-json\/wp\/v2\/media\/1768"}],"wp:attachment":[{"href":"https:\/\/afarangabroad.com\/fr\/wp-json\/wp\/v2\/media?parent=7439"}],"wp:term":[{"taxonomy":"category","embeddable":true,"href":"https:\/\/afarangabroad.com\/fr\/wp-json\/wp\/v2\/categories?post=7439"},{"taxonomy":"post_tag","embeddable":true,"href":"https:\/\/afarangabroad.com\/fr\/wp-json\/wp\/v2\/tags?post=7439"}],"curies":[{"name":"wp","href":"https:\/\/api.w.org\/{rel}","templated":true}]}}