{"id":7566,"date":"2016-08-08T17:33:34","date_gmt":"2016-08-08T16:33:34","guid":{"rendered":"https:\/\/afarangabroad.com\/?p=7566"},"modified":"2019-01-08T06:22:10","modified_gmt":"2019-01-08T06:22:10","slug":"cambodian-ladyboys","status":"publish","type":"page","link":"https:\/\/afarangabroad.com\/fr\/ladyboys-cambodgiennes\/","title":{"rendered":"O\u00f9 trouver des Ladyboys cambodgiennes"},"content":{"rendered":"<p>Some men are just risqu\u00e9 enough to not settle for the normal hook ups or dates. What it means is that while the thought of dating ladyboys make you cringe, there are still some who think of it as an exciting new adventure.<\/p>\n<p><a href=\"https:\/\/afarangabroad.com\/fr\/rencontres-asiatiques\/\" target=\"_blank\" rel=\"noopener\"><img loading=\"lazy\" decoding=\"async\" class=\"aligncenter size-large wp-image-7582\" src=\"https:\/\/afarangabroad.com\/wp-content\/uploads\/2016\/08\/hot-cambo-girls-1024x691.png\" alt=\"hot cambo girls\" width=\"600\" height=\"405\" srcset=\"https:\/\/afarangabroad.com\/wp-content\/uploads\/2016\/08\/hot-cambo-girls-1024x691.png 1024w, https:\/\/afarangabroad.com\/wp-content\/uploads\/2016\/08\/hot-cambo-girls-300x202.png 300w, https:\/\/afarangabroad.com\/wp-content\/uploads\/2016\/08\/hot-cambo-girls-768x518.png 768w, https:\/\/afarangabroad.com\/wp-content\/uploads\/2016\/08\/hot-cambo-girls-720x486.png 720w, https:\/\/afarangabroad.com\/wp-content\/uploads\/2016\/08\/hot-cambo-girls.png 1038w\" sizes=\"(max-width: 600px) 100vw, 600px\" \/><\/a>If you&#8217;re looking to meet Cambo ladyboys or real <a href=\"https:\/\/afarangabroad.com\/fr\/filles-de-khemer\/\" target=\"_blank\" rel=\"noopener\">filles khm\u00e8res<\/a>, <a href=\"https:\/\/afarangabroad.com\/fr\/rencontres-asiatiques\/\" target=\"_blank\" rel=\"noopener\">lire cet article<\/a>.<\/p>\n<p>Vous avez peut-\u00eatre aussi lu que d'autres personnes ont essay\u00e9 une ladyboy et n'y sont jamais retourn\u00e9es.<\/p>\n<p><iframe loading=\"lazy\" src=\"https:\/\/www.youtube.com\/embed\/67olMs5HjGg\" width=\"854\" height=\"480\" frameborder=\"0\" allowfullscreen=\"allowfullscreen\"><\/iframe><\/p>\n<p>La Tha\u00eflande n'est pas le seul pays o\u00f9 l'on peut trouver des ladyboys. Les ladyboys cambodgiennes ont \u00e9galement un succ\u00e8s certain dans le pays. La ladyboys cambodgienne est \u00e9galement l'une des plus belles ladyboys d'Asie du Sud-Est. Vous pouvez en trouver beaucoup dans plusieurs endroits comme Phnom Penh, Siem Reap et m\u00eame Sihanoukville. La plupart d'entre elles sont tr\u00e8s amicales, accommodantes et absolument magnifiques.<\/p>\n<h2><strong>Pourquoi certains hommes aiment sortir avec des Ladyboys cambodgiennes<\/strong><\/h2>\n<p>La plupart des ladyboys cambodgiens ressemblent \u00e0 s'y m\u00e9prendre \u00e0 de vraies femmes. Elles ont des seins \u00e9normes, certaines sont pr\u00e9op\u00e9ratoires et d'autres post-op\u00e9ratoires. Pour certains, c'est important, mais d'autres hommes ne s'en soucient pas du tout. Comme cela a \u00e9t\u00e9 mentionn\u00e9 pr\u00e9c\u00e9demment et sur d'autres forums de ladyboys, les hommes qui ont essay\u00e9 de sortir avec des ladyboys n'ont jamais regard\u00e9 en arri\u00e8re.<\/p>\n<p>Perhaps because they do know how to take care of them and how to give them the pleasure they want. Unlike real women who are too picky and sometimes uninterested with sex. Real women would have to play hard to get, but ladyboys would just make it seem easy for men. Cambodian ladyboys can also match every man\u2019s libido and this is just one of some foreign sexpats fantasy.<\/p>\n<p><strong>Chasse aux coccinelles cambodgiennes<\/strong><\/p>\n<p>If you are one of those men who are looking to meet Cambodian ladyboys, then you have come to the right place. This article is focused on ladyboys \u2013 how to spot them, where to find them and how to have fun with them. This can be your quick guide with hunting Cambodian ladyboys if you want to be discreet.<\/p>\n<h2><strong>Comment rep\u00e9rer les Ladyboys cambodgiennes<\/strong><\/h2>\n<p>Cambodian ladyboys are not different from Thailand\u2019s kathoeys. As mentioned before, most of these ladyboys actually look like real women and some are even better. This could also be a guide for you in case you would like to avoid meeting ladyboys. Here are some pointers of how you can quickly identify Cambodian ladyboys.<\/p>\n<ol>\n<li><strong>Hauteur<\/strong> \u2013 if you see a woman who is really tall and somehow the same height as yours, she is probably a ladyboy. Genetically speaking, only few women would stand towering tall as any foreign men unless you are a guy.<\/li>\n<li><strong>Voix<\/strong> \u2013 let\u2019s face it, ladyboys would actually try to sound like a girl so they would speak in an octave higher than their normal tone. You can also be able to see if they have an Adam\u2019s Apple then that is most likely a ladyboy.<\/li>\n<li><strong>Mains<\/strong> \u2013 ladyboys\u2019 hands are actually bigger than a real woman. If you try to touch their hands, you will be able to feel that a real woman\u2019s hands have a silky feel. A ladyboy\u2019s hands might feel rough.<\/li>\n<li><strong>Comportement<\/strong> \u2013 ladyboys are not shy to do what they want to do \u2013 touch your dick! They seem to be more interested with sex and it seems that their priority is to get laid but getting paid is just a plus. They would speak out if they want to have dirty fun with you and they are not ashamed to declare it.<\/li>\n<\/ol>\n<p>De plus, les ladyboys cambodgiennes n'ont pas peur de vous dire ce qu'elles sont. Si vous n'\u00eates pas s\u00fbr, il vous suffit de demander et elles sont toujours honn\u00eates.<\/p>","protected":false},"excerpt":{"rendered":"<p>Some men are just risqu\u00e9 enough to not settle for the normal hook ups or dates. What it means is that while the thought of dating ladyboys make you cringe, there are still some who think of it as an exciting new adventure. If you&#8217;re looking to meet Cambo ladyboys or real khmer girls, check [&hellip;]<\/p>","protected":false},"author":2,"featured_media":7567,"parent":0,"menu_order":0,"comment_status":"open","ping_status":"open","template":"","meta":{"_exactmetrics_skip_tracking":false,"_exactmetrics_sitenote_active":false,"_exactmetrics_sitenote_note":"","_exactmetrics_sitenote_category":0,"footnotes":""},"categories":[329],"tags":[],"class_list":["post-7566","page","type-page","status-publish","has-post-thumbnail","hentry","category-laos-camboida-burma"],"yoast_head":"<!-- This site is optimized with the Yoast SEO plugin v20.1 - https:\/\/yoast.com\/wordpress\/plugins\/seo\/ -->\n<title>Where to find Cambodian Ladyboys - A Farang Abroad<\/title>\n<meta name=\"description\" content=\"Learn where to find Cambodian ladyboys, how to tell them from real girls and how to meet them in Cambodia.\" \/>\n<meta name=\"robots\" content=\"index, follow, max-snippet:-1, max-image-preview:large, max-video-preview:-1\" \/>\n<link rel=\"canonical\" href=\"https:\/\/afarangabroad.com\/fr\/ladyboys-cambodgiennes\/\" \/>\n<meta property=\"og:locale\" content=\"fr_FR\" \/>\n<meta property=\"og:type\" content=\"article\" \/>\n<meta property=\"og:title\" content=\"Where to find Cambodian Ladyboys - A Farang Abroad\" \/>\n<meta property=\"og:description\" content=\"Learn where to find Cambodian ladyboys, how to tell them from real girls and how to meet them in Cambodia.\" \/>\n<meta property=\"og:url\" content=\"https:\/\/afarangabroad.com\/fr\/ladyboys-cambodgiennes\/\" \/>\n<meta property=\"og:site_name\" content=\"A Farang Abroad\" \/>\n<meta property=\"article:modified_time\" content=\"2019-01-08T06:22:10+00:00\" \/>\n<meta property=\"og:image\" content=\"https:\/\/afarangabroad.com\/wp-content\/uploads\/2016\/08\/Cambodian-Ladyboys.jpg\" \/>\n\t<meta property=\"og:image:width\" content=\"159\" \/>\n\t<meta property=\"og:image:height\" content=\"240\" \/>\n\t<meta property=\"og:image:type\" content=\"image\/jpeg\" \/>\n<meta name=\"twitter:label1\" content=\"Dur\u00e9e de lecture estim\u00e9e\" \/>\n\t<meta name=\"twitter:data1\" content=\"8 minutes\" \/>\n<script type=\"application\/ld+json\" class=\"yoast-schema-graph\">{\"@context\":\"https:\/\/schema.org\",\"@graph\":[{\"@type\":\"WebPage\",\"@id\":\"https:\/\/afarangabroad.com\/cambodian-ladyboys\/\",\"url\":\"https:\/\/afarangabroad.com\/cambodian-ladyboys\/\",\"name\":\"Where to find Cambodian Ladyboys - A Farang Abroad\",\"isPartOf\":{\"@id\":\"https:\/\/afarangabroad.com\/#website\"},\"datePublished\":\"2016-08-08T16:33:34+00:00\",\"dateModified\":\"2019-01-08T06:22:10+00:00\",\"description\":\"Learn where to find Cambodian ladyboys, how to tell them from real girls and how to meet them in Cambodia.\",\"breadcrumb\":{\"@id\":\"https:\/\/afarangabroad.com\/cambodian-ladyboys\/#breadcrumb\"},\"inLanguage\":\"fr-FR\",\"potentialAction\":[{\"@type\":\"ReadAction\",\"target\":[\"https:\/\/afarangabroad.com\/cambodian-ladyboys\/\"]}]},{\"@type\":\"BreadcrumbList\",\"@id\":\"https:\/\/afarangabroad.com\/cambodian-ladyboys\/#breadcrumb\",\"itemListElement\":[{\"@type\":\"ListItem\",\"position\":1,\"name\":\"Home\",\"item\":\"https:\/\/afarangabroad.com\/\"},{\"@type\":\"ListItem\",\"position\":2,\"name\":\"Where to find Cambodian Ladyboys\"}]},{\"@type\":\"WebSite\",\"@id\":\"https:\/\/afarangabroad.com\/#website\",\"url\":\"https:\/\/afarangabroad.com\/\",\"name\":\"A Farang Abroad\",\"description\":\"Your secret guide to Asia&#039;s sexiest nightlife.\",\"potentialAction\":[{\"@type\":\"SearchAction\",\"target\":{\"@type\":\"EntryPoint\",\"urlTemplate\":\"https:\/\/afarangabroad.com\/?s={search_term_string}\"},\"query-input\":\"required name=search_term_string\"}],\"inLanguage\":\"fr-FR\"}]}<\/script>\n<!-- \/ Yoast SEO plugin. -->","yoast_head_json":{"title":"Where to find Cambodian Ladyboys - A Farang Abroad","description":"Learn where to find Cambodian ladyboys, how to tell them from real girls and how to meet them in Cambodia.","robots":{"index":"index","follow":"follow","max-snippet":"max-snippet:-1","max-image-preview":"max-image-preview:large","max-video-preview":"max-video-preview:-1"},"canonical":"https:\/\/afarangabroad.com\/fr\/ladyboys-cambodgiennes\/","og_locale":"fr_FR","og_type":"article","og_title":"Where to find Cambodian Ladyboys - A Farang Abroad","og_description":"Learn where to find Cambodian ladyboys, how to tell them from real girls and how to meet them in Cambodia.","og_url":"https:\/\/afarangabroad.com\/fr\/ladyboys-cambodgiennes\/","og_site_name":"A Farang Abroad","article_modified_time":"2019-01-08T06:22:10+00:00","og_image":[{"width":159,"height":240,"url":"https:\/\/afarangabroad.com\/wp-content\/uploads\/2016\/08\/Cambodian-Ladyboys.jpg","type":"image\/jpeg"}],"twitter_misc":{"Dur\u00e9e de lecture estim\u00e9e":"8 minutes"},"schema":{"@context":"https:\/\/schema.org","@graph":[{"@type":"WebPage","@id":"https:\/\/afarangabroad.com\/cambodian-ladyboys\/","url":"https:\/\/afarangabroad.com\/cambodian-ladyboys\/","name":"Where to find Cambodian Ladyboys - A Farang Abroad","isPartOf":{"@id":"https:\/\/afarangabroad.com\/#website"},"datePublished":"2016-08-08T16:33:34+00:00","dateModified":"2019-01-08T06:22:10+00:00","description":"Learn where to find Cambodian ladyboys, how to tell them from real girls and how to meet them in Cambodia.","breadcrumb":{"@id":"https:\/\/afarangabroad.com\/cambodian-ladyboys\/#breadcrumb"},"inLanguage":"fr-FR","potentialAction":[{"@type":"ReadAction","target":["https:\/\/afarangabroad.com\/cambodian-ladyboys\/"]}]},{"@type":"BreadcrumbList","@id":"https:\/\/afarangabroad.com\/cambodian-ladyboys\/#breadcrumb","itemListElement":[{"@type":"ListItem","position":1,"name":"Home","item":"https:\/\/afarangabroad.com\/"},{"@type":"ListItem","position":2,"name":"Where to find Cambodian Ladyboys"}]},{"@type":"WebSite","@id":"https:\/\/afarangabroad.com\/#website","url":"https:\/\/afarangabroad.com\/","name":"A Farang Abroad","description":"Your secret guide to Asia&#039;s sexiest nightlife.","potentialAction":[{"@type":"SearchAction","target":{"@type":"EntryPoint","urlTemplate":"https:\/\/afarangabroad.com\/?s={search_term_string}"},"query-input":"required name=search_term_string"}],"inLanguage":"fr-FR"}]}},"_links":{"self":[{"href":"https:\/\/afarangabroad.com\/fr\/wp-json\/wp\/v2\/pages\/7566"}],"collection":[{"href":"https:\/\/afarangabroad.com\/fr\/wp-json\/wp\/v2\/pages"}],"about":[{"href":"https:\/\/afarangabroad.com\/fr\/wp-json\/wp\/v2\/types\/page"}],"author":[{"embeddable":true,"href":"https:\/\/afarangabroad.com\/fr\/wp-json\/wp\/v2\/users\/2"}],"replies":[{"embeddable":true,"href":"https:\/\/afarangabroad.com\/fr\/wp-json\/wp\/v2\/comments?post=7566"}],"version-history":[{"count":0,"href":"https:\/\/afarangabroad.com\/fr\/wp-json\/wp\/v2\/pages\/7566\/revisions"}],"wp:featuredmedia":[{"embeddable":true,"href":"https:\/\/afarangabroad.com\/fr\/wp-json\/wp\/v2\/media\/7567"}],"wp:attachment":[{"href":"https:\/\/afarangabroad.com\/fr\/wp-json\/wp\/v2\/media?parent=7566"}],"wp:term":[{"taxonomy":"category","embeddable":true,"href":"https:\/\/afarangabroad.com\/fr\/wp-json\/wp\/v2\/categories?post=7566"},{"taxonomy":"post_tag","embeddable":true,"href":"https:\/\/afarangabroad.com\/fr\/wp-json\/wp\/v2\/tags?post=7566"}],"curies":[{"name":"wp","href":"https:\/\/api.w.org\/{rel}","templated":true}]}}