{"id":7774,"date":"2016-09-18T06:51:47","date_gmt":"2016-09-18T05:51:47","guid":{"rendered":"https:\/\/afarangabroad.com\/?page_id=7774"},"modified":"2019-01-06T06:37:32","modified_gmt":"2019-01-06T06:37:32","slug":"jakarta-hookers","status":"publish","type":"page","link":"https:\/\/afarangabroad.com\/fr\/jakarta-hookers\/","title":{"rendered":"Guide touristique des prostitu\u00e9es \u00e0 Jakarta"},"content":{"rendered":"<p>L'Indon\u00e9sie est en effet l'une des destinations les plus pris\u00e9es d'Asie, o\u00f9 l'on peut trouver de nombreuses attractions telles que des mus\u00e9es, des temples, des plages et bien d'autres choses encore, en particulier lorsque l'on se trouve dans la capitale de l'Indon\u00e9sie, Jakarta, qui offre une grande vari\u00e9t\u00e9 de divertissements pour les touristes comme pour les habitants.<\/p>\n<p><a href=\"https:\/\/afarangabroad.com\/fr\/cupidon-indonesien\/\" target=\"_blank\" rel=\"noopener\"><img loading=\"lazy\" decoding=\"async\" class=\"aligncenter wp-image-7574\" src=\"https:\/\/afarangabroad.com\/wp-content\/uploads\/2016\/08\/hot-Jakarta-girl-300x202.png\" alt=\"hot Jakarta girl\" width=\"424\" height=\"288\" \/><\/a>Si vous souhaitez rencontrer <a href=\"https:\/\/afarangabroad.com\/fr\/indonesian-women\/\">Filles indon\u00e9siennes<\/a> gratuitement , <a href=\"https:\/\/afarangabroad.com\/fr\/cupidon-indonesien\/\" target=\"_blank\" rel=\"noopener\">lire cet article<\/a>.<\/p>\n<p>Jakarta n'est pas seulement la capitale de l'Indon\u00e9sie, c'est aussi la plus grande ville du pays, ce qui vous permet de choisir parmi un large \u00e9ventail de divertissements. Si vous avez d\u00e9j\u00e0 visit\u00e9 plusieurs pays d'Asie et que vous avez pu profiter d'une vie nocturne agr\u00e9able, vous devez essayer Jakarta, qui offre \u00e9galement une vie nocturne agr\u00e9able aux touristes.<\/p>\n<p>If you are looking for hookers in Jakarta in an easy way, you can look for them through Jakarta\u2019s National Police Headquarters or near the Presidential Palace in where prostitutes in the city are numerous. Here is a short guide of mine on the top places in Jakarta in where you can experience and find Jakarta hookers and girls.<\/p>\n<h2><strong>Prostitu\u00e9es de rue \u00e0 Jakarta<\/strong><\/h2>\n<p>Usual girls in the city who offers such services on the streets are the freelancers who really don\u2019t have any agency to whom they are working with. You can actually find a lot of them from the streets of Jakarta; you just have to visit various streets in the city with numerous Jakarta hookers, slow down your vehicle in a bit and after a few minutes, a group of girls are going to approach you negotiating with the price.<\/p>\n<p>There are also some other Jakarta hookers who are too eager to taste a man from a different race which makes them give you sex services for free. Wherever you are in Asia, it isn\u2019t really avoidable when you find <a href=\"https:\/\/afarangabroad.com\/fr\/jakarta-girls\/\">filles \u00e0 Jakarta<\/a> attir\u00e9es par les \u00e9trangers, en particulier les hommes occidentaux avec lesquels elles sont pr\u00eates \u00e0 se donner pour une aventure d'un soir.<\/p>\n<h2><strong>Quartiers chauds<\/strong><\/h2>\n<p>Si vous vous promenez dans la ville de Jakarta, vous trouverez des endroits o\u00f9 les travailleurs du sexe et les prostitu\u00e9es sont pr\u00e9sents dans les bars et les clubs. Je pr\u00e9sente ici trois zones principales de Jakarta o\u00f9 les prostitu\u00e9es de Jakarta sont nombreuses.<\/p>\n<ol>\n<li>Cipinang<\/li>\n<\/ol>\n<p>Depuis 1993, le quartier est connu et fr\u00e9quent\u00e9 pour ses prostitu\u00e9es, en particulier dans la station de Jatinegara o\u00f9 l'on peut trouver des prostitu\u00e9es f\u00e9minines et transgenres \u00e0 Jakarta. Les prostitu\u00e9es de Cipinang demandent Rp. 50,000 et vous pouvez d\u00e9j\u00e0 avoir une relation sexuelle d\u00e9cente et de courte dur\u00e9e dans les petites tentes r\u00e9parties le long des voies ferr\u00e9es de la gare de Jatinegara.<br \/>\n<iframe loading=\"lazy\" style=\"border: 0;\" src=\"https:\/\/www.google.com\/maps\/embed?pb=!1m18!1m12!1m3!1d7932.8424589163515!2d106.88680752161451!3d-6.208039366071223!2m3!1f0!2f0!3f0!3m2!1i1024!2i768!4f13.1!3m3!1m2!1s0x2e69f4a251fade63%3A0xc15c936763b2198e!2sCipinang%2C+Pulo+Gadung%2C+East+Jakarta+City%2C+Special+Capital+Region+of+Jakarta%2C+Indonesia!5e0!3m2!1sen!2sph!4v1474117747183\" width=\"400\" height=\"300\" frameborder=\"0\" allowfullscreen=\"allowfullscreen\"><\/iframe><\/p>\n<ol start=\"2\">\n<li>Kalijodo<\/li>\n<\/ol>\n<p>Ce quartier est probablement le plus ancien site de prostitution de Jakarta, qui existe depuis le 18e si\u00e8cle.<sup>th<\/sup> si\u00e8cle. Le lieu se trouve \u00e0 la fronti\u00e8re entre le nord et l'ouest de Jakarta, ce qui permet aux touristes de le visiter plus facilement, o\u00f9 qu'ils se trouvent dans la ville.<\/p>\n<ol start=\"3\">\n<li>Bongkaran<\/li>\n<\/ol>\n<p>Si vous cherchez un endroit \u00e0 Jakarta o\u00f9 vous pouvez choisir parmi de nombreuses prostitu\u00e9es, vous devriez vous rendre \u00e0 Bongkaran. Il s'agit \u00e9galement d'un quartier chaud bien connu de la ville. <a href=\"https:\/\/www.facebook.com\/pages\/Central-Jakarta\/109407169078419?fref=ts\" target=\"_blank\" rel=\"noopener\">Centre de Jakarta<\/a> o\u00f9 vous pouvez trouver un grand nombre de prostitu\u00e9es de Jakarta, soit environ 700 filles parmi lesquelles vous pouvez choisir.<\/p>\n<ol start=\"4\">\n<li>Blok M<\/li>\n<\/ol>\n<p>You might also wanted to check out Blok M which is also a great place in the city in where you can find Jakarta hookers that you should definitely experience before living the city. What\u2019s good with Blok M is they do offer services in a cheaper price which is very practical for expats with a particularr budget.<br \/>\n<iframe loading=\"lazy\" style=\"border: 0;\" src=\"https:\/\/www.google.com\/maps\/embed?pb=!1m18!1m12!1m3!1d253840.65292788768!2d106.68942854252106!3d-6.229386746611622!2m3!1f0!2f0!3f0!3m2!1i1024!2i768!4f13.1!3m3!1m2!1s0x2e69f3e945e34b9d%3A0x5371bf0fdad786a2!2sJakarta%2C+Special+Capital+Region+of+Jakarta%2C+Indonesia!5e0!3m2!1sen!2sph!4v1474117672127\" width=\"400\" height=\"300\" frameborder=\"0\" allowfullscreen=\"allowfullscreen\"><\/iframe><\/p>","protected":false},"excerpt":{"rendered":"<p>Indonesia is indeed one of the top destinations in Asia in where you can find various attractions from their museums, temples, beaches and many more especially when you are in the capital city of Indonesia which Jakarta which does offers a great variety of entertainment for both tourists and locals. If you want to meet [&hellip;]<\/p>","protected":false},"author":2,"featured_media":7574,"parent":0,"menu_order":0,"comment_status":"open","ping_status":"closed","template":"","meta":{"_exactmetrics_skip_tracking":false,"_exactmetrics_sitenote_active":false,"_exactmetrics_sitenote_note":"","_exactmetrics_sitenote_category":0,"footnotes":""},"categories":[318],"tags":[],"class_list":["post-7774","page","type-page","status-publish","has-post-thumbnail","hentry","category-indonesia"],"yoast_head":"<!-- This site is optimized with the Yoast SEO plugin v20.1 - https:\/\/yoast.com\/wordpress\/plugins\/seo\/ -->\n<title>Tourist Guide to Hookers in Jakarta - A Farang Abroad<\/title>\n<meta name=\"description\" content=\"Are you looking for Jakarta hookers? In this article I&#039;ll show you where to find hookers in Jakarta with map locations of venues nearby.\" \/>\n<meta name=\"robots\" content=\"index, follow, max-snippet:-1, max-image-preview:large, max-video-preview:-1\" \/>\n<link rel=\"canonical\" href=\"https:\/\/afarangabroad.com\/fr\/jakarta-hookers\/\" \/>\n<meta property=\"og:locale\" content=\"fr_FR\" \/>\n<meta property=\"og:type\" content=\"article\" \/>\n<meta property=\"og:title\" content=\"Tourist Guide to Hookers in Jakarta - A Farang Abroad\" \/>\n<meta property=\"og:description\" content=\"Are you looking for Jakarta hookers? In this article I&#039;ll show you where to find hookers in Jakarta with map locations of venues nearby.\" \/>\n<meta property=\"og:url\" content=\"https:\/\/afarangabroad.com\/fr\/jakarta-hookers\/\" \/>\n<meta property=\"og:site_name\" content=\"A Farang Abroad\" \/>\n<meta property=\"article:modified_time\" content=\"2019-01-06T06:37:32+00:00\" \/>\n<meta property=\"og:image\" content=\"https:\/\/afarangabroad.com\/wp-content\/uploads\/2016\/08\/hot-Jakarta-girl.png\" \/>\n\t<meta property=\"og:image:width\" content=\"1038\" \/>\n\t<meta property=\"og:image:height\" content=\"700\" \/>\n\t<meta property=\"og:image:type\" content=\"image\/png\" \/>\n<meta name=\"twitter:label1\" content=\"Dur\u00e9e de lecture estim\u00e9e\" \/>\n\t<meta name=\"twitter:data1\" content=\"8 minutes\" \/>\n<script type=\"application\/ld+json\" class=\"yoast-schema-graph\">{\"@context\":\"https:\/\/schema.org\",\"@graph\":[{\"@type\":\"WebPage\",\"@id\":\"https:\/\/afarangabroad.com\/jakarta-hookers\/\",\"url\":\"https:\/\/afarangabroad.com\/jakarta-hookers\/\",\"name\":\"Tourist Guide to Hookers in Jakarta - A Farang Abroad\",\"isPartOf\":{\"@id\":\"https:\/\/afarangabroad.com\/#website\"},\"datePublished\":\"2016-09-18T05:51:47+00:00\",\"dateModified\":\"2019-01-06T06:37:32+00:00\",\"description\":\"Are you looking for Jakarta hookers? In this article I'll show you where to find hookers in Jakarta with map locations of venues nearby.\",\"breadcrumb\":{\"@id\":\"https:\/\/afarangabroad.com\/jakarta-hookers\/#breadcrumb\"},\"inLanguage\":\"fr-FR\",\"potentialAction\":[{\"@type\":\"ReadAction\",\"target\":[\"https:\/\/afarangabroad.com\/jakarta-hookers\/\"]}]},{\"@type\":\"BreadcrumbList\",\"@id\":\"https:\/\/afarangabroad.com\/jakarta-hookers\/#breadcrumb\",\"itemListElement\":[{\"@type\":\"ListItem\",\"position\":1,\"name\":\"Home\",\"item\":\"https:\/\/afarangabroad.com\/\"},{\"@type\":\"ListItem\",\"position\":2,\"name\":\"Tourist Guide to Hookers in Jakarta\"}]},{\"@type\":\"WebSite\",\"@id\":\"https:\/\/afarangabroad.com\/#website\",\"url\":\"https:\/\/afarangabroad.com\/\",\"name\":\"A Farang Abroad\",\"description\":\"Your secret guide to Asia&#039;s sexiest nightlife.\",\"potentialAction\":[{\"@type\":\"SearchAction\",\"target\":{\"@type\":\"EntryPoint\",\"urlTemplate\":\"https:\/\/afarangabroad.com\/?s={search_term_string}\"},\"query-input\":\"required name=search_term_string\"}],\"inLanguage\":\"fr-FR\"}]}<\/script>\n<!-- \/ Yoast SEO plugin. -->","yoast_head_json":{"title":"Tourist Guide to Hookers in Jakarta - A Farang Abroad","description":"Are you looking for Jakarta hookers? In this article I'll show you where to find hookers in Jakarta with map locations of venues nearby.","robots":{"index":"index","follow":"follow","max-snippet":"max-snippet:-1","max-image-preview":"max-image-preview:large","max-video-preview":"max-video-preview:-1"},"canonical":"https:\/\/afarangabroad.com\/fr\/jakarta-hookers\/","og_locale":"fr_FR","og_type":"article","og_title":"Tourist Guide to Hookers in Jakarta - A Farang Abroad","og_description":"Are you looking for Jakarta hookers? In this article I'll show you where to find hookers in Jakarta with map locations of venues nearby.","og_url":"https:\/\/afarangabroad.com\/fr\/jakarta-hookers\/","og_site_name":"A Farang Abroad","article_modified_time":"2019-01-06T06:37:32+00:00","og_image":[{"width":1038,"height":700,"url":"https:\/\/afarangabroad.com\/wp-content\/uploads\/2016\/08\/hot-Jakarta-girl.png","type":"image\/png"}],"twitter_misc":{"Dur\u00e9e de lecture estim\u00e9e":"8 minutes"},"schema":{"@context":"https:\/\/schema.org","@graph":[{"@type":"WebPage","@id":"https:\/\/afarangabroad.com\/jakarta-hookers\/","url":"https:\/\/afarangabroad.com\/jakarta-hookers\/","name":"Tourist Guide to Hookers in Jakarta - A Farang Abroad","isPartOf":{"@id":"https:\/\/afarangabroad.com\/#website"},"datePublished":"2016-09-18T05:51:47+00:00","dateModified":"2019-01-06T06:37:32+00:00","description":"Are you looking for Jakarta hookers? In this article I'll show you where to find hookers in Jakarta with map locations of venues nearby.","breadcrumb":{"@id":"https:\/\/afarangabroad.com\/jakarta-hookers\/#breadcrumb"},"inLanguage":"fr-FR","potentialAction":[{"@type":"ReadAction","target":["https:\/\/afarangabroad.com\/jakarta-hookers\/"]}]},{"@type":"BreadcrumbList","@id":"https:\/\/afarangabroad.com\/jakarta-hookers\/#breadcrumb","itemListElement":[{"@type":"ListItem","position":1,"name":"Home","item":"https:\/\/afarangabroad.com\/"},{"@type":"ListItem","position":2,"name":"Tourist Guide to Hookers in Jakarta"}]},{"@type":"WebSite","@id":"https:\/\/afarangabroad.com\/#website","url":"https:\/\/afarangabroad.com\/","name":"A Farang Abroad","description":"Your secret guide to Asia&#039;s sexiest nightlife.","potentialAction":[{"@type":"SearchAction","target":{"@type":"EntryPoint","urlTemplate":"https:\/\/afarangabroad.com\/?s={search_term_string}"},"query-input":"required name=search_term_string"}],"inLanguage":"fr-FR"}]}},"_links":{"self":[{"href":"https:\/\/afarangabroad.com\/fr\/wp-json\/wp\/v2\/pages\/7774"}],"collection":[{"href":"https:\/\/afarangabroad.com\/fr\/wp-json\/wp\/v2\/pages"}],"about":[{"href":"https:\/\/afarangabroad.com\/fr\/wp-json\/wp\/v2\/types\/page"}],"author":[{"embeddable":true,"href":"https:\/\/afarangabroad.com\/fr\/wp-json\/wp\/v2\/users\/2"}],"replies":[{"embeddable":true,"href":"https:\/\/afarangabroad.com\/fr\/wp-json\/wp\/v2\/comments?post=7774"}],"version-history":[{"count":0,"href":"https:\/\/afarangabroad.com\/fr\/wp-json\/wp\/v2\/pages\/7774\/revisions"}],"wp:featuredmedia":[{"embeddable":true,"href":"https:\/\/afarangabroad.com\/fr\/wp-json\/wp\/v2\/media\/7574"}],"wp:attachment":[{"href":"https:\/\/afarangabroad.com\/fr\/wp-json\/wp\/v2\/media?parent=7774"}],"wp:term":[{"taxonomy":"category","embeddable":true,"href":"https:\/\/afarangabroad.com\/fr\/wp-json\/wp\/v2\/categories?post=7774"},{"taxonomy":"post_tag","embeddable":true,"href":"https:\/\/afarangabroad.com\/fr\/wp-json\/wp\/v2\/tags?post=7774"}],"curies":[{"name":"wp","href":"https:\/\/api.w.org\/{rel}","templated":true}]}}