{"id":7780,"date":"2016-09-18T07:01:00","date_gmt":"2016-09-18T06:01:00","guid":{"rendered":"https:\/\/afarangabroad.com\/?page_id=7780"},"modified":"2019-05-31T09:07:23","modified_gmt":"2019-05-31T08:07:23","slug":"udon-thani-nightlife-guide","status":"publish","type":"page","link":"https:\/\/afarangabroad.com\/fr\/guide-de-la-vie-nocturne-a-udon-thani\/","title":{"rendered":"Guide de la vie nocturne \u00e0 Udon Thani"},"content":{"rendered":"<p>Dans cet article, apprenez o\u00f9 faire la f\u00eate dans la vie nocturne d'Udon Thani.<\/p>\n<p>As the country\u2019s tourism is now at its pick, every region of the Thailand was also able to adopt with the demands and one of those is Udon Thani.<\/p>\n<p><a href=\"https:\/\/afarangabroad.com\/fr\/thai-friendly-dating\/\" target=\"_blank\" rel=\"noopener noreferrer\"><img loading=\"lazy\" decoding=\"async\" class=\"aligncenter wp-image-7403\" src=\"https:\/\/afarangabroad.com\/wp-content\/uploads\/2016\/07\/Meet-Thai-girls1-1024x691-min-300x202.jpg\" alt=\"Meet-Thai-girls\" width=\"358\" height=\"244\" \/><\/a>Si vous voulez vous envoyer en l'air gratuitement \u00e0 Udon Thani, <a href=\"https:\/\/afarangabroad.com\/fr\/thai-friendly-dating\/\" target=\"_blank\" rel=\"noopener noreferrer\">lire cet article<\/a>.<\/p>\n<p>Udon Thani may not be that famous compared to other cities and provinces in the country such as Bangkok and Pattaya but once you try Udon Thani, you would surely have fun too with their tourist spots such as the city\u2019s <a href=\"https:\/\/www.facebook.com\/pages\/Central-Plaza-Udon-Thani-Thailand\/596393313719791?fref=ts\" target=\"_blank\" rel=\"noopener noreferrer\">Central Plaza<\/a>Le parc aquatique Playport, les temples et les mus\u00e9es et, bien s\u00fbr, la vie nocturne.<\/p>\n<p>En vous promenant dans la ville d'Udon Thani, vous trouverez un grand nombre de bars et de clubs dans la r\u00e9gion, avec des sc\u00e8nes et des styles diff\u00e9rents, et si vous \u00eates \u00e0 Udon Thani pour chercher de bonnes choses, vous pouvez vous rendre dans les bars de la ville. <a href=\"https:\/\/afarangabroad.com\/fr\/filles-en-udon-thani\/\">Les filles d'Udon Thani<\/a> alors, vous devez envisager de visiter ces bars et clubs en premier.<\/p>\n<h2><strong>Bars \u00e0 Udon Thani<\/strong><\/h2>\n<ul>\n<li style=\"list-style-type: none;\">\n<ul>\n<li style=\"list-style-type: none;\">\n<ul>\n<li style=\"list-style-type: none;\">\n<ul>\n<li><a href=\"https:\/\/www.facebook.com\/Sisters-Bar-109742125775907\/?fref=ts\" target=\"_blank\" rel=\"noopener noreferrer\">Sister\u2019s Bar<\/a><\/li>\n<\/ul>\n<\/li>\n<\/ul>\n<\/li>\n<\/ul>\n<\/li>\n<\/ul>\n<p>Found at Prajaksilapakom Road of Udon Thani nightlife with a great music choice. As people loves to visit the place, you can always come to Sister\u2019s bar whenever you wanted to socialize and meet new faces.<\/p>\n<p>Related : apprendre o\u00f9 trouver <a href=\"https:\/\/afarangabroad.com\/fr\/happy-massages-bangkok\/\">massages sexuels \u00e0 Bangkok<\/a> et le <a href=\"https:\/\/afarangabroad.com\/fr\/le-site-web-de-lassociation-de-leau-de-mer\/\">Les meilleurs bars \u00e0 pipes de Pattaya<\/a>.<\/p>\n<p>If you are the person who loves to party and dance all night long, then Sister\u2019s bar is a must visit for you.<\/p>\n<ul>\n<li>Mr Tong\u2019s Bar<\/li>\n<\/ul>\n<p>This bar can be found just a minute away from Sister\u2019s bar in where you can discover a great Udon Thani nightlife experience. Mr Tong\u2019s drinks may be a bit pricey compared to other bars here in Udon Thani but its vogue-ness attracts people to visit the place.<\/p>\n<p>Le bar est rempli d'une foule mixte de Tha\u00eflandais et d'\u00e9trangers, ce qui permet d'avoir une plus grande vari\u00e9t\u00e9 de femmes.<\/p>\n<ul>\n<li>Jour et nuit<\/li>\n<\/ul>\n<p>Il s'agit en fait d'un complexe de plusieurs bars \u00e0 Udon Thani, situ\u00e9 juste derri\u00e8re le Central Plaza, qui compte une vingtaine de grands bars.<\/p>","protected":false},"excerpt":{"rendered":"<p>In this article learn where to party in Udon Thani nightlife. As the country\u2019s tourism is now at its pick, every region of the Thailand was also able to adopt with the demands and one of those is Udon Thani. If you want to get laid for free in Udon Thani, check out this article. [&hellip;]<\/p>","protected":false},"author":2,"featured_media":7770,"parent":0,"menu_order":0,"comment_status":"open","ping_status":"closed","template":"","meta":{"_exactmetrics_skip_tracking":false,"_exactmetrics_sitenote_active":false,"_exactmetrics_sitenote_note":"","_exactmetrics_sitenote_category":0,"footnotes":""},"categories":[298],"tags":[],"class_list":["post-7780","page","type-page","status-publish","has-post-thumbnail","hentry","category-bangkok-nightlife"],"yoast_head":"<!-- This site is optimized with the Yoast SEO plugin v20.1 - https:\/\/yoast.com\/wordpress\/plugins\/seo\/ -->\n<title>Udon Thani Nightlife Guide - A Farang Abroad<\/title>\n<meta name=\"description\" content=\"Read my Udon Thani Nightlife Guide. In this blog you&#039;ll find out where the best bars and clubs are to meet local Udon Thani girls.\" \/>\n<meta name=\"robots\" content=\"index, follow, max-snippet:-1, max-image-preview:large, max-video-preview:-1\" \/>\n<link rel=\"canonical\" href=\"https:\/\/afarangabroad.com\/fr\/guide-de-la-vie-nocturne-a-udon-thani\/\" \/>\n<meta property=\"og:locale\" content=\"fr_FR\" \/>\n<meta property=\"og:type\" content=\"article\" \/>\n<meta property=\"og:title\" content=\"Udon Thani Nightlife Guide - A Farang Abroad\" \/>\n<meta property=\"og:description\" content=\"Read my Udon Thani Nightlife Guide. In this blog you&#039;ll find out where the best bars and clubs are to meet local Udon Thani girls.\" \/>\n<meta property=\"og:url\" content=\"https:\/\/afarangabroad.com\/fr\/guide-de-la-vie-nocturne-a-udon-thani\/\" \/>\n<meta property=\"og:site_name\" content=\"A Farang Abroad\" \/>\n<meta property=\"article:modified_time\" content=\"2019-05-31T08:07:23+00:00\" \/>\n<meta property=\"og:image\" content=\"https:\/\/afarangabroad.com\/wp-content\/uploads\/2016\/09\/5977861748_7f62749581_m.jpg\" \/>\n\t<meta property=\"og:image:width\" content=\"240\" \/>\n\t<meta property=\"og:image:height\" content=\"159\" \/>\n\t<meta property=\"og:image:type\" content=\"image\/jpeg\" \/>\n<meta name=\"twitter:label1\" content=\"Dur\u00e9e de lecture estim\u00e9e\" \/>\n\t<meta name=\"twitter:data1\" content=\"10 minutes\" \/>\n<script type=\"application\/ld+json\" class=\"yoast-schema-graph\">{\"@context\":\"https:\/\/schema.org\",\"@graph\":[{\"@type\":\"WebPage\",\"@id\":\"https:\/\/afarangabroad.com\/udon-thani-nightlife-guide\/\",\"url\":\"https:\/\/afarangabroad.com\/udon-thani-nightlife-guide\/\",\"name\":\"Udon Thani Nightlife Guide - A Farang Abroad\",\"isPartOf\":{\"@id\":\"https:\/\/afarangabroad.com\/#website\"},\"datePublished\":\"2016-09-18T06:01:00+00:00\",\"dateModified\":\"2019-05-31T08:07:23+00:00\",\"description\":\"Read my Udon Thani Nightlife Guide. In this blog you'll find out where the best bars and clubs are to meet local Udon Thani girls.\",\"breadcrumb\":{\"@id\":\"https:\/\/afarangabroad.com\/udon-thani-nightlife-guide\/#breadcrumb\"},\"inLanguage\":\"fr-FR\",\"potentialAction\":[{\"@type\":\"ReadAction\",\"target\":[\"https:\/\/afarangabroad.com\/udon-thani-nightlife-guide\/\"]}]},{\"@type\":\"BreadcrumbList\",\"@id\":\"https:\/\/afarangabroad.com\/udon-thani-nightlife-guide\/#breadcrumb\",\"itemListElement\":[{\"@type\":\"ListItem\",\"position\":1,\"name\":\"Home\",\"item\":\"https:\/\/afarangabroad.com\/\"},{\"@type\":\"ListItem\",\"position\":2,\"name\":\"Udon Thani Nightlife Guide\"}]},{\"@type\":\"WebSite\",\"@id\":\"https:\/\/afarangabroad.com\/#website\",\"url\":\"https:\/\/afarangabroad.com\/\",\"name\":\"A Farang Abroad\",\"description\":\"Your secret guide to Asia&#039;s sexiest nightlife.\",\"potentialAction\":[{\"@type\":\"SearchAction\",\"target\":{\"@type\":\"EntryPoint\",\"urlTemplate\":\"https:\/\/afarangabroad.com\/?s={search_term_string}\"},\"query-input\":\"required name=search_term_string\"}],\"inLanguage\":\"fr-FR\"}]}<\/script>\n<!-- \/ Yoast SEO plugin. -->","yoast_head_json":{"title":"Udon Thani Nightlife Guide - A Farang Abroad","description":"Read my Udon Thani Nightlife Guide. In this blog you'll find out where the best bars and clubs are to meet local Udon Thani girls.","robots":{"index":"index","follow":"follow","max-snippet":"max-snippet:-1","max-image-preview":"max-image-preview:large","max-video-preview":"max-video-preview:-1"},"canonical":"https:\/\/afarangabroad.com\/fr\/guide-de-la-vie-nocturne-a-udon-thani\/","og_locale":"fr_FR","og_type":"article","og_title":"Udon Thani Nightlife Guide - A Farang Abroad","og_description":"Read my Udon Thani Nightlife Guide. In this blog you'll find out where the best bars and clubs are to meet local Udon Thani girls.","og_url":"https:\/\/afarangabroad.com\/fr\/guide-de-la-vie-nocturne-a-udon-thani\/","og_site_name":"A Farang Abroad","article_modified_time":"2019-05-31T08:07:23+00:00","og_image":[{"width":240,"height":159,"url":"https:\/\/afarangabroad.com\/wp-content\/uploads\/2016\/09\/5977861748_7f62749581_m.jpg","type":"image\/jpeg"}],"twitter_misc":{"Dur\u00e9e de lecture estim\u00e9e":"10 minutes"},"schema":{"@context":"https:\/\/schema.org","@graph":[{"@type":"WebPage","@id":"https:\/\/afarangabroad.com\/udon-thani-nightlife-guide\/","url":"https:\/\/afarangabroad.com\/udon-thani-nightlife-guide\/","name":"Udon Thani Nightlife Guide - A Farang Abroad","isPartOf":{"@id":"https:\/\/afarangabroad.com\/#website"},"datePublished":"2016-09-18T06:01:00+00:00","dateModified":"2019-05-31T08:07:23+00:00","description":"Read my Udon Thani Nightlife Guide. In this blog you'll find out where the best bars and clubs are to meet local Udon Thani girls.","breadcrumb":{"@id":"https:\/\/afarangabroad.com\/udon-thani-nightlife-guide\/#breadcrumb"},"inLanguage":"fr-FR","potentialAction":[{"@type":"ReadAction","target":["https:\/\/afarangabroad.com\/udon-thani-nightlife-guide\/"]}]},{"@type":"BreadcrumbList","@id":"https:\/\/afarangabroad.com\/udon-thani-nightlife-guide\/#breadcrumb","itemListElement":[{"@type":"ListItem","position":1,"name":"Home","item":"https:\/\/afarangabroad.com\/"},{"@type":"ListItem","position":2,"name":"Udon Thani Nightlife Guide"}]},{"@type":"WebSite","@id":"https:\/\/afarangabroad.com\/#website","url":"https:\/\/afarangabroad.com\/","name":"A Farang Abroad","description":"Your secret guide to Asia&#039;s sexiest nightlife.","potentialAction":[{"@type":"SearchAction","target":{"@type":"EntryPoint","urlTemplate":"https:\/\/afarangabroad.com\/?s={search_term_string}"},"query-input":"required name=search_term_string"}],"inLanguage":"fr-FR"}]}},"_links":{"self":[{"href":"https:\/\/afarangabroad.com\/fr\/wp-json\/wp\/v2\/pages\/7780"}],"collection":[{"href":"https:\/\/afarangabroad.com\/fr\/wp-json\/wp\/v2\/pages"}],"about":[{"href":"https:\/\/afarangabroad.com\/fr\/wp-json\/wp\/v2\/types\/page"}],"author":[{"embeddable":true,"href":"https:\/\/afarangabroad.com\/fr\/wp-json\/wp\/v2\/users\/2"}],"replies":[{"embeddable":true,"href":"https:\/\/afarangabroad.com\/fr\/wp-json\/wp\/v2\/comments?post=7780"}],"version-history":[{"count":0,"href":"https:\/\/afarangabroad.com\/fr\/wp-json\/wp\/v2\/pages\/7780\/revisions"}],"wp:featuredmedia":[{"embeddable":true,"href":"https:\/\/afarangabroad.com\/fr\/wp-json\/wp\/v2\/media\/7770"}],"wp:attachment":[{"href":"https:\/\/afarangabroad.com\/fr\/wp-json\/wp\/v2\/media?parent=7780"}],"wp:term":[{"taxonomy":"category","embeddable":true,"href":"https:\/\/afarangabroad.com\/fr\/wp-json\/wp\/v2\/categories?post=7780"},{"taxonomy":"post_tag","embeddable":true,"href":"https:\/\/afarangabroad.com\/fr\/wp-json\/wp\/v2\/tags?post=7780"}],"curies":[{"name":"wp","href":"https:\/\/api.w.org\/{rel}","templated":true}]}}