{"id":8116,"date":"2017-02-05T07:46:50","date_gmt":"2017-02-05T07:46:50","guid":{"rendered":"https:\/\/afarangabroad.com\/?p=8116"},"modified":"2019-01-09T05:24:51","modified_gmt":"2019-01-09T05:24:51","slug":"philippines-hookers","status":"publish","type":"page","link":"https:\/\/afarangabroad.com\/fr\/putes-philippines\/","title":{"rendered":"Comment trouver des prostitu\u00e9es aux Philippines"},"content":{"rendered":"<p>Are you coming to the\u00a0Philippines? In this guide you&#8217;ll find where to find\u00a0Philippines hookers in Manila.<\/p>\n<p>For the past few decades, Asia has been a big place for prostitution and as you go over the reviews for this continent it looks like prostitution is the people\u2019s way of living to uplift themselves from poverty and any needs and that includes the country of Philippines.<\/p>\n<p><a href=\" \" target=\"_blank\" rel=\"noopener\"><img loading=\"lazy\" decoding=\"async\" class=\"aligncenter size-large wp-image-7300\" src=\"https:\/\/afarangabroad.com\/wp-content\/uploads\/2016\/06\/MEET-HOT1-1024x691.png\" alt=\"Filipino girls\" width=\"600\" height=\"405\" srcset=\"https:\/\/afarangabroad.com\/wp-content\/uploads\/2016\/06\/MEET-HOT1-1024x691.png 1024w, https:\/\/afarangabroad.com\/wp-content\/uploads\/2016\/06\/MEET-HOT1-300x202.png 300w, https:\/\/afarangabroad.com\/wp-content\/uploads\/2016\/06\/MEET-HOT1-720x486.png 720w, https:\/\/afarangabroad.com\/wp-content\/uploads\/2016\/06\/MEET-HOT1.png 1038w\" sizes=\"(max-width: 600px) 100vw, 600px\" \/><\/a>Si vous voulez rencontrer des filles chaudes gratuitement, <a href=\" \" target=\"_blank\" rel=\"noopener\">consultez cet article<\/a>.<\/p>\n<p>Les Philippines ont montr\u00e9 aux touristes un grand nombre d'attractions touristiques, telles que leurs plages, leur rivi\u00e8re souterraine, leurs vieilles \u00e9glises, leurs mus\u00e9es et bien d'autres encore, mais outre ces lieux, le pays est \u00e9galement connu pour ses Philippines (femmes philippines) qui se vendent pour de l'argent. Les Philippines sont en effet s\u00e9duisantes et elles sont \u00e9galement tr\u00e8s gentilles et hospitali\u00e8res.<\/p>\n<p>Alors, o\u00f9 pouvons-nous trouver ces femmes ou devrions-nous les appeler des prostitu\u00e9es philippines ? Vous pouvez trouver ces prostitu\u00e9es philippines dans les salons de massage, les bars et les clubs, les sites de rencontre en ligne et bien d'autres encore.<\/p>\n<h2><strong>Salons de massage<\/strong><\/h2>\n<p>I guess this one is a common way to find sex \u00a0when in the countries of Asia and same thing goes in the Philippines. There are actually a lot of sex parlours in the country and although not all of them offer extra services, you can still find a lot of them as you stroll along the busy streets of the Philippines and so far, these three are the top massage parlours for me:<\/p>\n<p>Consultez mon guide sur les meilleurs <a href=\"https:\/\/afarangabroad.com\/fr\/happy-ending-massage-manila\/\">massages sexuels \u00e0 Manille<\/a>\u00a0et le <a href=\"https:\/\/afarangabroad.com\/fr\/massages-ortigas-pasay\/\">Les meilleurs massages \u00e0 domicile \u00e0 Pasay City<\/a>.<\/p>\n<h2><strong><a href=\"https:\/\/www.facebook.com\/pages\/Sylvanus\/109253975912038?fref=ts\" target=\"_blankrek\">Sylvanus<\/a><\/strong><\/h2>\n<p>The massage parlour is located inside Pegasus Gentleman\u2019s Club just right in Quezon Avenue and compared to some other massage parlours in the Philippines Sylvanus do offers a much cheaper price and you can already have a room while having a very relaxing massage and of course sex afterwards.<\/p>\n<p><em>Vous pouvez en savoir plus en lisant mes guides sur\u00a0<a href=\"https:\/\/afarangabroad.com\/fr\/sexe-a-manille\/\" target=\"_blank\" rel=\"noopener\">sexe \u00e0 Manille <\/a>here\u00a0and the best <a href=\"https:\/\/afarangabroad.com\/fr\/manila-go-go-bars\/\">\u00a0bars \u00e0 Manille<\/a>.<\/em><\/p>\n<p>Rooms in Sylvanus prices 950 for a deluxe room but let me warn you that this one doesn\u2019t have a private comfort or shower room which means that you have to use the public shower room although you can surely choose their presidential deluxe room with a price of 1500pesos and with this one you already have your own shower room.<\/p>\n<h2><strong>Vol 168<\/strong><\/h2>\n<p>Le salon de massage Flight 168 est situ\u00e9 \u00e0 proximit\u00e9 de l'a\u00e9roport international de Manille, ce qui vous donne envie de vous y arr\u00eater apr\u00e8s un vol fatigant pour vous faire masser. Le salon de massage est op\u00e9rationnel depuis quelques d\u00e9cennies d\u00e9j\u00e0 et la direction a r\u00e9ussi \u00e0 \u00e9tablir une tr\u00e8s bonne activit\u00e9.<\/p>","protected":false},"excerpt":{"rendered":"<p>Are you coming to the\u00a0Philippines? In this guide you&#8217;ll find where to find\u00a0Philippines hookers in Manila. For the past few decades, Asia has been a big place for prostitution and as you go over the reviews for this continent it looks like prostitution is the people\u2019s way of living to uplift themselves from poverty and [&hellip;]<\/p>","protected":false},"author":2,"featured_media":8125,"parent":0,"menu_order":0,"comment_status":"open","ping_status":"open","template":"","meta":{"_exactmetrics_skip_tracking":false,"_exactmetrics_sitenote_active":false,"_exactmetrics_sitenote_note":"","_exactmetrics_sitenote_category":0,"footnotes":""},"categories":[325],"tags":[],"class_list":["post-8116","page","type-page","status-publish","has-post-thumbnail","hentry","category-filipino-dating"],"yoast_head":"<!-- This site is optimized with the Yoast SEO plugin v20.1 - https:\/\/yoast.com\/wordpress\/plugins\/seo\/ -->\n<title>How to Find Philippines Hookers - A Farang Abroad<\/title>\n<meta name=\"description\" content=\"Find out where to find Philippines Hookers in Manila. In this guide I list the best sex clubs and go go bars in Manila for Philippines Hookers.\" \/>\n<meta name=\"robots\" content=\"index, follow, max-snippet:-1, max-image-preview:large, max-video-preview:-1\" \/>\n<link rel=\"canonical\" href=\"https:\/\/afarangabroad.com\/fr\/putes-philippines\/\" \/>\n<meta property=\"og:locale\" content=\"fr_FR\" \/>\n<meta property=\"og:type\" content=\"article\" \/>\n<meta property=\"og:title\" content=\"How to Find Philippines Hookers - A Farang Abroad\" \/>\n<meta property=\"og:description\" content=\"Find out where to find Philippines Hookers in Manila. In this guide I list the best sex clubs and go go bars in Manila for Philippines Hookers.\" \/>\n<meta property=\"og:url\" content=\"https:\/\/afarangabroad.com\/fr\/putes-philippines\/\" \/>\n<meta property=\"og:site_name\" content=\"A Farang Abroad\" \/>\n<meta property=\"article:modified_time\" content=\"2019-01-09T05:24:51+00:00\" \/>\n<meta property=\"og:image\" content=\"https:\/\/afarangabroad.com\/wp-content\/uploads\/2017\/02\/barfine-in-asia.jpg\" \/>\n\t<meta property=\"og:image:width\" content=\"768\" \/>\n\t<meta property=\"og:image:height\" content=\"1024\" \/>\n\t<meta property=\"og:image:type\" content=\"image\/jpeg\" \/>\n<meta name=\"twitter:label1\" content=\"Dur\u00e9e de lecture estim\u00e9e\" \/>\n\t<meta name=\"twitter:data1\" content=\"8 minutes\" \/>\n<script type=\"application\/ld+json\" class=\"yoast-schema-graph\">{\"@context\":\"https:\/\/schema.org\",\"@graph\":[{\"@type\":\"WebPage\",\"@id\":\"https:\/\/afarangabroad.com\/philippines-hookers\/\",\"url\":\"https:\/\/afarangabroad.com\/philippines-hookers\/\",\"name\":\"How to Find Philippines Hookers - A Farang Abroad\",\"isPartOf\":{\"@id\":\"https:\/\/afarangabroad.com\/#website\"},\"datePublished\":\"2017-02-05T07:46:50+00:00\",\"dateModified\":\"2019-01-09T05:24:51+00:00\",\"description\":\"Find out where to find Philippines Hookers in Manila. In this guide I list the best sex clubs and go go bars in Manila for Philippines Hookers.\",\"breadcrumb\":{\"@id\":\"https:\/\/afarangabroad.com\/philippines-hookers\/#breadcrumb\"},\"inLanguage\":\"fr-FR\",\"potentialAction\":[{\"@type\":\"ReadAction\",\"target\":[\"https:\/\/afarangabroad.com\/philippines-hookers\/\"]}]},{\"@type\":\"BreadcrumbList\",\"@id\":\"https:\/\/afarangabroad.com\/philippines-hookers\/#breadcrumb\",\"itemListElement\":[{\"@type\":\"ListItem\",\"position\":1,\"name\":\"Home\",\"item\":\"https:\/\/afarangabroad.com\/\"},{\"@type\":\"ListItem\",\"position\":2,\"name\":\"How to Find Philippines Hookers\"}]},{\"@type\":\"WebSite\",\"@id\":\"https:\/\/afarangabroad.com\/#website\",\"url\":\"https:\/\/afarangabroad.com\/\",\"name\":\"A Farang Abroad\",\"description\":\"Your secret guide to Asia&#039;s sexiest nightlife.\",\"potentialAction\":[{\"@type\":\"SearchAction\",\"target\":{\"@type\":\"EntryPoint\",\"urlTemplate\":\"https:\/\/afarangabroad.com\/?s={search_term_string}\"},\"query-input\":\"required name=search_term_string\"}],\"inLanguage\":\"fr-FR\"}]}<\/script>\n<!-- \/ Yoast SEO plugin. -->","yoast_head_json":{"title":"How to Find Philippines Hookers - A Farang Abroad","description":"Find out where to find Philippines Hookers in Manila. In this guide I list the best sex clubs and go go bars in Manila for Philippines Hookers.","robots":{"index":"index","follow":"follow","max-snippet":"max-snippet:-1","max-image-preview":"max-image-preview:large","max-video-preview":"max-video-preview:-1"},"canonical":"https:\/\/afarangabroad.com\/fr\/putes-philippines\/","og_locale":"fr_FR","og_type":"article","og_title":"How to Find Philippines Hookers - A Farang Abroad","og_description":"Find out where to find Philippines Hookers in Manila. In this guide I list the best sex clubs and go go bars in Manila for Philippines Hookers.","og_url":"https:\/\/afarangabroad.com\/fr\/putes-philippines\/","og_site_name":"A Farang Abroad","article_modified_time":"2019-01-09T05:24:51+00:00","og_image":[{"width":768,"height":1024,"url":"https:\/\/afarangabroad.com\/wp-content\/uploads\/2017\/02\/barfine-in-asia.jpg","type":"image\/jpeg"}],"twitter_misc":{"Dur\u00e9e de lecture estim\u00e9e":"8 minutes"},"schema":{"@context":"https:\/\/schema.org","@graph":[{"@type":"WebPage","@id":"https:\/\/afarangabroad.com\/philippines-hookers\/","url":"https:\/\/afarangabroad.com\/philippines-hookers\/","name":"How to Find Philippines Hookers - A Farang Abroad","isPartOf":{"@id":"https:\/\/afarangabroad.com\/#website"},"datePublished":"2017-02-05T07:46:50+00:00","dateModified":"2019-01-09T05:24:51+00:00","description":"Find out where to find Philippines Hookers in Manila. In this guide I list the best sex clubs and go go bars in Manila for Philippines Hookers.","breadcrumb":{"@id":"https:\/\/afarangabroad.com\/philippines-hookers\/#breadcrumb"},"inLanguage":"fr-FR","potentialAction":[{"@type":"ReadAction","target":["https:\/\/afarangabroad.com\/philippines-hookers\/"]}]},{"@type":"BreadcrumbList","@id":"https:\/\/afarangabroad.com\/philippines-hookers\/#breadcrumb","itemListElement":[{"@type":"ListItem","position":1,"name":"Home","item":"https:\/\/afarangabroad.com\/"},{"@type":"ListItem","position":2,"name":"How to Find Philippines Hookers"}]},{"@type":"WebSite","@id":"https:\/\/afarangabroad.com\/#website","url":"https:\/\/afarangabroad.com\/","name":"A Farang Abroad","description":"Your secret guide to Asia&#039;s sexiest nightlife.","potentialAction":[{"@type":"SearchAction","target":{"@type":"EntryPoint","urlTemplate":"https:\/\/afarangabroad.com\/?s={search_term_string}"},"query-input":"required name=search_term_string"}],"inLanguage":"fr-FR"}]}},"_links":{"self":[{"href":"https:\/\/afarangabroad.com\/fr\/wp-json\/wp\/v2\/pages\/8116"}],"collection":[{"href":"https:\/\/afarangabroad.com\/fr\/wp-json\/wp\/v2\/pages"}],"about":[{"href":"https:\/\/afarangabroad.com\/fr\/wp-json\/wp\/v2\/types\/page"}],"author":[{"embeddable":true,"href":"https:\/\/afarangabroad.com\/fr\/wp-json\/wp\/v2\/users\/2"}],"replies":[{"embeddable":true,"href":"https:\/\/afarangabroad.com\/fr\/wp-json\/wp\/v2\/comments?post=8116"}],"version-history":[{"count":0,"href":"https:\/\/afarangabroad.com\/fr\/wp-json\/wp\/v2\/pages\/8116\/revisions"}],"wp:featuredmedia":[{"embeddable":true,"href":"https:\/\/afarangabroad.com\/fr\/wp-json\/wp\/v2\/media\/8125"}],"wp:attachment":[{"href":"https:\/\/afarangabroad.com\/fr\/wp-json\/wp\/v2\/media?parent=8116"}],"wp:term":[{"taxonomy":"category","embeddable":true,"href":"https:\/\/afarangabroad.com\/fr\/wp-json\/wp\/v2\/categories?post=8116"},{"taxonomy":"post_tag","embeddable":true,"href":"https:\/\/afarangabroad.com\/fr\/wp-json\/wp\/v2\/tags?post=8116"}],"curies":[{"name":"wp","href":"https:\/\/api.w.org\/{rel}","templated":true}]}}