{"id":8156,"date":"2017-02-16T08:49:05","date_gmt":"2017-02-16T08:49:05","guid":{"rendered":"https:\/\/afarangabroad.com\/?p=8156"},"modified":"2019-01-09T05:07:22","modified_gmt":"2019-01-09T05:07:22","slug":"manila-ladyboys","status":"publish","type":"page","link":"https:\/\/afarangabroad.com\/fr\/manila-ladyboys\/","title":{"rendered":"O\u00f9 trouver des Ladyboys \u00e0 Manille"},"content":{"rendered":"<p>Vous cherchez des ladyboys \u00e0 Manille ? Dans cet article, je vous montre comment faire.<\/p>\n<p>The Philippines is indeed a much known country for its hospitality and kindness which every tourist do loves from the country aside from its tourist\u2019s attractions and physical beauty.<\/p>\n<p>En ce qui concerne la beaut\u00e9, vous pourrez peut-\u00eatre rencontrer des ladyboys aux Philippines, qui sont certainement l'une des plus belles que vous puissiez rencontrer.<\/p>\n<p><a href=\" \" target=\"_blank\" rel=\"noopener\"><img loading=\"lazy\" decoding=\"async\" class=\"aligncenter size-large wp-image-7300\" src=\"https:\/\/afarangabroad.com\/wp-content\/uploads\/2016\/06\/MEET-HOT1-1024x691.png\" alt=\"Filipino girls\" width=\"600\" height=\"405\" srcset=\"https:\/\/afarangabroad.com\/wp-content\/uploads\/2016\/06\/MEET-HOT1-1024x691.png 1024w, https:\/\/afarangabroad.com\/wp-content\/uploads\/2016\/06\/MEET-HOT1-300x202.png 300w, https:\/\/afarangabroad.com\/wp-content\/uploads\/2016\/06\/MEET-HOT1-720x486.png 720w, https:\/\/afarangabroad.com\/wp-content\/uploads\/2016\/06\/MEET-HOT1.png 1038w\" sizes=\"(max-width: 600px) 100vw, 600px\" \/><\/a><\/p>\n<p>Si vous voulez vous envoyer en l'air gratuitement \u00e0 Manille avec des ladyboys, <a href=\" \" target=\"_blank\" rel=\"noopener\">consulter cet article<\/a>.<\/p>\n<p>La plupart des hommes peuvent ne pas \u00eatre attir\u00e9s par ces ladyboys, mais d\u00e8s que vous ferez la connaissance d'une des ladyboys de Manille, vous les aimerez certainement.<\/p>\n<p>Comme j'ai pu en rencontrer quelques-unes, je peux vous assurer qu'elles sont tr\u00e8s gentilles et accommodantes. Si vous voyagez aux Philippines ou \u00e0 Manille en particulier, vous pouvez absolument emmener une ladyboy \u00e0 Manille avec vous pour vous aider \u00e0 faire le tour de la ville.<\/p>\n<p>Manila ladyboys tends to be sweeter compared to Filipino women and what you\u2019ll surely love about them is there humour which would definitely make your stay in the country more fun and amusing. They are also very attractive thus a lot of foreigners get to fell in love with them.<\/p>\n<p>If you are wondering on how you can find a ladyboy in Manila, here are actually some places in the city that you should pay a visit and finally find the ladyboy you\u2019ve been looking for:<\/p>\n<h2><strong>Exklusiv<\/strong><\/h2>\n<p>La bo\u00eete de nuit se trouve \u00e0 Malate, Manille, et c'est actuellement le meilleur endroit de la ville pour trouver une ladyboy \u00e0 Manille. Ce qui est bien avec cette bo\u00eete de nuit, c'est qu'elle ferme tr\u00e8s tard, donc vous pouvez visiter l'endroit apr\u00e8s que le bar avec lequel vous passez la nuit ait d\u00e9j\u00e0 ferm\u00e9.<\/p>\n<p><em>En rapport<\/em>: <a href=\"https:\/\/afarangabroad.com\/fr\/makati-nightlife\/\" target=\"_blank\" rel=\"noopener\">Guide de la vie nocturne \u00e0 Makati<\/a> et o\u00f9 se rencontrer <a href=\" \">Filles de bar philippines<\/a>.<\/p>","protected":false},"excerpt":{"rendered":"<p>Looking to find ladyboys in Manila? In this article I show you how. The Philippines is indeed a much known country for its hospitality and kindness which every tourist do loves from the country aside from its tourist\u2019s attractions and physical beauty. Speaking of beauty, you might be able to encounter some ladyboys in the [&hellip;]<\/p>","protected":false},"author":2,"featured_media":8172,"parent":0,"menu_order":0,"comment_status":"open","ping_status":"open","template":"","meta":{"_exactmetrics_skip_tracking":false,"_exactmetrics_sitenote_active":false,"_exactmetrics_sitenote_note":"","_exactmetrics_sitenote_category":0,"footnotes":""},"categories":[325],"tags":[],"class_list":["post-8156","page","type-page","status-publish","has-post-thumbnail","hentry","category-filipino-dating"],"yoast_head":"<!-- This site is optimized with the Yoast SEO plugin v20.1 - https:\/\/yoast.com\/wordpress\/plugins\/seo\/ -->\n<title>Where to Find Manila Ladyboys - A Farang Abroad<\/title>\n<meta name=\"description\" content=\"Find out where to find Manila ladyboys and real girls. In this article I discuss ladyboy friendly clubs in Manila and bars in the metro area.\" \/>\n<meta name=\"robots\" content=\"index, follow, max-snippet:-1, max-image-preview:large, max-video-preview:-1\" \/>\n<link rel=\"canonical\" href=\"https:\/\/afarangabroad.com\/fr\/manila-ladyboys\/\" \/>\n<meta property=\"og:locale\" content=\"fr_FR\" \/>\n<meta property=\"og:type\" content=\"article\" \/>\n<meta property=\"og:title\" content=\"Where to Find Manila Ladyboys - A Farang Abroad\" \/>\n<meta property=\"og:description\" content=\"Find out where to find Manila ladyboys and real girls. In this article I discuss ladyboy friendly clubs in Manila and bars in the metro area.\" \/>\n<meta property=\"og:url\" content=\"https:\/\/afarangabroad.com\/fr\/manila-ladyboys\/\" \/>\n<meta property=\"og:site_name\" content=\"A Farang Abroad\" \/>\n<meta property=\"article:modified_time\" content=\"2019-01-09T05:07:22+00:00\" \/>\n<meta property=\"og:image\" content=\"https:\/\/afarangabroad.com\/wp-content\/uploads\/2017\/02\/manila-ladyboys.jpg\" \/>\n\t<meta property=\"og:image:width\" content=\"600\" \/>\n\t<meta property=\"og:image:height\" content=\"800\" \/>\n\t<meta property=\"og:image:type\" content=\"image\/jpeg\" \/>\n<meta name=\"twitter:label1\" content=\"Dur\u00e9e de lecture estim\u00e9e\" \/>\n\t<meta name=\"twitter:data1\" content=\"8 minutes\" \/>\n<script type=\"application\/ld+json\" class=\"yoast-schema-graph\">{\"@context\":\"https:\/\/schema.org\",\"@graph\":[{\"@type\":\"WebPage\",\"@id\":\"https:\/\/afarangabroad.com\/manila-ladyboys\/\",\"url\":\"https:\/\/afarangabroad.com\/manila-ladyboys\/\",\"name\":\"Where to Find Manila Ladyboys - A Farang Abroad\",\"isPartOf\":{\"@id\":\"https:\/\/afarangabroad.com\/#website\"},\"datePublished\":\"2017-02-16T08:49:05+00:00\",\"dateModified\":\"2019-01-09T05:07:22+00:00\",\"description\":\"Find out where to find Manila ladyboys and real girls. In this article I discuss ladyboy friendly clubs in Manila and bars in the metro area.\",\"breadcrumb\":{\"@id\":\"https:\/\/afarangabroad.com\/manila-ladyboys\/#breadcrumb\"},\"inLanguage\":\"fr-FR\",\"potentialAction\":[{\"@type\":\"ReadAction\",\"target\":[\"https:\/\/afarangabroad.com\/manila-ladyboys\/\"]}]},{\"@type\":\"BreadcrumbList\",\"@id\":\"https:\/\/afarangabroad.com\/manila-ladyboys\/#breadcrumb\",\"itemListElement\":[{\"@type\":\"ListItem\",\"position\":1,\"name\":\"Home\",\"item\":\"https:\/\/afarangabroad.com\/\"},{\"@type\":\"ListItem\",\"position\":2,\"name\":\"Where to Find Manila Ladyboys\"}]},{\"@type\":\"WebSite\",\"@id\":\"https:\/\/afarangabroad.com\/#website\",\"url\":\"https:\/\/afarangabroad.com\/\",\"name\":\"A Farang Abroad\",\"description\":\"Your secret guide to Asia&#039;s sexiest nightlife.\",\"potentialAction\":[{\"@type\":\"SearchAction\",\"target\":{\"@type\":\"EntryPoint\",\"urlTemplate\":\"https:\/\/afarangabroad.com\/?s={search_term_string}\"},\"query-input\":\"required name=search_term_string\"}],\"inLanguage\":\"fr-FR\"}]}<\/script>\n<!-- \/ Yoast SEO plugin. -->","yoast_head_json":{"title":"Where to Find Manila Ladyboys - A Farang Abroad","description":"Find out where to find Manila ladyboys and real girls. In this article I discuss ladyboy friendly clubs in Manila and bars in the metro area.","robots":{"index":"index","follow":"follow","max-snippet":"max-snippet:-1","max-image-preview":"max-image-preview:large","max-video-preview":"max-video-preview:-1"},"canonical":"https:\/\/afarangabroad.com\/fr\/manila-ladyboys\/","og_locale":"fr_FR","og_type":"article","og_title":"Where to Find Manila Ladyboys - A Farang Abroad","og_description":"Find out where to find Manila ladyboys and real girls. In this article I discuss ladyboy friendly clubs in Manila and bars in the metro area.","og_url":"https:\/\/afarangabroad.com\/fr\/manila-ladyboys\/","og_site_name":"A Farang Abroad","article_modified_time":"2019-01-09T05:07:22+00:00","og_image":[{"width":600,"height":800,"url":"https:\/\/afarangabroad.com\/wp-content\/uploads\/2017\/02\/manila-ladyboys.jpg","type":"image\/jpeg"}],"twitter_misc":{"Dur\u00e9e de lecture estim\u00e9e":"8 minutes"},"schema":{"@context":"https:\/\/schema.org","@graph":[{"@type":"WebPage","@id":"https:\/\/afarangabroad.com\/manila-ladyboys\/","url":"https:\/\/afarangabroad.com\/manila-ladyboys\/","name":"Where to Find Manila Ladyboys - A Farang Abroad","isPartOf":{"@id":"https:\/\/afarangabroad.com\/#website"},"datePublished":"2017-02-16T08:49:05+00:00","dateModified":"2019-01-09T05:07:22+00:00","description":"Find out where to find Manila ladyboys and real girls. In this article I discuss ladyboy friendly clubs in Manila and bars in the metro area.","breadcrumb":{"@id":"https:\/\/afarangabroad.com\/manila-ladyboys\/#breadcrumb"},"inLanguage":"fr-FR","potentialAction":[{"@type":"ReadAction","target":["https:\/\/afarangabroad.com\/manila-ladyboys\/"]}]},{"@type":"BreadcrumbList","@id":"https:\/\/afarangabroad.com\/manila-ladyboys\/#breadcrumb","itemListElement":[{"@type":"ListItem","position":1,"name":"Home","item":"https:\/\/afarangabroad.com\/"},{"@type":"ListItem","position":2,"name":"Where to Find Manila Ladyboys"}]},{"@type":"WebSite","@id":"https:\/\/afarangabroad.com\/#website","url":"https:\/\/afarangabroad.com\/","name":"A Farang Abroad","description":"Your secret guide to Asia&#039;s sexiest nightlife.","potentialAction":[{"@type":"SearchAction","target":{"@type":"EntryPoint","urlTemplate":"https:\/\/afarangabroad.com\/?s={search_term_string}"},"query-input":"required name=search_term_string"}],"inLanguage":"fr-FR"}]}},"_links":{"self":[{"href":"https:\/\/afarangabroad.com\/fr\/wp-json\/wp\/v2\/pages\/8156"}],"collection":[{"href":"https:\/\/afarangabroad.com\/fr\/wp-json\/wp\/v2\/pages"}],"about":[{"href":"https:\/\/afarangabroad.com\/fr\/wp-json\/wp\/v2\/types\/page"}],"author":[{"embeddable":true,"href":"https:\/\/afarangabroad.com\/fr\/wp-json\/wp\/v2\/users\/2"}],"replies":[{"embeddable":true,"href":"https:\/\/afarangabroad.com\/fr\/wp-json\/wp\/v2\/comments?post=8156"}],"version-history":[{"count":0,"href":"https:\/\/afarangabroad.com\/fr\/wp-json\/wp\/v2\/pages\/8156\/revisions"}],"wp:featuredmedia":[{"embeddable":true,"href":"https:\/\/afarangabroad.com\/fr\/wp-json\/wp\/v2\/media\/8172"}],"wp:attachment":[{"href":"https:\/\/afarangabroad.com\/fr\/wp-json\/wp\/v2\/media?parent=8156"}],"wp:term":[{"taxonomy":"category","embeddable":true,"href":"https:\/\/afarangabroad.com\/fr\/wp-json\/wp\/v2\/categories?post=8156"},{"taxonomy":"post_tag","embeddable":true,"href":"https:\/\/afarangabroad.com\/fr\/wp-json\/wp\/v2\/tags?post=8156"}],"curies":[{"name":"wp","href":"https:\/\/api.w.org\/{rel}","templated":true}]}}