{"id":8192,"date":"2017-02-21T05:07:25","date_gmt":"2017-02-21T05:07:25","guid":{"rendered":"https:\/\/afarangabroad.com\/?p=8192"},"modified":"2019-05-19T07:23:18","modified_gmt":"2019-05-19T06:23:18","slug":"hua-hin-nightlife","status":"publish","type":"page","link":"https:\/\/afarangabroad.com\/fr\/vie-nocturne-a-hua-hin\/","title":{"rendered":"Guide de la vie nocturne \u00e0 Hua Hin - Meilleurs endroits pour rencontrer des filles"},"content":{"rendered":"<p>Hua Hin which is one of the districts you can found in Parachuap Khiri Khan Province of Thailand\u2019s Malay Peninsula and as you go over this beach resort town, you will surely be amazed with everything that the place can offer their tourists.<\/p>\n<p>Si vous souhaitez rencontrer <a href=\" \" target=\"_blank\" rel=\"noopener noreferrer\">Les filles de Hua Hin<\/a> gratuitement, <a href=\"https:\/\/afarangabroad.com\/fr\/thai-cupid-dating-site\/\" target=\"_blank\" rel=\"noopener noreferrer\">lire cet article<\/a>.<\/p>\n<p><a href=\"https:\/\/afarangabroad.com\/fr\/thai-cupid-dating-site\/\" target=\"_blank\" rel=\"noopener noreferrer\"><img loading=\"lazy\" decoding=\"async\" class=\"aligncenter size-large wp-image-7403\" src=\"https:\/\/afarangabroad.com\/wp-content\/uploads\/2016\/07\/Meet-Thai-girls1-1024x691-min-1024x691.jpg\" alt=\"\" width=\"600\" height=\"405\" srcset=\"https:\/\/afarangabroad.com\/wp-content\/uploads\/2016\/07\/Meet-Thai-girls1-1024x691-min.jpg 1024w, https:\/\/afarangabroad.com\/wp-content\/uploads\/2016\/07\/Meet-Thai-girls1-1024x691-min-300x202.jpg 300w, https:\/\/afarangabroad.com\/wp-content\/uploads\/2016\/07\/Meet-Thai-girls1-1024x691-min-768x518.jpg 768w, https:\/\/afarangabroad.com\/wp-content\/uploads\/2016\/07\/Meet-Thai-girls1-1024x691-min-660x445.jpg 660w\" sizes=\"(max-width: 600px) 100vw, 600px\" \/><\/a><\/p>\n<p>Hua Hin a ses plages de sable blanc qui font que tout le monde va et vient dans l'endroit et, en raison de l'augmentation du nombre de touristes visitant cette station baln\u00e9aire, ils ont \u00e9galement \u00e9t\u00e9 en mesure de cr\u00e9er une bonne sc\u00e8ne de vie nocturne Hua Hin qui s'est \u00e9galement d\u00e9velopp\u00e9e au cours des derni\u00e8res ann\u00e9es.<\/p>\n<p>If you&#8217;re looking for better beaches and hotter girls, then I would skip Hua Hin and go right to Phuket, you can read my guides on:<\/p>\n<ul>\n<li>Le meilleur <a href=\"https:\/\/afarangabroad.com\/fr\/massage-sexuel-phuket\/\">massages sexuels \u00e0 Phuket<\/a><\/li>\n<li>O\u00f9 se rencontrer <a href=\"https:\/\/afarangabroad.com\/fr\/filles-de-phuket\/\">filles normales \u00e0 Phuket<\/a><\/li>\n<li>Le co\u00fbt de la <a href=\"https:\/\/afarangabroad.com\/fr\/freelancers-phuket\/\">free-lances \u00e0 Phuket<\/a><\/li>\n<\/ul>\n<p>Cette station baln\u00e9aire n'est peut-\u00eatre pas tr\u00e8s grande par rapport \u00e0 d'autres endroits du pays, mais on y trouve tout de m\u00eame un certain nombre de bars, de bo\u00eetes de nuit et de salons de massage.<\/p>\n<p>Voici les cat\u00e9gories de divertissements de la vie nocturne de Hua Hin et les endroits o\u00f9 vous pouvez les trouver :<\/p>\n<h2 style=\"text-align: center;\"><strong><u><b>Bars \u00e0 Hua Hin guide des bars<\/b><\/u><\/strong><\/h2>\n<p>Vous trouverez \u00e9galement de nombreux bars \u00e0 Hua Hin o\u00f9 vous et vos amis pourrez certainement passer un bon moment en regardant la magnifique vue du coucher de soleil avec un verre de bi\u00e8re ou un cocktail \u00e0 la main.<\/p>\n<h2><strong><b>Bar McFarland<\/b><\/strong><\/h2>\n<p>Le McFarland Bar se trouve \u00e0 l'h\u00f4tel Hyatt Regency et l'endroit est devenu tr\u00e8s populaire, non seulement parmi les locaux, mais aussi parmi tous les \u00e9trangers. Ce qui rend l'endroit unique et magnifique, c'est qu'il est situ\u00e9 dans un pavillon tha\u00eflandais restaur\u00e9, construit dans les ann\u00e9es 1920.<\/p>\n<p>Related : apprendre o\u00f9 rencontrer des filles en <a href=\"https:\/\/afarangabroad.com\/fr\/hat-yai-nightlife\/\">Vie nocturne \u00e0 Hat Ya<\/a> et pourquoi vous ne devriez pas utiliser <a href=\"https:\/\/afarangabroad.com\/fr\/tinder-thailande\/\">Tinder en Tha\u00eflande<\/a>.<\/p>\n<p>They also have their cocktails and local beers that are both perfect for those who are with their colleagues and if you wanted to have a relaxing night, you can also enjoy the panoramic view of the beach while having a bit air from te refreshing sea breeze; isn\u2019t that very relaxing and soothing?<\/p>","protected":false},"excerpt":{"rendered":"<p>Hua Hin which is one of the districts you can found in Parachuap Khiri Khan Province of Thailand\u2019s Malay Peninsula and as you go over this beach resort town, you will surely be amazed with everything that the place can offer their tourists. If you want to meet Hua Hin girls for free, check out [&hellip;]<\/p>","protected":false},"author":2,"featured_media":8195,"parent":0,"menu_order":0,"comment_status":"open","ping_status":"closed","template":"","meta":{"_exactmetrics_skip_tracking":false,"_exactmetrics_sitenote_active":false,"_exactmetrics_sitenote_note":"","_exactmetrics_sitenote_category":0,"footnotes":""},"categories":[323],"tags":[],"class_list":["post-8192","page","type-page","status-publish","has-post-thumbnail","hentry","category-thailand-girls"],"yoast_head":"<!-- This site is optimized with the Yoast SEO plugin v20.1 - https:\/\/yoast.com\/wordpress\/plugins\/seo\/ -->\n<title>Hua Hin Nightlife Guide - Best Places to Meet Girls - A Farang Abroad<\/title>\n<meta name=\"description\" content=\"Learn the best clubs to visit in m Hua Hin nightlife guide. In this post I talk about the best bars and clubs to meet girls in Hua Hin.\" \/>\n<meta name=\"robots\" content=\"index, follow, max-snippet:-1, max-image-preview:large, max-video-preview:-1\" \/>\n<link rel=\"canonical\" href=\"https:\/\/afarangabroad.com\/fr\/vie-nocturne-a-hua-hin\/\" \/>\n<meta property=\"og:locale\" content=\"fr_FR\" \/>\n<meta property=\"og:type\" content=\"article\" \/>\n<meta property=\"og:title\" content=\"Hua Hin Nightlife Guide - Best Places to Meet Girls - A Farang Abroad\" \/>\n<meta property=\"og:description\" content=\"Learn the best clubs to visit in m Hua Hin nightlife guide. In this post I talk about the best bars and clubs to meet girls in Hua Hin.\" \/>\n<meta property=\"og:url\" content=\"https:\/\/afarangabroad.com\/fr\/vie-nocturne-a-hua-hin\/\" \/>\n<meta property=\"og:site_name\" content=\"A Farang Abroad\" \/>\n<meta property=\"article:modified_time\" content=\"2019-05-19T06:23:18+00:00\" \/>\n<meta property=\"og:image\" content=\"https:\/\/afarangabroad.com\/wp-content\/uploads\/2017\/02\/Hua-hin-nightlife.jpg\" \/>\n\t<meta property=\"og:image:width\" content=\"717\" \/>\n\t<meta property=\"og:image:height\" content=\"960\" \/>\n\t<meta property=\"og:image:type\" content=\"image\/jpeg\" \/>\n<meta name=\"twitter:label1\" content=\"Dur\u00e9e de lecture estim\u00e9e\" \/>\n\t<meta name=\"twitter:data1\" content=\"9 minutes\" \/>\n<script type=\"application\/ld+json\" class=\"yoast-schema-graph\">{\"@context\":\"https:\/\/schema.org\",\"@graph\":[{\"@type\":\"WebPage\",\"@id\":\"https:\/\/afarangabroad.com\/hua-hin-nightlife\/\",\"url\":\"https:\/\/afarangabroad.com\/hua-hin-nightlife\/\",\"name\":\"Hua Hin Nightlife Guide - Best Places to Meet Girls - A Farang Abroad\",\"isPartOf\":{\"@id\":\"https:\/\/afarangabroad.com\/#website\"},\"datePublished\":\"2017-02-21T05:07:25+00:00\",\"dateModified\":\"2019-05-19T06:23:18+00:00\",\"description\":\"Learn the best clubs to visit in m Hua Hin nightlife guide. In this post I talk about the best bars and clubs to meet girls in Hua Hin.\",\"breadcrumb\":{\"@id\":\"https:\/\/afarangabroad.com\/hua-hin-nightlife\/#breadcrumb\"},\"inLanguage\":\"fr-FR\",\"potentialAction\":[{\"@type\":\"ReadAction\",\"target\":[\"https:\/\/afarangabroad.com\/hua-hin-nightlife\/\"]}]},{\"@type\":\"BreadcrumbList\",\"@id\":\"https:\/\/afarangabroad.com\/hua-hin-nightlife\/#breadcrumb\",\"itemListElement\":[{\"@type\":\"ListItem\",\"position\":1,\"name\":\"Home\",\"item\":\"https:\/\/afarangabroad.com\/\"},{\"@type\":\"ListItem\",\"position\":2,\"name\":\"Hua Hin Nightlife Guide &#8211; Best Places to Meet Girls\"}]},{\"@type\":\"WebSite\",\"@id\":\"https:\/\/afarangabroad.com\/#website\",\"url\":\"https:\/\/afarangabroad.com\/\",\"name\":\"A Farang Abroad\",\"description\":\"Your secret guide to Asia&#039;s sexiest nightlife.\",\"potentialAction\":[{\"@type\":\"SearchAction\",\"target\":{\"@type\":\"EntryPoint\",\"urlTemplate\":\"https:\/\/afarangabroad.com\/?s={search_term_string}\"},\"query-input\":\"required name=search_term_string\"}],\"inLanguage\":\"fr-FR\"}]}<\/script>\n<!-- \/ Yoast SEO plugin. -->","yoast_head_json":{"title":"Hua Hin Nightlife Guide - Best Places to Meet Girls - A Farang Abroad","description":"Learn the best clubs to visit in m Hua Hin nightlife guide. In this post I talk about the best bars and clubs to meet girls in Hua Hin.","robots":{"index":"index","follow":"follow","max-snippet":"max-snippet:-1","max-image-preview":"max-image-preview:large","max-video-preview":"max-video-preview:-1"},"canonical":"https:\/\/afarangabroad.com\/fr\/vie-nocturne-a-hua-hin\/","og_locale":"fr_FR","og_type":"article","og_title":"Hua Hin Nightlife Guide - Best Places to Meet Girls - A Farang Abroad","og_description":"Learn the best clubs to visit in m Hua Hin nightlife guide. In this post I talk about the best bars and clubs to meet girls in Hua Hin.","og_url":"https:\/\/afarangabroad.com\/fr\/vie-nocturne-a-hua-hin\/","og_site_name":"A Farang Abroad","article_modified_time":"2019-05-19T06:23:18+00:00","og_image":[{"width":717,"height":960,"url":"https:\/\/afarangabroad.com\/wp-content\/uploads\/2017\/02\/Hua-hin-nightlife.jpg","type":"image\/jpeg"}],"twitter_misc":{"Dur\u00e9e de lecture estim\u00e9e":"9 minutes"},"schema":{"@context":"https:\/\/schema.org","@graph":[{"@type":"WebPage","@id":"https:\/\/afarangabroad.com\/hua-hin-nightlife\/","url":"https:\/\/afarangabroad.com\/hua-hin-nightlife\/","name":"Hua Hin Nightlife Guide - Best Places to Meet Girls - A Farang Abroad","isPartOf":{"@id":"https:\/\/afarangabroad.com\/#website"},"datePublished":"2017-02-21T05:07:25+00:00","dateModified":"2019-05-19T06:23:18+00:00","description":"Learn the best clubs to visit in m Hua Hin nightlife guide. In this post I talk about the best bars and clubs to meet girls in Hua Hin.","breadcrumb":{"@id":"https:\/\/afarangabroad.com\/hua-hin-nightlife\/#breadcrumb"},"inLanguage":"fr-FR","potentialAction":[{"@type":"ReadAction","target":["https:\/\/afarangabroad.com\/hua-hin-nightlife\/"]}]},{"@type":"BreadcrumbList","@id":"https:\/\/afarangabroad.com\/hua-hin-nightlife\/#breadcrumb","itemListElement":[{"@type":"ListItem","position":1,"name":"Home","item":"https:\/\/afarangabroad.com\/"},{"@type":"ListItem","position":2,"name":"Hua Hin Nightlife Guide &#8211; Best Places to Meet Girls"}]},{"@type":"WebSite","@id":"https:\/\/afarangabroad.com\/#website","url":"https:\/\/afarangabroad.com\/","name":"A Farang Abroad","description":"Your secret guide to Asia&#039;s sexiest nightlife.","potentialAction":[{"@type":"SearchAction","target":{"@type":"EntryPoint","urlTemplate":"https:\/\/afarangabroad.com\/?s={search_term_string}"},"query-input":"required name=search_term_string"}],"inLanguage":"fr-FR"}]}},"_links":{"self":[{"href":"https:\/\/afarangabroad.com\/fr\/wp-json\/wp\/v2\/pages\/8192"}],"collection":[{"href":"https:\/\/afarangabroad.com\/fr\/wp-json\/wp\/v2\/pages"}],"about":[{"href":"https:\/\/afarangabroad.com\/fr\/wp-json\/wp\/v2\/types\/page"}],"author":[{"embeddable":true,"href":"https:\/\/afarangabroad.com\/fr\/wp-json\/wp\/v2\/users\/2"}],"replies":[{"embeddable":true,"href":"https:\/\/afarangabroad.com\/fr\/wp-json\/wp\/v2\/comments?post=8192"}],"version-history":[{"count":0,"href":"https:\/\/afarangabroad.com\/fr\/wp-json\/wp\/v2\/pages\/8192\/revisions"}],"wp:featuredmedia":[{"embeddable":true,"href":"https:\/\/afarangabroad.com\/fr\/wp-json\/wp\/v2\/media\/8195"}],"wp:attachment":[{"href":"https:\/\/afarangabroad.com\/fr\/wp-json\/wp\/v2\/media?parent=8192"}],"wp:term":[{"taxonomy":"category","embeddable":true,"href":"https:\/\/afarangabroad.com\/fr\/wp-json\/wp\/v2\/categories?post=8192"},{"taxonomy":"post_tag","embeddable":true,"href":"https:\/\/afarangabroad.com\/fr\/wp-json\/wp\/v2\/tags?post=8192"}],"curies":[{"name":"wp","href":"https:\/\/api.w.org\/{rel}","templated":true}]}}