{"id":8565,"date":"2017-06-24T14:54:00","date_gmt":"2017-06-24T13:54:00","guid":{"rendered":"https:\/\/afarangabroad.com\/?page_id=8565"},"modified":"2019-01-09T05:01:25","modified_gmt":"2019-01-09T05:01:25","slug":"8-best-clubs-quezon-city","status":"publish","type":"page","link":"https:\/\/afarangabroad.com\/fr\/8-meilleurs-clubs-de-la-ville-de-quezon\/","title":{"rendered":"8 meilleurs clubs de Quezon City"},"content":{"rendered":"<p>Dans cet article, vous apprendrez o\u00f9 trouver les meilleurs clubs de Quezon City.<\/p>\n<p>If you\u2019ve been looking for a country within the premises of Asia that can surely make every moment of your stay a worthwhile one then you should try the Philippines.<\/p>\n<p>Le pays est \u00e9galement connu pour ses sc\u00e8nes de vie nocturne que l'on peut trouver partout dans le pays.<\/p>\n<p>Si vous voulez vous envoyer en l'air avec des filles de QC gratuitement, <a href=\" \" target=\"_blank\" rel=\"noopener\">lire cet article<\/a>.<\/p>\n<p><a href=\" \"><img loading=\"lazy\" decoding=\"async\" class=\"aligncenter size-large wp-image-7300\" src=\"https:\/\/afarangabroad.com\/wp-content\/uploads\/2016\/06\/MEET-HOT1-1024x691.png\" alt=\"Filipino girls\" width=\"678\" height=\"458\" srcset=\"https:\/\/afarangabroad.com\/wp-content\/uploads\/2016\/06\/MEET-HOT1-1024x691.png 1024w, https:\/\/afarangabroad.com\/wp-content\/uploads\/2016\/06\/MEET-HOT1-300x202.png 300w, https:\/\/afarangabroad.com\/wp-content\/uploads\/2016\/06\/MEET-HOT1-720x486.png 720w, https:\/\/afarangabroad.com\/wp-content\/uploads\/2016\/06\/MEET-HOT1.png 1038w\" sizes=\"(max-width: 678px) 100vw, 678px\" \/><\/a><\/p>\n<h2>8 meilleurs clubs de Quezon City<\/h2>\n<p>Quezon City, par exemple, est une grande ville des Philippines o\u00f9 l'on peut faire la f\u00eate toute la nuit.<\/p>\n<p>As you visit Quezon City, you would find a lot of clubs cluttering all over the city which makes it more confusing for you to choose one especially if you\u2019re just in the city for a few days.<\/p>\n<p>Je vous propose une liste des 8 meilleurs clubs de Quezon City que j'ai trouv\u00e9s jusqu'\u00e0 pr\u00e9sent.<\/p>\n<h2>Prime Upscale Club<\/h2>\n<p>Le club est situ\u00e9 \u00e0 Tomas Morato, Quezon City, et ce qui en fait l'un des meilleurs, c'est sa grande aura de f\u00eate que tout le monde peut ressentir une fois qu'il a essay\u00e9 le Prime Upscale Club. Les visiteurs sans rendez-vous sont les bienvenus dans le club, mais vous pouvez vous amuser encore plus dans le Prime Upscale Club si vous essayez leur adh\u00e9sion VIP, o\u00f9 ils donneront certainement la priorit\u00e9 \u00e0 vos besoins.<\/p>\n<p><iframe loading=\"lazy\" width=\"678\" height=\"381\" src=\"https:\/\/www.youtube.com\/embed\/QcrMIxMyFxk?feature=oembed\" frameborder=\"0\" allow=\"accelerometer; autoplay; encrypted-media; gyroscope; picture-in-picture\" allowfullscreen><\/iframe><\/p>\n<p>Once you enter the club, you\u2019ll eventually find all those party goers dancing their arse out inside the club especially <a href=\"https:\/\/afarangabroad.com\/fr\/hot-girls-manila\/\">Manila girls<\/a> in Prime Upscale Club who are dresses well and speaking of dress, Prime Upscale Club do have their dress code thus you really have to \u2018dress to impress\u2019 once you wanted to try this one.<\/p>","protected":false},"excerpt":{"rendered":"<p>In this article learn where to find the best clubs in Quezon City. If you\u2019ve been looking for a country within the premises of Asia that can surely make every moment of your stay a worthwhile one then you should try the Philippines. The country is also a known one for its nightlife scenes that [&hellip;]<\/p>","protected":false},"author":2,"featured_media":8568,"parent":0,"menu_order":0,"comment_status":"open","ping_status":"closed","template":"","meta":{"_exactmetrics_skip_tracking":false,"_exactmetrics_sitenote_active":false,"_exactmetrics_sitenote_note":"","_exactmetrics_sitenote_category":0,"footnotes":""},"categories":[325],"tags":[],"class_list":["post-8565","page","type-page","status-publish","has-post-thumbnail","hentry","category-filipino-dating"],"yoast_head":"<!-- This site is optimized with the Yoast SEO plugin v20.1 - https:\/\/yoast.com\/wordpress\/plugins\/seo\/ -->\n<title>8 Best Clubs in Quezon City - A Farang Abroad<\/title>\n<meta name=\"description\" content=\"Find the best clubs in Quezon City. In this article I&#039;ll tell you where to go, which places are safe and how to meet girls while there.\" \/>\n<meta name=\"robots\" content=\"index, follow, max-snippet:-1, max-image-preview:large, max-video-preview:-1\" \/>\n<link rel=\"canonical\" href=\"https:\/\/afarangabroad.com\/fr\/8-meilleurs-clubs-de-la-ville-de-quezon\/\" \/>\n<meta property=\"og:locale\" content=\"fr_FR\" \/>\n<meta property=\"og:type\" content=\"article\" \/>\n<meta property=\"og:title\" content=\"8 Best Clubs in Quezon City - A Farang Abroad\" \/>\n<meta property=\"og:description\" content=\"Find the best clubs in Quezon City. In this article I&#039;ll tell you where to go, which places are safe and how to meet girls while there.\" \/>\n<meta property=\"og:url\" content=\"https:\/\/afarangabroad.com\/fr\/8-meilleurs-clubs-de-la-ville-de-quezon\/\" \/>\n<meta property=\"og:site_name\" content=\"A Farang Abroad\" \/>\n<meta property=\"article:modified_time\" content=\"2019-01-09T05:01:25+00:00\" \/>\n<meta property=\"og:image\" content=\"https:\/\/afarangabroad.com\/wp-content\/uploads\/2017\/06\/vanity-club-in-Quezon-City.jpg\" \/>\n\t<meta property=\"og:image:width\" content=\"2048\" \/>\n\t<meta property=\"og:image:height\" content=\"1360\" \/>\n\t<meta property=\"og:image:type\" content=\"image\/jpeg\" \/>\n<meta name=\"twitter:label1\" content=\"Dur\u00e9e de lecture estim\u00e9e\" \/>\n\t<meta name=\"twitter:data1\" content=\"8 minutes\" \/>\n<script type=\"application\/ld+json\" class=\"yoast-schema-graph\">{\"@context\":\"https:\/\/schema.org\",\"@graph\":[{\"@type\":\"WebPage\",\"@id\":\"https:\/\/afarangabroad.com\/8-best-clubs-quezon-city\/\",\"url\":\"https:\/\/afarangabroad.com\/8-best-clubs-quezon-city\/\",\"name\":\"8 Best Clubs in Quezon City - A Farang Abroad\",\"isPartOf\":{\"@id\":\"https:\/\/afarangabroad.com\/#website\"},\"datePublished\":\"2017-06-24T13:54:00+00:00\",\"dateModified\":\"2019-01-09T05:01:25+00:00\",\"description\":\"Find the best clubs in Quezon City. In this article I'll tell you where to go, which places are safe and how to meet girls while there.\",\"breadcrumb\":{\"@id\":\"https:\/\/afarangabroad.com\/8-best-clubs-quezon-city\/#breadcrumb\"},\"inLanguage\":\"fr-FR\",\"potentialAction\":[{\"@type\":\"ReadAction\",\"target\":[\"https:\/\/afarangabroad.com\/8-best-clubs-quezon-city\/\"]}]},{\"@type\":\"BreadcrumbList\",\"@id\":\"https:\/\/afarangabroad.com\/8-best-clubs-quezon-city\/#breadcrumb\",\"itemListElement\":[{\"@type\":\"ListItem\",\"position\":1,\"name\":\"Home\",\"item\":\"https:\/\/afarangabroad.com\/\"},{\"@type\":\"ListItem\",\"position\":2,\"name\":\"8 Best Clubs in Quezon City\"}]},{\"@type\":\"WebSite\",\"@id\":\"https:\/\/afarangabroad.com\/#website\",\"url\":\"https:\/\/afarangabroad.com\/\",\"name\":\"A Farang Abroad\",\"description\":\"Your secret guide to Asia&#039;s sexiest nightlife.\",\"potentialAction\":[{\"@type\":\"SearchAction\",\"target\":{\"@type\":\"EntryPoint\",\"urlTemplate\":\"https:\/\/afarangabroad.com\/?s={search_term_string}\"},\"query-input\":\"required name=search_term_string\"}],\"inLanguage\":\"fr-FR\"}]}<\/script>\n<!-- \/ Yoast SEO plugin. -->","yoast_head_json":{"title":"8 Best Clubs in Quezon City - A Farang Abroad","description":"Find the best clubs in Quezon City. In this article I'll tell you where to go, which places are safe and how to meet girls while there.","robots":{"index":"index","follow":"follow","max-snippet":"max-snippet:-1","max-image-preview":"max-image-preview:large","max-video-preview":"max-video-preview:-1"},"canonical":"https:\/\/afarangabroad.com\/fr\/8-meilleurs-clubs-de-la-ville-de-quezon\/","og_locale":"fr_FR","og_type":"article","og_title":"8 Best Clubs in Quezon City - A Farang Abroad","og_description":"Find the best clubs in Quezon City. In this article I'll tell you where to go, which places are safe and how to meet girls while there.","og_url":"https:\/\/afarangabroad.com\/fr\/8-meilleurs-clubs-de-la-ville-de-quezon\/","og_site_name":"A Farang Abroad","article_modified_time":"2019-01-09T05:01:25+00:00","og_image":[{"width":"2048","height":"1360","url":"https:\/\/afarangabroad.com\/wp-content\/uploads\/2017\/06\/vanity-club-in-Quezon-City.jpg","type":"image\/jpeg"}],"twitter_misc":{"Dur\u00e9e de lecture estim\u00e9e":"8 minutes"},"schema":{"@context":"https:\/\/schema.org","@graph":[{"@type":"WebPage","@id":"https:\/\/afarangabroad.com\/8-best-clubs-quezon-city\/","url":"https:\/\/afarangabroad.com\/8-best-clubs-quezon-city\/","name":"8 Best Clubs in Quezon City - A Farang Abroad","isPartOf":{"@id":"https:\/\/afarangabroad.com\/#website"},"datePublished":"2017-06-24T13:54:00+00:00","dateModified":"2019-01-09T05:01:25+00:00","description":"Find the best clubs in Quezon City. In this article I'll tell you where to go, which places are safe and how to meet girls while there.","breadcrumb":{"@id":"https:\/\/afarangabroad.com\/8-best-clubs-quezon-city\/#breadcrumb"},"inLanguage":"fr-FR","potentialAction":[{"@type":"ReadAction","target":["https:\/\/afarangabroad.com\/8-best-clubs-quezon-city\/"]}]},{"@type":"BreadcrumbList","@id":"https:\/\/afarangabroad.com\/8-best-clubs-quezon-city\/#breadcrumb","itemListElement":[{"@type":"ListItem","position":1,"name":"Home","item":"https:\/\/afarangabroad.com\/"},{"@type":"ListItem","position":2,"name":"8 Best Clubs in Quezon City"}]},{"@type":"WebSite","@id":"https:\/\/afarangabroad.com\/#website","url":"https:\/\/afarangabroad.com\/","name":"A Farang Abroad","description":"Your secret guide to Asia&#039;s sexiest nightlife.","potentialAction":[{"@type":"SearchAction","target":{"@type":"EntryPoint","urlTemplate":"https:\/\/afarangabroad.com\/?s={search_term_string}"},"query-input":"required name=search_term_string"}],"inLanguage":"fr-FR"}]}},"_links":{"self":[{"href":"https:\/\/afarangabroad.com\/fr\/wp-json\/wp\/v2\/pages\/8565"}],"collection":[{"href":"https:\/\/afarangabroad.com\/fr\/wp-json\/wp\/v2\/pages"}],"about":[{"href":"https:\/\/afarangabroad.com\/fr\/wp-json\/wp\/v2\/types\/page"}],"author":[{"embeddable":true,"href":"https:\/\/afarangabroad.com\/fr\/wp-json\/wp\/v2\/users\/2"}],"replies":[{"embeddable":true,"href":"https:\/\/afarangabroad.com\/fr\/wp-json\/wp\/v2\/comments?post=8565"}],"version-history":[{"count":0,"href":"https:\/\/afarangabroad.com\/fr\/wp-json\/wp\/v2\/pages\/8565\/revisions"}],"wp:featuredmedia":[{"embeddable":true,"href":"https:\/\/afarangabroad.com\/fr\/wp-json\/wp\/v2\/media\/8568"}],"wp:attachment":[{"href":"https:\/\/afarangabroad.com\/fr\/wp-json\/wp\/v2\/media?parent=8565"}],"wp:term":[{"taxonomy":"category","embeddable":true,"href":"https:\/\/afarangabroad.com\/fr\/wp-json\/wp\/v2\/categories?post=8565"},{"taxonomy":"post_tag","embeddable":true,"href":"https:\/\/afarangabroad.com\/fr\/wp-json\/wp\/v2\/tags?post=8565"}],"curies":[{"name":"wp","href":"https:\/\/api.w.org\/{rel}","templated":true}]}}