{"id":8630,"date":"2017-07-05T13:00:39","date_gmt":"2017-07-05T12:00:39","guid":{"rendered":"https:\/\/afarangabroad.com\/?page_id=8630"},"modified":"2019-03-28T06:26:17","modified_gmt":"2019-03-28T06:26:17","slug":"shanghai-nightlife","status":"publish","type":"page","link":"https:\/\/afarangabroad.com\/fr\/vie-nocturne-a-shanghai\/","title":{"rendered":"Guide touristique de la vie nocturne \u00e0 Shanghai"},"content":{"rendered":"<p>You might think that New York is the only city you knew that doesn\u2019t sleep. Well, as you get Shanghai and have a tour around the city in the middle of the night then you can tell yourself that you\u2019re wrong all along.<\/p>\n<p>Si vous voulez vous envoyer en l'air gratuitement \u00e0 Shanghai,\u00a0<a href=\"https:\/\/afarangabroad.com\/fr\/china-love-cupid-review\/\" target=\"_blank\" >lire cet article<\/a>.<\/p>\n<p><a href=\"https:\/\/afarangabroad.com\/fr\/china-love-cupid-review\/\" target=\"_blank\" ><img loading=\"lazy\" decoding=\"async\" class=\"aligncenter size-large wp-image-8477\" src=\"https:\/\/afarangabroad.com\/wp-content\/uploads\/2017\/05\/meet-sexy-chiense-girls-1024x691.png\" alt=\"\" width=\"678\" height=\"458\" srcset=\"https:\/\/afarangabroad.com\/wp-content\/uploads\/2017\/05\/meet-sexy-chiense-girls-1024x691.png 1024w, https:\/\/afarangabroad.com\/wp-content\/uploads\/2017\/05\/meet-sexy-chiense-girls-300x202.png 300w, https:\/\/afarangabroad.com\/wp-content\/uploads\/2017\/05\/meet-sexy-chiense-girls-768x518.png 768w, https:\/\/afarangabroad.com\/wp-content\/uploads\/2017\/05\/meet-sexy-chiense-girls-720x486.png 720w, https:\/\/afarangabroad.com\/wp-content\/uploads\/2017\/05\/meet-sexy-chiense-girls.png 1038w\" sizes=\"(max-width: 678px) 100vw, 678px\" \/><\/a><\/p>\n<p>As years go by, Shanghai was able to pull a lot of tourists visiting the city and that\u2019s all because of all the touristy attractions found in the city and the Shanghai nightlife events as well. Thus if you are the person who loves to spend the night partying rather than going to sleep then Shanghai is the best place for you.<\/p>\n<p>Il y a en fait beaucoup de clubs et de bars \u00e0 Shanghai que tout f\u00eatard se doit de visiter et la liste que je vous propose ici facilitera certainement votre recherche de clubs et de bars \u00e0 Shanghai.<\/p>\n<h2 style=\"text-align: center;\"><strong>Clubs et bars \u00e0 Shanghai<\/strong><\/h2>\n<p>Il existe en fait quelques distinctions entre les clubs et les bars de Shanghai, selon la mani\u00e8re dont on les classe. Voici trois types de bars et de clubs \u00e0 Shanghai : les clubs traditionnels, les clubs souterrains et les clubs du Bund.<\/p>\n<p>Si vous pouviez aller \u00e0 Shanghai ou <a href=\"https:\/\/afarangabroad.com\/fr\/vie-nocturne-a-guangzhou\/\">Guangzhou pour la vie nocturne<\/a>Allez \u00e0 Shanghai.<\/p>\n<h2>Champagne des singes<\/h2>\n<p>Avez-vous cherch\u00e9 un club \u00e0 Shanghai o\u00f9 vous avez l'impression d'\u00eatre dans un club en Am\u00e9rique ? <a href=\"http:\/\/www.smartshanghai.com\/venue\/4783\/The_Monkey_Lounge\" target=\"_blank\" >Champagne des singes<\/a> qui se trouve dans la rue Donghu, \u00e0 Shanghai, dispose d'un club de style am\u00e9ricain o\u00f9 environ 200 locaux et \u00e9trangers s'amusent dans les clubs de Shanghai.<\/p>\n<p><img loading=\"lazy\" decoding=\"async\" class=\"aligncenter wp-image-8632\" src=\"https:\/\/afarangabroad.com\/wp-content\/uploads\/2017\/07\/Shanghai-nightlife.jpg\" alt=\"Vie nocturne \u00e0 Shanghai\" width=\"631\" height=\"421\" srcset=\"https:\/\/afarangabroad.com\/wp-content\/uploads\/2017\/07\/Shanghai-nightlife.jpg 1000w, https:\/\/afarangabroad.com\/wp-content\/uploads\/2017\/07\/Shanghai-nightlife-300x200.jpg 300w, https:\/\/afarangabroad.com\/wp-content\/uploads\/2017\/07\/Shanghai-nightlife-768x512.jpg 768w\" sizes=\"(max-width: 631px) 100vw, 631px\" \/><\/p>\n<p>Since the place has a \u2018champagne\u2019 on its name, you\u2019d surely expect for a great champagne inside the club and they also have their whiskey and other drinks which is by the way a bit expensive compared to other clubs in Shanghai. The DJs here in Monkey Champagne loves to play top 40s hip hop music thus expect a lot of these when in the club.<\/p>\n<h2>Club M2<\/h2>\n<p><a href=\"https:\/\/www.residentadvisor.net\/club.aspx?id=50102\" target=\"_blank\" >M2<\/a> is a well-known place in Shanghai nightlife where you won\u2019t just find a club but a mega club. The mega club is located at Huai Hai Zhong Lu, Shanghai. Since the place the huge, you can definitely enjoy their dance floor along with your co-party goers all night long.<\/p>","protected":false},"excerpt":{"rendered":"<p>You might think that New York is the only city you knew that doesn\u2019t sleep. Well, as you get Shanghai and have a tour around the city in the middle of the night then you can tell yourself that you\u2019re wrong all along. If you want to get laid for free in Shanghai,\u00a0check out this [&hellip;]<\/p>","protected":false},"author":2,"featured_media":8633,"parent":0,"menu_order":0,"comment_status":"open","ping_status":"closed","template":"","meta":{"_exactmetrics_skip_tracking":false,"_exactmetrics_sitenote_active":false,"_exactmetrics_sitenote_note":"","_exactmetrics_sitenote_category":0,"footnotes":""},"categories":[334],"tags":[],"class_list":["post-8630","page","type-page","status-publish","has-post-thumbnail","hentry","category-china"],"yoast_head":"<!-- This site is optimized with the Yoast SEO plugin v20.1 - https:\/\/yoast.com\/wordpress\/plugins\/seo\/ -->\n<title>Tourist Shanghai Nightlife Guide - A Farang Abroad<\/title>\n<meta name=\"description\" content=\"In this article you will find out the best clubs and bars in Shanghai nightlife. Find out where to go and meet hot local Chinese girls in Shanghai.\" \/>\n<meta name=\"robots\" content=\"index, follow, max-snippet:-1, max-image-preview:large, max-video-preview:-1\" \/>\n<link rel=\"canonical\" href=\"https:\/\/afarangabroad.com\/fr\/vie-nocturne-a-shanghai\/\" \/>\n<meta property=\"og:locale\" content=\"fr_FR\" \/>\n<meta property=\"og:type\" content=\"article\" \/>\n<meta property=\"og:title\" content=\"Tourist Shanghai Nightlife Guide - A Farang Abroad\" \/>\n<meta property=\"og:description\" content=\"In this article you will find out the best clubs and bars in Shanghai nightlife. Find out where to go and meet hot local Chinese girls in Shanghai.\" \/>\n<meta property=\"og:url\" content=\"https:\/\/afarangabroad.com\/fr\/vie-nocturne-a-shanghai\/\" \/>\n<meta property=\"og:site_name\" content=\"A Farang Abroad\" \/>\n<meta property=\"article:modified_time\" content=\"2019-03-28T06:26:17+00:00\" \/>\n<meta property=\"og:image\" content=\"https:\/\/afarangabroad.com\/wp-content\/uploads\/2017\/07\/Shanghai-M2-club.jpg\" \/>\n\t<meta property=\"og:image:width\" content=\"1000\" \/>\n\t<meta property=\"og:image:height\" content=\"667\" \/>\n\t<meta property=\"og:image:type\" content=\"image\/jpeg\" \/>\n<meta name=\"twitter:label1\" content=\"Dur\u00e9e de lecture estim\u00e9e\" \/>\n\t<meta name=\"twitter:data1\" content=\"11 minutes\" \/>\n<script type=\"application\/ld+json\" class=\"yoast-schema-graph\">{\"@context\":\"https:\/\/schema.org\",\"@graph\":[{\"@type\":\"WebPage\",\"@id\":\"https:\/\/afarangabroad.com\/shanghai-nightlife\/\",\"url\":\"https:\/\/afarangabroad.com\/shanghai-nightlife\/\",\"name\":\"Tourist Shanghai Nightlife Guide - A Farang Abroad\",\"isPartOf\":{\"@id\":\"https:\/\/afarangabroad.com\/#website\"},\"datePublished\":\"2017-07-05T12:00:39+00:00\",\"dateModified\":\"2019-03-28T06:26:17+00:00\",\"description\":\"In this article you will find out the best clubs and bars in Shanghai nightlife. Find out where to go and meet hot local Chinese girls in Shanghai.\",\"breadcrumb\":{\"@id\":\"https:\/\/afarangabroad.com\/shanghai-nightlife\/#breadcrumb\"},\"inLanguage\":\"fr-FR\",\"potentialAction\":[{\"@type\":\"ReadAction\",\"target\":[\"https:\/\/afarangabroad.com\/shanghai-nightlife\/\"]}]},{\"@type\":\"BreadcrumbList\",\"@id\":\"https:\/\/afarangabroad.com\/shanghai-nightlife\/#breadcrumb\",\"itemListElement\":[{\"@type\":\"ListItem\",\"position\":1,\"name\":\"Home\",\"item\":\"https:\/\/afarangabroad.com\/\"},{\"@type\":\"ListItem\",\"position\":2,\"name\":\"Tourist Shanghai Nightlife Guide\"}]},{\"@type\":\"WebSite\",\"@id\":\"https:\/\/afarangabroad.com\/#website\",\"url\":\"https:\/\/afarangabroad.com\/\",\"name\":\"A Farang Abroad\",\"description\":\"Your secret guide to Asia&#039;s sexiest nightlife.\",\"potentialAction\":[{\"@type\":\"SearchAction\",\"target\":{\"@type\":\"EntryPoint\",\"urlTemplate\":\"https:\/\/afarangabroad.com\/?s={search_term_string}\"},\"query-input\":\"required name=search_term_string\"}],\"inLanguage\":\"fr-FR\"}]}<\/script>\n<!-- \/ Yoast SEO plugin. -->","yoast_head_json":{"title":"Tourist Shanghai Nightlife Guide - A Farang Abroad","description":"In this article you will find out the best clubs and bars in Shanghai nightlife. Find out where to go and meet hot local Chinese girls in Shanghai.","robots":{"index":"index","follow":"follow","max-snippet":"max-snippet:-1","max-image-preview":"max-image-preview:large","max-video-preview":"max-video-preview:-1"},"canonical":"https:\/\/afarangabroad.com\/fr\/vie-nocturne-a-shanghai\/","og_locale":"fr_FR","og_type":"article","og_title":"Tourist Shanghai Nightlife Guide - A Farang Abroad","og_description":"In this article you will find out the best clubs and bars in Shanghai nightlife. Find out where to go and meet hot local Chinese girls in Shanghai.","og_url":"https:\/\/afarangabroad.com\/fr\/vie-nocturne-a-shanghai\/","og_site_name":"A Farang Abroad","article_modified_time":"2019-03-28T06:26:17+00:00","og_image":[{"width":"1000","height":"667","url":"https:\/\/afarangabroad.com\/wp-content\/uploads\/2017\/07\/Shanghai-M2-club.jpg","type":"image\/jpeg"}],"twitter_misc":{"Dur\u00e9e de lecture estim\u00e9e":"11 minutes"},"schema":{"@context":"https:\/\/schema.org","@graph":[{"@type":"WebPage","@id":"https:\/\/afarangabroad.com\/shanghai-nightlife\/","url":"https:\/\/afarangabroad.com\/shanghai-nightlife\/","name":"Tourist Shanghai Nightlife Guide - A Farang Abroad","isPartOf":{"@id":"https:\/\/afarangabroad.com\/#website"},"datePublished":"2017-07-05T12:00:39+00:00","dateModified":"2019-03-28T06:26:17+00:00","description":"In this article you will find out the best clubs and bars in Shanghai nightlife. Find out where to go and meet hot local Chinese girls in Shanghai.","breadcrumb":{"@id":"https:\/\/afarangabroad.com\/shanghai-nightlife\/#breadcrumb"},"inLanguage":"fr-FR","potentialAction":[{"@type":"ReadAction","target":["https:\/\/afarangabroad.com\/shanghai-nightlife\/"]}]},{"@type":"BreadcrumbList","@id":"https:\/\/afarangabroad.com\/shanghai-nightlife\/#breadcrumb","itemListElement":[{"@type":"ListItem","position":1,"name":"Home","item":"https:\/\/afarangabroad.com\/"},{"@type":"ListItem","position":2,"name":"Tourist Shanghai Nightlife Guide"}]},{"@type":"WebSite","@id":"https:\/\/afarangabroad.com\/#website","url":"https:\/\/afarangabroad.com\/","name":"A Farang Abroad","description":"Your secret guide to Asia&#039;s sexiest nightlife.","potentialAction":[{"@type":"SearchAction","target":{"@type":"EntryPoint","urlTemplate":"https:\/\/afarangabroad.com\/?s={search_term_string}"},"query-input":"required name=search_term_string"}],"inLanguage":"fr-FR"}]}},"_links":{"self":[{"href":"https:\/\/afarangabroad.com\/fr\/wp-json\/wp\/v2\/pages\/8630"}],"collection":[{"href":"https:\/\/afarangabroad.com\/fr\/wp-json\/wp\/v2\/pages"}],"about":[{"href":"https:\/\/afarangabroad.com\/fr\/wp-json\/wp\/v2\/types\/page"}],"author":[{"embeddable":true,"href":"https:\/\/afarangabroad.com\/fr\/wp-json\/wp\/v2\/users\/2"}],"replies":[{"embeddable":true,"href":"https:\/\/afarangabroad.com\/fr\/wp-json\/wp\/v2\/comments?post=8630"}],"version-history":[{"count":0,"href":"https:\/\/afarangabroad.com\/fr\/wp-json\/wp\/v2\/pages\/8630\/revisions"}],"wp:featuredmedia":[{"embeddable":true,"href":"https:\/\/afarangabroad.com\/fr\/wp-json\/wp\/v2\/media\/8633"}],"wp:attachment":[{"href":"https:\/\/afarangabroad.com\/fr\/wp-json\/wp\/v2\/media?parent=8630"}],"wp:term":[{"taxonomy":"category","embeddable":true,"href":"https:\/\/afarangabroad.com\/fr\/wp-json\/wp\/v2\/categories?post=8630"},{"taxonomy":"post_tag","embeddable":true,"href":"https:\/\/afarangabroad.com\/fr\/wp-json\/wp\/v2\/tags?post=8630"}],"curies":[{"name":"wp","href":"https:\/\/api.w.org\/{rel}","templated":true}]}}