{"id":8750,"date":"2017-08-25T20:43:11","date_gmt":"2017-08-25T19:43:11","guid":{"rendered":"https:\/\/afarangabroad.com\/?page_id=8750"},"modified":"2023-12-12T03:36:29","modified_gmt":"2023-12-12T03:36:29","slug":"ladyboy-massage-bangkok","status":"publish","type":"page","link":"https:\/\/afarangabroad.com\/fr\/massage-ladyboy-bangkok\/","title":{"rendered":"Les meilleurs massages pour femmes \u00e0 Bangkok"},"content":{"rendered":"<p>Aujourd'hui, la Tha\u00eflande est d\u00e9j\u00e0 une destination connue en Asie pour les \u00e9trangers et les expatri\u00e9s qui n'aiment pas seulement les beaux sites touristiques, les grandes traditions et la gastronomie.<\/p>\n<p>Le nombre <strong>une fa\u00e7on de se rencontrer<\/strong> <a href=\"https:\/\/afarangabroad.com\/fr\/6-ways-meet-ladyboys-bangkok\/\" target=\"_blank\" rel=\"noopener noreferrer\"><strong>Ladyboys \u00e0 Bangkok<\/strong><\/a> se fait par le biais de sites de rencontre tels que <a href=\"https:\/\/afarangabroad.com\/fr\/recommends\/ladyboydating\/\">Ami tha\u00eflandais<\/a>. Vous pouvez filtrer les filles par sexe, y compris les ladyboys.<\/p>\n<p><a href=\"https:\/\/afarangabroad.com\/fr\/recommends\/ladyboydating\/\"><img loading=\"lazy\" decoding=\"async\" class=\"aligncenter wp-image-7640 size-large\" src=\"https:\/\/afarangabroad.com\/wp-content\/uploads\/2015\/10\/ladyboys-1024x691.png\" alt=\"coccinelles\" width=\"678\" height=\"458\" srcset=\"https:\/\/afarangabroad.com\/wp-content\/uploads\/2015\/10\/ladyboys-1024x691.png 1024w, https:\/\/afarangabroad.com\/wp-content\/uploads\/2015\/10\/ladyboys-300x202.png 300w, https:\/\/afarangabroad.com\/wp-content\/uploads\/2015\/10\/ladyboys-768x518.png 768w, https:\/\/afarangabroad.com\/wp-content\/uploads\/2015\/10\/ladyboys-720x486.png 720w, https:\/\/afarangabroad.com\/wp-content\/uploads\/2015\/10\/ladyboys.png 1038w\" sizes=\"(max-width: 678px) 100vw, 678px\" \/><\/a><\/p>\n<p>La Tha\u00eflande est aujourd'hui le pays de pr\u00e9dilection des \u00e9trangers en qu\u00eate de plaisir et de sexe. Si vous faites partie de ces \u00e9trangers et expatri\u00e9s, vous pouvez donc inclure la Tha\u00eflande dans votre liste de pays \u00e0 visiter absolument en Asie.<\/p>\n<p>If you go along the streets of Thailand, you can surely find a number of go go bars spread along the country and same goes with massage parlors who offer \u2018extra\u2019 services to expats and locals especially in Thailand\u2019s capital city, Bangkok.<\/p>\n<p>\u00cates-vous un expatri\u00e9 qui n'aime pas seulement les filles sexy et chaudes, mais qui aime aussi explorer avec des ladyboys ? Si c'est le cas et que vous pr\u00e9voyez de visiter Bangkok, alors vous devriez absolument consulter ce guide pour savoir comment trouver un massage de ladyboy \u00e0 Bangkok.<\/p>\n<p>Si vous voulez savoir o\u00f9 trouver de l'herbe \u00e0 BKK, n'h\u00e9sitez pas \u00e0 vous abonner \u00e0 la cha\u00eene ci-dessous :&nbsp;<\/p>\n<p>https:\/\/youtu.be\/j0HbIHjnG5g<\/p>\n<p>Some may find it new to hang out with some ladyboys but if you are able to try, you\u2019d surely find them very interesting and fun to be with. Although it might be hard to find massage parlors in Bangkok who have ladyboys, this guide would surely make your searching much easier.<\/p>\n<h2>Body Bliss Massage pour ladyboys<\/h2>\n<p>Body Bliss right offers a selection of women and ladyboys for outcall service around Bangkok, you can visit their site to see their cast of girls and ladyboys. If you&#8217;re looking for a safe and professional experience they are one of the best in Bangkok right now.<\/p>\n<div class=\"wp-block-image\">\n<figure class=\"aligncenter size-large is-resized\"><img loading=\"lazy\" decoding=\"async\" src=\"https:\/\/afarangabroad.com\/wp-content\/uploads\/2023\/12\/body-bliss-massage-575x1024.jpg\" alt=\"body bliss massage\" class=\"wp-image-513386\" width=\"335\" height=\"597\" srcset=\"https:\/\/afarangabroad.com\/wp-content\/uploads\/2023\/12\/body-bliss-massage-575x1024.jpg 575w, https:\/\/afarangabroad.com\/wp-content\/uploads\/2023\/12\/body-bliss-massage-168x300.jpg 168w, https:\/\/afarangabroad.com\/wp-content\/uploads\/2023\/12\/body-bliss-massage-768x1368.jpg 768w, https:\/\/afarangabroad.com\/wp-content\/uploads\/2023\/12\/body-bliss-massage-862x1536.jpg 862w, https:\/\/afarangabroad.com\/wp-content\/uploads\/2023\/12\/body-bliss-massage.jpg 904w\" sizes=\"(max-width: 335px) 100vw, 335px\" \/><\/figure>\n<\/div>\n<p>Ils ont des dizaines de filles parmi lesquelles choisir, les prix sont assez int\u00e9ressants et ils ont une liste de services que vous pouvez essayer. Vous pouvez visiter leur site web <a href=\"https:\/\/bodyblissbangkok.com\/\" target=\"_blank\" rel=\"noreferrer noopener\">BodyBlissBangkok.com<\/a> <\/p>","protected":false},"excerpt":{"rendered":"<p>Nowadays Thailand has already been a known destination in the premises of Asia for those foreigners and expats who are not just into nice tourist spots, great tradition, and food. The number one way to meet Ladyboys in Bangkok is through dating sites like Thai Friendly. You can filter girls by gender including ladyboys. Thailand [&hellip;]<\/p>","protected":false},"author":2,"featured_media":0,"parent":0,"menu_order":0,"comment_status":"open","ping_status":"closed","template":"","meta":{"_exactmetrics_skip_tracking":false,"_exactmetrics_sitenote_active":false,"_exactmetrics_sitenote_note":"","_exactmetrics_sitenote_category":0,"footnotes":""},"categories":[336],"tags":[],"class_list":["post-8750","page","type-page","status-publish","hentry","category-ladyboys"],"yoast_head":"<!-- This site is optimized with the Yoast SEO plugin v20.1 - https:\/\/yoast.com\/wordpress\/plugins\/seo\/ -->\n<title>Best Ladyboys Massages in Bangkok - A Farang Abroad<\/title>\n<meta name=\"description\" content=\"Are you looking for a ladyboy massage in Bangkok? In this article I reveal the best brothels and sex massages with ladyboys in Bangkok.\" \/>\n<meta name=\"robots\" content=\"index, follow, max-snippet:-1, max-image-preview:large, max-video-preview:-1\" \/>\n<link rel=\"canonical\" href=\"https:\/\/afarangabroad.com\/fr\/massage-ladyboy-bangkok\/\" \/>\n<meta property=\"og:locale\" content=\"fr_FR\" \/>\n<meta property=\"og:type\" content=\"article\" \/>\n<meta property=\"og:title\" content=\"Best Ladyboys Massages in Bangkok - A Farang Abroad\" \/>\n<meta property=\"og:description\" content=\"Are you looking for a ladyboy massage in Bangkok? In this article I reveal the best brothels and sex massages with ladyboys in Bangkok.\" \/>\n<meta property=\"og:url\" content=\"https:\/\/afarangabroad.com\/fr\/massage-ladyboy-bangkok\/\" \/>\n<meta property=\"og:site_name\" content=\"A Farang Abroad\" \/>\n<meta property=\"article:modified_time\" content=\"2023-12-12T03:36:29+00:00\" \/>\n<meta property=\"og:image\" content=\"https:\/\/afarangabroad.com\/wp-content\/uploads\/2015\/10\/ladyboys-1024x691.png\" \/>\n<meta name=\"twitter:label1\" content=\"Dur\u00e9e de lecture estim\u00e9e\" \/>\n\t<meta name=\"twitter:data1\" content=\"10 minutes\" \/>\n<script type=\"application\/ld+json\" class=\"yoast-schema-graph\">{\"@context\":\"https:\/\/schema.org\",\"@graph\":[{\"@type\":\"WebPage\",\"@id\":\"https:\/\/afarangabroad.com\/ladyboy-massage-bangkok\/\",\"url\":\"https:\/\/afarangabroad.com\/ladyboy-massage-bangkok\/\",\"name\":\"Best Ladyboys Massages in Bangkok - A Farang Abroad\",\"isPartOf\":{\"@id\":\"https:\/\/afarangabroad.com\/#website\"},\"datePublished\":\"2017-08-25T19:43:11+00:00\",\"dateModified\":\"2023-12-12T03:36:29+00:00\",\"description\":\"Are you looking for a ladyboy massage in Bangkok? In this article I reveal the best brothels and sex massages with ladyboys in Bangkok.\",\"breadcrumb\":{\"@id\":\"https:\/\/afarangabroad.com\/ladyboy-massage-bangkok\/#breadcrumb\"},\"inLanguage\":\"fr-FR\",\"potentialAction\":[{\"@type\":\"ReadAction\",\"target\":[\"https:\/\/afarangabroad.com\/ladyboy-massage-bangkok\/\"]}]},{\"@type\":\"BreadcrumbList\",\"@id\":\"https:\/\/afarangabroad.com\/ladyboy-massage-bangkok\/#breadcrumb\",\"itemListElement\":[{\"@type\":\"ListItem\",\"position\":1,\"name\":\"Home\",\"item\":\"https:\/\/afarangabroad.com\/\"},{\"@type\":\"ListItem\",\"position\":2,\"name\":\"Best Ladyboys Massages in Bangkok\"}]},{\"@type\":\"WebSite\",\"@id\":\"https:\/\/afarangabroad.com\/#website\",\"url\":\"https:\/\/afarangabroad.com\/\",\"name\":\"A Farang Abroad\",\"description\":\"Your secret guide to Asia&#039;s sexiest nightlife.\",\"potentialAction\":[{\"@type\":\"SearchAction\",\"target\":{\"@type\":\"EntryPoint\",\"urlTemplate\":\"https:\/\/afarangabroad.com\/?s={search_term_string}\"},\"query-input\":\"required name=search_term_string\"}],\"inLanguage\":\"fr-FR\"}]}<\/script>\n<!-- \/ Yoast SEO plugin. -->","yoast_head_json":{"title":"Best Ladyboys Massages in Bangkok - A Farang Abroad","description":"Are you looking for a ladyboy massage in Bangkok? In this article I reveal the best brothels and sex massages with ladyboys in Bangkok.","robots":{"index":"index","follow":"follow","max-snippet":"max-snippet:-1","max-image-preview":"max-image-preview:large","max-video-preview":"max-video-preview:-1"},"canonical":"https:\/\/afarangabroad.com\/fr\/massage-ladyboy-bangkok\/","og_locale":"fr_FR","og_type":"article","og_title":"Best Ladyboys Massages in Bangkok - A Farang Abroad","og_description":"Are you looking for a ladyboy massage in Bangkok? In this article I reveal the best brothels and sex massages with ladyboys in Bangkok.","og_url":"https:\/\/afarangabroad.com\/fr\/massage-ladyboy-bangkok\/","og_site_name":"A Farang Abroad","article_modified_time":"2023-12-12T03:36:29+00:00","og_image":[{"url":"https:\/\/afarangabroad.com\/wp-content\/uploads\/2015\/10\/ladyboys-1024x691.png"}],"twitter_misc":{"Dur\u00e9e de lecture estim\u00e9e":"10 minutes"},"schema":{"@context":"https:\/\/schema.org","@graph":[{"@type":"WebPage","@id":"https:\/\/afarangabroad.com\/ladyboy-massage-bangkok\/","url":"https:\/\/afarangabroad.com\/ladyboy-massage-bangkok\/","name":"Best Ladyboys Massages in Bangkok - A Farang Abroad","isPartOf":{"@id":"https:\/\/afarangabroad.com\/#website"},"datePublished":"2017-08-25T19:43:11+00:00","dateModified":"2023-12-12T03:36:29+00:00","description":"Are you looking for a ladyboy massage in Bangkok? In this article I reveal the best brothels and sex massages with ladyboys in Bangkok.","breadcrumb":{"@id":"https:\/\/afarangabroad.com\/ladyboy-massage-bangkok\/#breadcrumb"},"inLanguage":"fr-FR","potentialAction":[{"@type":"ReadAction","target":["https:\/\/afarangabroad.com\/ladyboy-massage-bangkok\/"]}]},{"@type":"BreadcrumbList","@id":"https:\/\/afarangabroad.com\/ladyboy-massage-bangkok\/#breadcrumb","itemListElement":[{"@type":"ListItem","position":1,"name":"Home","item":"https:\/\/afarangabroad.com\/"},{"@type":"ListItem","position":2,"name":"Best Ladyboys Massages in Bangkok"}]},{"@type":"WebSite","@id":"https:\/\/afarangabroad.com\/#website","url":"https:\/\/afarangabroad.com\/","name":"A Farang Abroad","description":"Your secret guide to Asia&#039;s sexiest nightlife.","potentialAction":[{"@type":"SearchAction","target":{"@type":"EntryPoint","urlTemplate":"https:\/\/afarangabroad.com\/?s={search_term_string}"},"query-input":"required name=search_term_string"}],"inLanguage":"fr-FR"}]}},"_links":{"self":[{"href":"https:\/\/afarangabroad.com\/fr\/wp-json\/wp\/v2\/pages\/8750"}],"collection":[{"href":"https:\/\/afarangabroad.com\/fr\/wp-json\/wp\/v2\/pages"}],"about":[{"href":"https:\/\/afarangabroad.com\/fr\/wp-json\/wp\/v2\/types\/page"}],"author":[{"embeddable":true,"href":"https:\/\/afarangabroad.com\/fr\/wp-json\/wp\/v2\/users\/2"}],"replies":[{"embeddable":true,"href":"https:\/\/afarangabroad.com\/fr\/wp-json\/wp\/v2\/comments?post=8750"}],"version-history":[{"count":7,"href":"https:\/\/afarangabroad.com\/fr\/wp-json\/wp\/v2\/pages\/8750\/revisions"}],"predecessor-version":[{"id":513390,"href":"https:\/\/afarangabroad.com\/fr\/wp-json\/wp\/v2\/pages\/8750\/revisions\/513390"}],"wp:attachment":[{"href":"https:\/\/afarangabroad.com\/fr\/wp-json\/wp\/v2\/media?parent=8750"}],"wp:term":[{"taxonomy":"category","embeddable":true,"href":"https:\/\/afarangabroad.com\/fr\/wp-json\/wp\/v2\/categories?post=8750"},{"taxonomy":"post_tag","embeddable":true,"href":"https:\/\/afarangabroad.com\/fr\/wp-json\/wp\/v2\/tags?post=8750"}],"curies":[{"name":"wp","href":"https:\/\/api.w.org\/{rel}","templated":true}]}}