{"id":8816,"date":"2017-10-06T18:49:25","date_gmt":"2017-10-06T17:49:25","guid":{"rendered":"https:\/\/afarangabroad.com\/?page_id=8816"},"modified":"2020-05-19T04:54:54","modified_gmt":"2020-05-19T03:54:54","slug":"sex-in-beijing","status":"publish","type":"page","link":"https:\/\/afarangabroad.com\/fr\/sexe-a-pekin\/","title":{"rendered":"6 endroits pour faire l'amour \u00e0 P\u00e9kin"},"content":{"rendered":"<p>Vous cherchez \u00e0 avoir des relations sexuelles \u00e0 P\u00e9kin ou \u00e0 b\u00e9n\u00e9ficier d'un massage de fin de vie ?<\/p>\n<p>La Chine est peut-\u00eatre l'un des pays les plus peupl\u00e9s, non seulement en Asie, mais aussi dans le monde entier. Compte tenu du nombre de personnes vivant en Chine, certaines d'entre elles \u00e9prouvent des difficult\u00e9s \u00e0 trouver un emploi et peuvent opter pour divers m\u00e9tiers, m\u00eame s'ils sont un peu risqu\u00e9s, tels que la prostitution et autres.<\/p>\n<p>vous voulez vous envoyer en l'air gratuitement \u00e0 P\u00e9kin,\u00a0<a href=\"https:\/\/afarangabroad.com\/fr\/china-love-cupid-review\/\" target=\"_blank\" rel=\"noopener noreferrer\">lire cet article<\/a>.<\/p>\n<p><a href=\"https:\/\/afarangabroad.com\/fr\/china-love-cupid-review\/\" target=\"_blank\" rel=\"noopener noreferrer\"><img loading=\"lazy\" decoding=\"async\" class=\"aligncenter size-large wp-image-8477\" src=\"https:\/\/afarangabroad.com\/wp-content\/uploads\/2017\/05\/meet-sexy-chiense-girls-1024x691.png\" alt=\"\" width=\"678\" height=\"458\" srcset=\"https:\/\/afarangabroad.com\/wp-content\/uploads\/2017\/05\/meet-sexy-chiense-girls-1024x691.png 1024w, https:\/\/afarangabroad.com\/wp-content\/uploads\/2017\/05\/meet-sexy-chiense-girls-300x202.png 300w, https:\/\/afarangabroad.com\/wp-content\/uploads\/2017\/05\/meet-sexy-chiense-girls-768x518.png 768w, https:\/\/afarangabroad.com\/wp-content\/uploads\/2017\/05\/meet-sexy-chiense-girls-720x486.png 720w, https:\/\/afarangabroad.com\/wp-content\/uploads\/2017\/05\/meet-sexy-chiense-girls.png 1038w\" sizes=\"(max-width: 678px) 100vw, 678px\" \/><\/a><\/p>\n<p>As we all know, Beijing is the capital of China where we can find the country\u2019s cultural, political and educational centre but as tourists go in and out of the city, Beijing today has been becoming one of the top sex trade city of the country where you can definitely find a number of prostitutes all over the city premises.<\/p>\n<p>Si vous vous promenez dans la ville de P\u00e9kin, vous remarquerez certainement qu'il est normal d'avoir des prostitu\u00e9es partout dans la ville, que ce soit dans les bars, les salons de massage et m\u00eame dans les rues de la ville.<\/p>\n<h2><strong><u>P\u00e9kin<\/u><\/strong><strong><u> Salons de massage Happy Ending<\/u><\/strong><\/h2>\n<p>Are you looking for a relaxing time in Beijing? Then why don\u2019t you give Beijing happy ending massage parlors a try?<\/p>\n<p>Here, you won\u2019t just have a nice and relaxing massage but you can also have a \u2018happy ending\u2019 from their pretty and hot masseuse.<\/p>\n<h2><strong>Wonderful Massage Club<\/strong><\/h2>\n<p>Ce massage de fin de vie \u00e0 P\u00e9kin <a href=\"https:\/\/www.wonderfulmassageclub.com\/\" target=\"_blank\" rel=\"nofollow noopener noreferrer\">est situ\u00e9 \u00e0 Sanlitun<\/a>J'ai d\u00e9couvert un certain nombre de salons de massage \u00e0 P\u00e9kin et jusqu'\u00e0 pr\u00e9sent, celui-ci est mon pr\u00e9f\u00e9r\u00e9 parmi les autres salons de massage que l'on peut trouver dans la ville. En plus de l'exp\u00e9rience et de la formation de leurs masseuses, celles-ci sont jolies et sexy, ce qui fait de cet endroit un choix parfait pour tous les hommes.<\/p>\n<p>En rapport :\u00a0<a href=\"https:\/\/afarangabroad.com\/fr\/sex-in-china\/\" target=\"_blank\" rel=\"noopener noreferrer\">le sexe en Chine<\/a>. et apprendre o\u00f9 se trouvent les meilleurs <a href=\"https:\/\/afarangabroad.com\/fr\/vie-nocturne-a-shanghai\/\">Bo\u00eetes de nuit \u00e0 Shanghai<\/a>.<\/p>\n<p>Wonderful Massage Club offers different massage services for you to choose from such as their sensual massages with their aromatic oil and the best one is their body to body erotic massage where you can have a very relaxing massage with the use of your masseuse\u2019s whole body, isn\u2019t it great?<\/p>","protected":false},"excerpt":{"rendered":"<p>Are you looking for sex in Beijing or a happy ending massage? China may be one of the most populous countries not just in Asia but also in the whole world and with all these numbers of people living in China, some of them is now having a hard time finding a job and may [&hellip;]<\/p>","protected":false},"author":2,"featured_media":8817,"parent":0,"menu_order":0,"comment_status":"open","ping_status":"closed","template":"","meta":{"_exactmetrics_skip_tracking":false,"_exactmetrics_sitenote_active":false,"_exactmetrics_sitenote_note":"","_exactmetrics_sitenote_category":0,"footnotes":""},"categories":[334],"tags":[],"class_list":["post-8816","page","type-page","status-publish","has-post-thumbnail","hentry","category-china"],"yoast_head":"<!-- This site is optimized with the Yoast SEO plugin v20.1 - https:\/\/yoast.com\/wordpress\/plugins\/seo\/ -->\n<title>6 Places for Best Sex in Beijing - A Farang Abroad<\/title>\n<meta name=\"description\" content=\"Find the best places for sex in Beijing or where to get a happy ending massage. In this article I list the best massages and prices of girls for sex.\" \/>\n<meta name=\"robots\" content=\"index, follow, max-snippet:-1, max-image-preview:large, max-video-preview:-1\" \/>\n<link rel=\"canonical\" href=\"https:\/\/afarangabroad.com\/fr\/sexe-a-pekin\/\" \/>\n<meta property=\"og:locale\" content=\"fr_FR\" \/>\n<meta property=\"og:type\" content=\"article\" \/>\n<meta property=\"og:title\" content=\"6 Places for Best Sex in Beijing - A Farang Abroad\" \/>\n<meta property=\"og:description\" content=\"Find the best places for sex in Beijing or where to get a happy ending massage. In this article I list the best massages and prices of girls for sex.\" \/>\n<meta property=\"og:url\" content=\"https:\/\/afarangabroad.com\/fr\/sexe-a-pekin\/\" \/>\n<meta property=\"og:site_name\" content=\"A Farang Abroad\" \/>\n<meta property=\"article:modified_time\" content=\"2020-05-19T03:54:54+00:00\" \/>\n<meta property=\"og:image\" content=\"https:\/\/afarangabroad.com\/wp-content\/uploads\/2017\/10\/Beijing-sex-guide.jpg\" \/>\n\t<meta property=\"og:image:width\" content=\"640\" \/>\n\t<meta property=\"og:image:height\" content=\"426\" \/>\n\t<meta property=\"og:image:type\" content=\"image\/jpeg\" \/>\n<meta name=\"twitter:label1\" content=\"Dur\u00e9e de lecture estim\u00e9e\" \/>\n\t<meta name=\"twitter:data1\" content=\"8 minutes\" \/>\n<script type=\"application\/ld+json\" class=\"yoast-schema-graph\">{\"@context\":\"https:\/\/schema.org\",\"@graph\":[{\"@type\":\"WebPage\",\"@id\":\"https:\/\/afarangabroad.com\/sex-in-beijing\/\",\"url\":\"https:\/\/afarangabroad.com\/sex-in-beijing\/\",\"name\":\"6 Places for Best Sex in Beijing - A Farang Abroad\",\"isPartOf\":{\"@id\":\"https:\/\/afarangabroad.com\/#website\"},\"datePublished\":\"2017-10-06T17:49:25+00:00\",\"dateModified\":\"2020-05-19T03:54:54+00:00\",\"description\":\"Find the best places for sex in Beijing or where to get a happy ending massage. In this article I list the best massages and prices of girls for sex.\",\"breadcrumb\":{\"@id\":\"https:\/\/afarangabroad.com\/sex-in-beijing\/#breadcrumb\"},\"inLanguage\":\"fr-FR\",\"potentialAction\":[{\"@type\":\"ReadAction\",\"target\":[\"https:\/\/afarangabroad.com\/sex-in-beijing\/\"]}]},{\"@type\":\"BreadcrumbList\",\"@id\":\"https:\/\/afarangabroad.com\/sex-in-beijing\/#breadcrumb\",\"itemListElement\":[{\"@type\":\"ListItem\",\"position\":1,\"name\":\"Home\",\"item\":\"https:\/\/afarangabroad.com\/\"},{\"@type\":\"ListItem\",\"position\":2,\"name\":\"6 Places for Best Sex in Beijing\"}]},{\"@type\":\"WebSite\",\"@id\":\"https:\/\/afarangabroad.com\/#website\",\"url\":\"https:\/\/afarangabroad.com\/\",\"name\":\"A Farang Abroad\",\"description\":\"Your secret guide to Asia&#039;s sexiest nightlife.\",\"potentialAction\":[{\"@type\":\"SearchAction\",\"target\":{\"@type\":\"EntryPoint\",\"urlTemplate\":\"https:\/\/afarangabroad.com\/?s={search_term_string}\"},\"query-input\":\"required name=search_term_string\"}],\"inLanguage\":\"fr-FR\"}]}<\/script>\n<!-- \/ Yoast SEO plugin. -->","yoast_head_json":{"title":"6 Places for Best Sex in Beijing - A Farang Abroad","description":"Find the best places for sex in Beijing or where to get a happy ending massage. In this article I list the best massages and prices of girls for sex.","robots":{"index":"index","follow":"follow","max-snippet":"max-snippet:-1","max-image-preview":"max-image-preview:large","max-video-preview":"max-video-preview:-1"},"canonical":"https:\/\/afarangabroad.com\/fr\/sexe-a-pekin\/","og_locale":"fr_FR","og_type":"article","og_title":"6 Places for Best Sex in Beijing - A Farang Abroad","og_description":"Find the best places for sex in Beijing or where to get a happy ending massage. In this article I list the best massages and prices of girls for sex.","og_url":"https:\/\/afarangabroad.com\/fr\/sexe-a-pekin\/","og_site_name":"A Farang Abroad","article_modified_time":"2020-05-19T03:54:54+00:00","og_image":[{"width":"640","height":"426","url":"https:\/\/afarangabroad.com\/wp-content\/uploads\/2017\/10\/Beijing-sex-guide.jpg","type":"image\/jpeg"}],"twitter_misc":{"Dur\u00e9e de lecture estim\u00e9e":"8 minutes"},"schema":{"@context":"https:\/\/schema.org","@graph":[{"@type":"WebPage","@id":"https:\/\/afarangabroad.com\/sex-in-beijing\/","url":"https:\/\/afarangabroad.com\/sex-in-beijing\/","name":"6 Places for Best Sex in Beijing - A Farang Abroad","isPartOf":{"@id":"https:\/\/afarangabroad.com\/#website"},"datePublished":"2017-10-06T17:49:25+00:00","dateModified":"2020-05-19T03:54:54+00:00","description":"Find the best places for sex in Beijing or where to get a happy ending massage. In this article I list the best massages and prices of girls for sex.","breadcrumb":{"@id":"https:\/\/afarangabroad.com\/sex-in-beijing\/#breadcrumb"},"inLanguage":"fr-FR","potentialAction":[{"@type":"ReadAction","target":["https:\/\/afarangabroad.com\/sex-in-beijing\/"]}]},{"@type":"BreadcrumbList","@id":"https:\/\/afarangabroad.com\/sex-in-beijing\/#breadcrumb","itemListElement":[{"@type":"ListItem","position":1,"name":"Home","item":"https:\/\/afarangabroad.com\/"},{"@type":"ListItem","position":2,"name":"6 Places for Best Sex in Beijing"}]},{"@type":"WebSite","@id":"https:\/\/afarangabroad.com\/#website","url":"https:\/\/afarangabroad.com\/","name":"A Farang Abroad","description":"Your secret guide to Asia&#039;s sexiest nightlife.","potentialAction":[{"@type":"SearchAction","target":{"@type":"EntryPoint","urlTemplate":"https:\/\/afarangabroad.com\/?s={search_term_string}"},"query-input":"required name=search_term_string"}],"inLanguage":"fr-FR"}]}},"_links":{"self":[{"href":"https:\/\/afarangabroad.com\/fr\/wp-json\/wp\/v2\/pages\/8816"}],"collection":[{"href":"https:\/\/afarangabroad.com\/fr\/wp-json\/wp\/v2\/pages"}],"about":[{"href":"https:\/\/afarangabroad.com\/fr\/wp-json\/wp\/v2\/types\/page"}],"author":[{"embeddable":true,"href":"https:\/\/afarangabroad.com\/fr\/wp-json\/wp\/v2\/users\/2"}],"replies":[{"embeddable":true,"href":"https:\/\/afarangabroad.com\/fr\/wp-json\/wp\/v2\/comments?post=8816"}],"version-history":[{"count":0,"href":"https:\/\/afarangabroad.com\/fr\/wp-json\/wp\/v2\/pages\/8816\/revisions"}],"wp:featuredmedia":[{"embeddable":true,"href":"https:\/\/afarangabroad.com\/fr\/wp-json\/wp\/v2\/media\/8817"}],"wp:attachment":[{"href":"https:\/\/afarangabroad.com\/fr\/wp-json\/wp\/v2\/media?parent=8816"}],"wp:term":[{"taxonomy":"category","embeddable":true,"href":"https:\/\/afarangabroad.com\/fr\/wp-json\/wp\/v2\/categories?post=8816"},{"taxonomy":"post_tag","embeddable":true,"href":"https:\/\/afarangabroad.com\/fr\/wp-json\/wp\/v2\/tags?post=8816"}],"curies":[{"name":"wp","href":"https:\/\/api.w.org\/{rel}","templated":true}]}}