{"id":8821,"date":"2017-10-06T19:05:27","date_gmt":"2017-10-06T18:05:27","guid":{"rendered":"https:\/\/afarangabroad.com\/?page_id=8821"},"modified":"2020-08-10T03:22:37","modified_gmt":"2020-08-10T02:22:37","slug":"macau-sex","status":"publish","type":"page","link":"https:\/\/afarangabroad.com\/fr\/sexe-macau\/","title":{"rendered":"5 meilleurs saunas pour le sexe \u00e0 Macao"},"content":{"rendered":"<p>Vous cherchez \u00e0 faire l'amour \u00e0 Macao ou \u00e0 b\u00e9n\u00e9ficier d'un des meilleurs massages au sauna ? Dans cet article, je vous montre o\u00f9 trouver les filles les plus sexy de Macao et ce qu'elles co\u00fbtent.<\/p>\n<p>Today, China is one of the most visited countries in Asia and that\u2019s all because of everything China has to offer its tourists and expats. With the large area China has, it is surely difficult for a tourist to tour the entire country thus as a tourist, you surely have to choose amongst the cities in the country that you should pay a visit in your next holiday vacation.<\/p>\n<p>Si vous voulez vous envoyer en l'air gratuitement \u00e0 Macao,\u00a0<a href=\"https:\/\/afarangabroad.com\/fr\/hong-kong-cupid\/\" target=\"_blank\" rel=\"noopener noreferrer\">lire cet article<\/a>.<\/p>\n<p><a class=\"mozbar-highlight-followed-wGA7MhRhQ3WS\" href=\"https:\/\/afarangabroad.com\/fr\/hong-kong-cupid\/\" target=\"_blank\" rel=\"noopener noreferrer\"><img loading=\"lazy\" decoding=\"async\" class=\"aligncenter wp-image-9621 size-large\" src=\"https:\/\/afarangabroad.com\/wp-content\/uploads\/2018\/04\/meet-hot-HK-girls-1024x691.png\" sizes=\"(max-width: 678px) 100vw, 678px\" srcset=\"https:\/\/afarangabroad.com\/wp-content\/uploads\/2018\/04\/meet-hot-HK-girls-1024x691.png 1024w, https:\/\/afarangabroad.com\/wp-content\/uploads\/2018\/04\/meet-hot-HK-girls-300x202.png 300w, https:\/\/afarangabroad.com\/wp-content\/uploads\/2018\/04\/meet-hot-HK-girls-768x518.png 768w, https:\/\/afarangabroad.com\/wp-content\/uploads\/2018\/04\/meet-hot-HK-girls.png 1038w\" alt=\"\" width=\"678\" height=\"458\" \/><\/a><\/p>\n<p>Macao est l'une des villes de Chine que les touristes du monde entier adorent visiter. En vous promenant dans la ville de Macao, vous serez certainement \u00e9tonn\u00e9 par toutes les infrastructures et les attractions que Macao a \u00e0 offrir \u00e0 ses visiteurs, ce qui explique pourquoi ils aiment revenir dans cette ville.<\/p>\n<p>As of the moment, Macau was already able to maintain its great reviews from all the tourists and even locals who have tried the city\u2019s amenities and Macau is also known by the way as \u201c<a href=\"http:\/\/www.nydailynews.com\/life-style\/macau-las-vegas-asia-article-1.1431044\" target=\"_blank\" rel=\"nofollow noopener noreferrer\">Le Las Vegas de l'Asie<\/a>\u201d and that&#8217;s a credit for those <a href=\"https:\/\/www.bloggeratlarge.com\/asia\/where-to-shop-in-macau\/\" target=\"_blank\" rel=\"nofollow noopener noreferrer\">des centres commerciaux et des b\u00e2timents de classe mondiale<\/a> que l'on trouve un peu partout.<\/p>\n<p>Outre les centres commerciaux et les b\u00e2timents, ce sont les filles qui attirent les touristes \u00e0 Macao. Oui, Macao a de belles et s\u00e9duisantes filles qui valent toutes la peine d'\u00eatre visit\u00e9es. Si vous voulez essayer ces filles ou m\u00eame le sexe \u00e0 Macao, il y a plusieurs fa\u00e7ons de les trouver dans la ville de Macao.<\/p>\n<h2>Services d'escorte \u00e0 Macao<\/h2>\n<p>If you don&#8217;t want to visit a sauna and would prefer something a little more discreet, I highly recommend escort dating site Smooci. They are the safest and most reputable escort agency in Macau.<\/p>\n<p><a href=\"https:\/\/smooci.com\/macau?search&amp;utm_source=afarang-MCU-text\" target=\"_blank\" rel=\"noopener noreferrer\"><img loading=\"lazy\" decoding=\"async\" class=\"aligncenter wp-image-512712\" src=\"https:\/\/afarangabroad.com\/wp-content\/uploads\/2020\/08\/new-smooci-banner-300x75.gif\" alt=\"\" width=\"456\" height=\"114\" srcset=\"https:\/\/afarangabroad.com\/wp-content\/uploads\/2020\/08\/new-smooci-banner-300x75.gif 300w, https:\/\/afarangabroad.com\/wp-content\/uploads\/2020\/08\/new-smooci-banner-768x192.gif 768w\" sizes=\"(max-width: 456px) 100vw, 456px\" \/><\/a><\/p>\n<p>Sur leur site, vous pouvez trouver plus de 20+ filles avec des prix que vous pouvez r\u00e9server imm\u00e9diatement. Les filles viendront \u00e0 votre h\u00f4tel ou Airbnb autour du clic. Vous pouvez visiter leur site pour voir leur liste compl\u00e8te de filles : <a href=\"https:\/\/smooci.com\/macau?search&amp;utm_source=afarang-MCU-text\" target=\"_blank\" rel=\"nofollow noopener noreferrer\">www.Smooci.com<\/a><\/p>\n<h2><strong><u>Sauna de Macao<\/u><\/strong><\/h2>\n<p>L'un des meilleurs moyens de trouver <a href=\"https:\/\/afarangabroad.com\/fr\/macau-girls\/\">filles \u00e0 Macao<\/a> is through their saunas that you can surely find all over the city. Through these saunas, you won\u2019t just have a relaxing massage from your masseuse but they can also offer you a \u2018happy ending\u2019.<\/p>","protected":false},"excerpt":{"rendered":"<p>Looking for sex in Macau or one of their best sauna massages? In this article I show you where to get the sexiest girls in Macau and what they cost. Today, China is one of the most visited countries in Asia and that\u2019s all because of everything China has to offer its tourists and expats. [&hellip;]<\/p>","protected":false},"author":2,"featured_media":8738,"parent":0,"menu_order":0,"comment_status":"open","ping_status":"closed","template":"","meta":{"_exactmetrics_skip_tracking":false,"_exactmetrics_sitenote_active":false,"_exactmetrics_sitenote_note":"","_exactmetrics_sitenote_category":0,"footnotes":""},"categories":[332],"tags":[],"class_list":["post-8821","page","type-page","status-publish","has-post-thumbnail","hentry","category-hong-kong"],"yoast_head":"<!-- This site is optimized with the Yoast SEO plugin v20.1 - https:\/\/yoast.com\/wordpress\/plugins\/seo\/ -->\n<title>5 Best Sex Saunas in Macau - A Farang Abroad<\/title>\n<meta name=\"description\" content=\"Looking for sex in Macau or one of their best sauna massages? In this article I show you where to get the sexiest girls in Macau and what they cost.\" \/>\n<meta name=\"robots\" content=\"index, follow, max-snippet:-1, max-image-preview:large, max-video-preview:-1\" \/>\n<link rel=\"canonical\" href=\"https:\/\/afarangabroad.com\/fr\/sexe-macau\/\" \/>\n<meta property=\"og:locale\" content=\"fr_FR\" \/>\n<meta property=\"og:type\" content=\"article\" \/>\n<meta property=\"og:title\" content=\"5 Best Sex Saunas in Macau - A Farang Abroad\" \/>\n<meta property=\"og:description\" content=\"Looking for sex in Macau or one of their best sauna massages? In this article I show you where to get the sexiest girls in Macau and what they cost.\" \/>\n<meta property=\"og:url\" content=\"https:\/\/afarangabroad.com\/fr\/sexe-macau\/\" \/>\n<meta property=\"og:site_name\" content=\"A Farang Abroad\" \/>\n<meta property=\"article:modified_time\" content=\"2020-08-10T02:22:37+00:00\" \/>\n<meta property=\"og:image\" content=\"https:\/\/afarangabroad.com\/wp-content\/uploads\/2017\/08\/meetings-girls-in-Macau.jpg\" \/>\n\t<meta property=\"og:image:width\" content=\"2048\" \/>\n\t<meta property=\"og:image:height\" content=\"1272\" \/>\n\t<meta property=\"og:image:type\" content=\"image\/jpeg\" \/>\n<meta name=\"twitter:label1\" content=\"Dur\u00e9e de lecture estim\u00e9e\" \/>\n\t<meta name=\"twitter:data1\" content=\"8 minutes\" \/>\n<script type=\"application\/ld+json\" class=\"yoast-schema-graph\">{\"@context\":\"https:\/\/schema.org\",\"@graph\":[{\"@type\":\"WebPage\",\"@id\":\"https:\/\/afarangabroad.com\/macau-sex\/\",\"url\":\"https:\/\/afarangabroad.com\/macau-sex\/\",\"name\":\"5 Best Sex Saunas in Macau - A Farang Abroad\",\"isPartOf\":{\"@id\":\"https:\/\/afarangabroad.com\/#website\"},\"datePublished\":\"2017-10-06T18:05:27+00:00\",\"dateModified\":\"2020-08-10T02:22:37+00:00\",\"description\":\"Looking for sex in Macau or one of their best sauna massages? In this article I show you where to get the sexiest girls in Macau and what they cost.\",\"breadcrumb\":{\"@id\":\"https:\/\/afarangabroad.com\/macau-sex\/#breadcrumb\"},\"inLanguage\":\"fr-FR\",\"potentialAction\":[{\"@type\":\"ReadAction\",\"target\":[\"https:\/\/afarangabroad.com\/macau-sex\/\"]}]},{\"@type\":\"BreadcrumbList\",\"@id\":\"https:\/\/afarangabroad.com\/macau-sex\/#breadcrumb\",\"itemListElement\":[{\"@type\":\"ListItem\",\"position\":1,\"name\":\"Home\",\"item\":\"https:\/\/afarangabroad.com\/\"},{\"@type\":\"ListItem\",\"position\":2,\"name\":\"5 Best Sex Saunas in Macau\"}]},{\"@type\":\"WebSite\",\"@id\":\"https:\/\/afarangabroad.com\/#website\",\"url\":\"https:\/\/afarangabroad.com\/\",\"name\":\"A Farang Abroad\",\"description\":\"Your secret guide to Asia&#039;s sexiest nightlife.\",\"potentialAction\":[{\"@type\":\"SearchAction\",\"target\":{\"@type\":\"EntryPoint\",\"urlTemplate\":\"https:\/\/afarangabroad.com\/?s={search_term_string}\"},\"query-input\":\"required name=search_term_string\"}],\"inLanguage\":\"fr-FR\"}]}<\/script>\n<!-- \/ Yoast SEO plugin. -->","yoast_head_json":{"title":"5 Best Sex Saunas in Macau - A Farang Abroad","description":"Looking for sex in Macau or one of their best sauna massages? In this article I show you where to get the sexiest girls in Macau and what they cost.","robots":{"index":"index","follow":"follow","max-snippet":"max-snippet:-1","max-image-preview":"max-image-preview:large","max-video-preview":"max-video-preview:-1"},"canonical":"https:\/\/afarangabroad.com\/fr\/sexe-macau\/","og_locale":"fr_FR","og_type":"article","og_title":"5 Best Sex Saunas in Macau - A Farang Abroad","og_description":"Looking for sex in Macau or one of their best sauna massages? In this article I show you where to get the sexiest girls in Macau and what they cost.","og_url":"https:\/\/afarangabroad.com\/fr\/sexe-macau\/","og_site_name":"A Farang Abroad","article_modified_time":"2020-08-10T02:22:37+00:00","og_image":[{"width":"2048","height":"1272","url":"https:\/\/afarangabroad.com\/wp-content\/uploads\/2017\/08\/meetings-girls-in-Macau.jpg","type":"image\/jpeg"}],"twitter_misc":{"Dur\u00e9e de lecture estim\u00e9e":"8 minutes"},"schema":{"@context":"https:\/\/schema.org","@graph":[{"@type":"WebPage","@id":"https:\/\/afarangabroad.com\/macau-sex\/","url":"https:\/\/afarangabroad.com\/macau-sex\/","name":"5 Best Sex Saunas in Macau - A Farang Abroad","isPartOf":{"@id":"https:\/\/afarangabroad.com\/#website"},"datePublished":"2017-10-06T18:05:27+00:00","dateModified":"2020-08-10T02:22:37+00:00","description":"Looking for sex in Macau or one of their best sauna massages? In this article I show you where to get the sexiest girls in Macau and what they cost.","breadcrumb":{"@id":"https:\/\/afarangabroad.com\/macau-sex\/#breadcrumb"},"inLanguage":"fr-FR","potentialAction":[{"@type":"ReadAction","target":["https:\/\/afarangabroad.com\/macau-sex\/"]}]},{"@type":"BreadcrumbList","@id":"https:\/\/afarangabroad.com\/macau-sex\/#breadcrumb","itemListElement":[{"@type":"ListItem","position":1,"name":"Home","item":"https:\/\/afarangabroad.com\/"},{"@type":"ListItem","position":2,"name":"5 Best Sex Saunas in Macau"}]},{"@type":"WebSite","@id":"https:\/\/afarangabroad.com\/#website","url":"https:\/\/afarangabroad.com\/","name":"A Farang Abroad","description":"Your secret guide to Asia&#039;s sexiest nightlife.","potentialAction":[{"@type":"SearchAction","target":{"@type":"EntryPoint","urlTemplate":"https:\/\/afarangabroad.com\/?s={search_term_string}"},"query-input":"required name=search_term_string"}],"inLanguage":"fr-FR"}]}},"_links":{"self":[{"href":"https:\/\/afarangabroad.com\/fr\/wp-json\/wp\/v2\/pages\/8821"}],"collection":[{"href":"https:\/\/afarangabroad.com\/fr\/wp-json\/wp\/v2\/pages"}],"about":[{"href":"https:\/\/afarangabroad.com\/fr\/wp-json\/wp\/v2\/types\/page"}],"author":[{"embeddable":true,"href":"https:\/\/afarangabroad.com\/fr\/wp-json\/wp\/v2\/users\/2"}],"replies":[{"embeddable":true,"href":"https:\/\/afarangabroad.com\/fr\/wp-json\/wp\/v2\/comments?post=8821"}],"version-history":[{"count":1,"href":"https:\/\/afarangabroad.com\/fr\/wp-json\/wp\/v2\/pages\/8821\/revisions"}],"predecessor-version":[{"id":512732,"href":"https:\/\/afarangabroad.com\/fr\/wp-json\/wp\/v2\/pages\/8821\/revisions\/512732"}],"wp:featuredmedia":[{"embeddable":true,"href":"https:\/\/afarangabroad.com\/fr\/wp-json\/wp\/v2\/media\/8738"}],"wp:attachment":[{"href":"https:\/\/afarangabroad.com\/fr\/wp-json\/wp\/v2\/media?parent=8821"}],"wp:term":[{"taxonomy":"category","embeddable":true,"href":"https:\/\/afarangabroad.com\/fr\/wp-json\/wp\/v2\/categories?post=8821"},{"taxonomy":"post_tag","embeddable":true,"href":"https:\/\/afarangabroad.com\/fr\/wp-json\/wp\/v2\/tags?post=8821"}],"curies":[{"name":"wp","href":"https:\/\/api.w.org\/{rel}","templated":true}]}}