{"id":8842,"date":"2017-10-26T13:29:41","date_gmt":"2017-10-26T12:29:41","guid":{"rendered":"https:\/\/afarangabroad.com\/?page_id=8842"},"modified":"2020-08-10T03:22:27","modified_gmt":"2020-08-10T02:22:27","slug":"hong-kong-red-light-district","status":"publish","type":"page","link":"https:\/\/afarangabroad.com\/fr\/hong-kong-red-light-district\/","title":{"rendered":"Guide ultime du quartier rouge de Hong Kong"},"content":{"rendered":"<p>In this article you&#8217;ll learn about the Hong Kong red light district and where to get hookers.<\/p>\n<p>If what you\u2019ve been looking for is a place in Asia where you can surely have fun with whatever definition you have for fun then Hong Kong is the best place for you especially if you are the tourist who\u2019s already able to visit different countries and wants to find a new place that is truly worth visiting for.<\/p>\n<p style=\"text-align: center;\">Vous voulez rencontrer des filles sexy de Hong Kong gratuitement ?\u00a0<a class=\"mozbar-highlight-followed-wGA7MhRhQ3WS\" href=\"https:\/\/afarangabroad.com\/fr\/hong-kong-cupid\/\" target=\"_blank\" rel=\"noopener noreferrer\">Consultez cet article<\/a><\/p>\n<p><a class=\"mozbar-highlight-followed-wGA7MhRhQ3WS\" href=\"https:\/\/afarangabroad.com\/fr\/hong-kong-cupid\/\" target=\"_blank\" rel=\"noopener noreferrer\"><img loading=\"lazy\" decoding=\"async\" class=\"aligncenter wp-image-9621 size-large\" src=\"https:\/\/afarangabroad.com\/wp-content\/uploads\/2018\/04\/meet-hot-HK-girls-1024x691.png\" sizes=\"(max-width: 678px) 100vw, 678px\" srcset=\"https:\/\/afarangabroad.com\/wp-content\/uploads\/2018\/04\/meet-hot-HK-girls-1024x691.png 1024w, https:\/\/afarangabroad.com\/wp-content\/uploads\/2018\/04\/meet-hot-HK-girls-300x202.png 300w, https:\/\/afarangabroad.com\/wp-content\/uploads\/2018\/04\/meet-hot-HK-girls-768x518.png 768w, https:\/\/afarangabroad.com\/wp-content\/uploads\/2018\/04\/meet-hot-HK-girls.png 1038w\" alt=\"\" width=\"678\" height=\"458\" \/><\/a><\/p>\n<p>Lorsque vous \u00eates \u00e0 Hong Kong, vos trois jours de vacances ne suffisent pas, car avec toutes les attractions et les destinations que vous pouvez trouver sur l'\u00eele, il vous faudra certainement plusieurs semaines pour vous en lasser. Ici, \u00e0 Hong Kong, vous pouvez trouver diverses attractions touristiques, en particulier le tr\u00e8s connu Hong Kong Disneyland, mais \u00e0 part ce parc d'attractions, qu'est-ce que cette belle \u00eele de Chine peut vous offrir de plus ?<\/p>\n<p>Comme dans d'autres villes de Chine, la prostitution est \u00e9galement r\u00e9pandue \u00e0 Hong Kong. Il est donc in\u00e9vitable qu'un certain nombre d'\u00e9trangers se rendent sur l'\u00eele pour trouver des prostitu\u00e9es sexy \u00e0 Hong Kong.<\/p>\n<p><img loading=\"lazy\" decoding=\"async\" class=\"aligncenter size-large wp-image-8843\" src=\"https:\/\/afarangabroad.com\/wp-content\/uploads\/2017\/10\/hong-kong-red-light-district-1024x683.jpg\" alt=\"hong kong red light district\" width=\"678\" height=\"452\" srcset=\"https:\/\/afarangabroad.com\/wp-content\/uploads\/2017\/10\/hong-kong-red-light-district-1024x683.jpg 1024w, https:\/\/afarangabroad.com\/wp-content\/uploads\/2017\/10\/hong-kong-red-light-district-300x200.jpg 300w, https:\/\/afarangabroad.com\/wp-content\/uploads\/2017\/10\/hong-kong-red-light-district-768x512.jpg 768w, https:\/\/afarangabroad.com\/wp-content\/uploads\/2017\/10\/hong-kong-red-light-district.jpg 2048w\" sizes=\"(max-width: 678px) 100vw, 678px\" \/><\/p>\n<p>Hong Kong may be a big island but if you just know where to go then you won\u2019t surely have a hard time finding these Hong Kong hookers, however, if you were able to know more about Hong Kong red light districts then it would be much easier for you to tour around the streets of Hong Kong.<\/p>\n<p>En rapport : <a class=\"mozbar-highlight-followed-wGA7MhRhQ3WS\" href=\"https:\/\/afarangabroad.com\/fr\/sex-hong-kong\/\">Le sexe \u00e0 Hong Kong<\/a>.<\/p>\n<h2>Smooci Hong Kong outcall et incall<\/h2>\n<p>If you don&#8217;t want to mess around with shady brothels and freelancers, then by far the best way to have sex in Hong Kong is to use Smooci.<\/p>\n<p><a href=\"https:\/\/smooci.com\/hong-kong?search&amp;utm_source=afarang-HK-text\" target=\"_blank\" rel=\"noopener noreferrer\"><img loading=\"lazy\" decoding=\"async\" class=\"aligncenter wp-image-512712\" src=\"https:\/\/afarangabroad.com\/wp-content\/uploads\/2020\/08\/new-smooci-banner-300x75.gif\" alt=\"\" width=\"456\" height=\"114\" srcset=\"https:\/\/afarangabroad.com\/wp-content\/uploads\/2020\/08\/new-smooci-banner-300x75.gif 300w, https:\/\/afarangabroad.com\/wp-content\/uploads\/2020\/08\/new-smooci-banner-768x192.gif 768w\" sizes=\"(max-width: 456px) 100vw, 456px\" \/><\/a><\/p>","protected":false},"excerpt":{"rendered":"<p>In this article you&#8217;ll learn about the Hong Kong red light district and where to get hookers. If what you\u2019ve been looking for is a place in Asia where you can surely have fun with whatever definition you have for fun then Hong Kong is the best place for you especially if you are the [&hellip;]<\/p>","protected":false},"author":2,"featured_media":8843,"parent":0,"menu_order":0,"comment_status":"open","ping_status":"closed","template":"","meta":{"_exactmetrics_skip_tracking":false,"_exactmetrics_sitenote_active":false,"_exactmetrics_sitenote_note":"","_exactmetrics_sitenote_category":0,"footnotes":""},"categories":[332],"tags":[],"class_list":["post-8842","page","type-page","status-publish","has-post-thumbnail","hentry","category-hong-kong"],"yoast_head":"<!-- This site is optimized with the Yoast SEO plugin v20.1 - https:\/\/yoast.com\/wordpress\/plugins\/seo\/ -->\n<title>Ultimate Hong Kong Red Light District Guide - A Farang Abroad<\/title>\n<meta name=\"description\" content=\"In this article you&#039;ll learn about the Hong Kong red light district and where to get hookers. I&#039;ll also talk about the best clubs in Hong Kong\" \/>\n<meta name=\"robots\" content=\"index, follow, max-snippet:-1, max-image-preview:large, max-video-preview:-1\" \/>\n<link rel=\"canonical\" href=\"https:\/\/afarangabroad.com\/fr\/hong-kong-red-light-district\/\" \/>\n<meta property=\"og:locale\" content=\"fr_FR\" \/>\n<meta property=\"og:type\" content=\"article\" \/>\n<meta property=\"og:title\" content=\"Ultimate Hong Kong Red Light District Guide - A Farang Abroad\" \/>\n<meta property=\"og:description\" content=\"In this article you&#039;ll learn about the Hong Kong red light district and where to get hookers. I&#039;ll also talk about the best clubs in Hong Kong\" \/>\n<meta property=\"og:url\" content=\"https:\/\/afarangabroad.com\/fr\/hong-kong-red-light-district\/\" \/>\n<meta property=\"og:site_name\" content=\"A Farang Abroad\" \/>\n<meta property=\"article:modified_time\" content=\"2020-08-10T02:22:27+00:00\" \/>\n<meta property=\"og:image\" content=\"https:\/\/afarangabroad.com\/wp-content\/uploads\/2017\/10\/hong-kong-red-light-district.jpg\" \/>\n\t<meta property=\"og:image:width\" content=\"2048\" \/>\n\t<meta property=\"og:image:height\" content=\"1366\" \/>\n\t<meta property=\"og:image:type\" content=\"image\/jpeg\" \/>\n<meta name=\"twitter:label1\" content=\"Dur\u00e9e de lecture estim\u00e9e\" \/>\n\t<meta name=\"twitter:data1\" content=\"11 minutes\" \/>\n<script type=\"application\/ld+json\" class=\"yoast-schema-graph\">{\"@context\":\"https:\/\/schema.org\",\"@graph\":[{\"@type\":\"WebPage\",\"@id\":\"https:\/\/afarangabroad.com\/hong-kong-red-light-district\/\",\"url\":\"https:\/\/afarangabroad.com\/hong-kong-red-light-district\/\",\"name\":\"Ultimate Hong Kong Red Light District Guide - A Farang Abroad\",\"isPartOf\":{\"@id\":\"https:\/\/afarangabroad.com\/#website\"},\"datePublished\":\"2017-10-26T12:29:41+00:00\",\"dateModified\":\"2020-08-10T02:22:27+00:00\",\"description\":\"In this article you'll learn about the Hong Kong red light district and where to get hookers. I'll also talk about the best clubs in Hong Kong\",\"breadcrumb\":{\"@id\":\"https:\/\/afarangabroad.com\/hong-kong-red-light-district\/#breadcrumb\"},\"inLanguage\":\"fr-FR\",\"potentialAction\":[{\"@type\":\"ReadAction\",\"target\":[\"https:\/\/afarangabroad.com\/hong-kong-red-light-district\/\"]}]},{\"@type\":\"BreadcrumbList\",\"@id\":\"https:\/\/afarangabroad.com\/hong-kong-red-light-district\/#breadcrumb\",\"itemListElement\":[{\"@type\":\"ListItem\",\"position\":1,\"name\":\"Home\",\"item\":\"https:\/\/afarangabroad.com\/\"},{\"@type\":\"ListItem\",\"position\":2,\"name\":\"Ultimate Hong Kong Red Light District Guide\"}]},{\"@type\":\"WebSite\",\"@id\":\"https:\/\/afarangabroad.com\/#website\",\"url\":\"https:\/\/afarangabroad.com\/\",\"name\":\"A Farang Abroad\",\"description\":\"Your secret guide to Asia&#039;s sexiest nightlife.\",\"potentialAction\":[{\"@type\":\"SearchAction\",\"target\":{\"@type\":\"EntryPoint\",\"urlTemplate\":\"https:\/\/afarangabroad.com\/?s={search_term_string}\"},\"query-input\":\"required name=search_term_string\"}],\"inLanguage\":\"fr-FR\"}]}<\/script>\n<!-- \/ Yoast SEO plugin. -->","yoast_head_json":{"title":"Ultimate Hong Kong Red Light District Guide - A Farang Abroad","description":"In this article you'll learn about the Hong Kong red light district and where to get hookers. I'll also talk about the best clubs in Hong Kong","robots":{"index":"index","follow":"follow","max-snippet":"max-snippet:-1","max-image-preview":"max-image-preview:large","max-video-preview":"max-video-preview:-1"},"canonical":"https:\/\/afarangabroad.com\/fr\/hong-kong-red-light-district\/","og_locale":"fr_FR","og_type":"article","og_title":"Ultimate Hong Kong Red Light District Guide - A Farang Abroad","og_description":"In this article you'll learn about the Hong Kong red light district and where to get hookers. I'll also talk about the best clubs in Hong Kong","og_url":"https:\/\/afarangabroad.com\/fr\/hong-kong-red-light-district\/","og_site_name":"A Farang Abroad","article_modified_time":"2020-08-10T02:22:27+00:00","og_image":[{"width":2048,"height":1366,"url":"https:\/\/afarangabroad.com\/wp-content\/uploads\/2017\/10\/hong-kong-red-light-district.jpg","type":"image\/jpeg"}],"twitter_misc":{"Dur\u00e9e de lecture estim\u00e9e":"11 minutes"},"schema":{"@context":"https:\/\/schema.org","@graph":[{"@type":"WebPage","@id":"https:\/\/afarangabroad.com\/hong-kong-red-light-district\/","url":"https:\/\/afarangabroad.com\/hong-kong-red-light-district\/","name":"Ultimate Hong Kong Red Light District Guide - A Farang Abroad","isPartOf":{"@id":"https:\/\/afarangabroad.com\/#website"},"datePublished":"2017-10-26T12:29:41+00:00","dateModified":"2020-08-10T02:22:27+00:00","description":"In this article you'll learn about the Hong Kong red light district and where to get hookers. I'll also talk about the best clubs in Hong Kong","breadcrumb":{"@id":"https:\/\/afarangabroad.com\/hong-kong-red-light-district\/#breadcrumb"},"inLanguage":"fr-FR","potentialAction":[{"@type":"ReadAction","target":["https:\/\/afarangabroad.com\/hong-kong-red-light-district\/"]}]},{"@type":"BreadcrumbList","@id":"https:\/\/afarangabroad.com\/hong-kong-red-light-district\/#breadcrumb","itemListElement":[{"@type":"ListItem","position":1,"name":"Home","item":"https:\/\/afarangabroad.com\/"},{"@type":"ListItem","position":2,"name":"Ultimate Hong Kong Red Light District Guide"}]},{"@type":"WebSite","@id":"https:\/\/afarangabroad.com\/#website","url":"https:\/\/afarangabroad.com\/","name":"A Farang Abroad","description":"Your secret guide to Asia&#039;s sexiest nightlife.","potentialAction":[{"@type":"SearchAction","target":{"@type":"EntryPoint","urlTemplate":"https:\/\/afarangabroad.com\/?s={search_term_string}"},"query-input":"required name=search_term_string"}],"inLanguage":"fr-FR"}]}},"_links":{"self":[{"href":"https:\/\/afarangabroad.com\/fr\/wp-json\/wp\/v2\/pages\/8842"}],"collection":[{"href":"https:\/\/afarangabroad.com\/fr\/wp-json\/wp\/v2\/pages"}],"about":[{"href":"https:\/\/afarangabroad.com\/fr\/wp-json\/wp\/v2\/types\/page"}],"author":[{"embeddable":true,"href":"https:\/\/afarangabroad.com\/fr\/wp-json\/wp\/v2\/users\/2"}],"replies":[{"embeddable":true,"href":"https:\/\/afarangabroad.com\/fr\/wp-json\/wp\/v2\/comments?post=8842"}],"version-history":[{"count":1,"href":"https:\/\/afarangabroad.com\/fr\/wp-json\/wp\/v2\/pages\/8842\/revisions"}],"predecessor-version":[{"id":512731,"href":"https:\/\/afarangabroad.com\/fr\/wp-json\/wp\/v2\/pages\/8842\/revisions\/512731"}],"wp:featuredmedia":[{"embeddable":true,"href":"https:\/\/afarangabroad.com\/fr\/wp-json\/wp\/v2\/media\/8843"}],"wp:attachment":[{"href":"https:\/\/afarangabroad.com\/fr\/wp-json\/wp\/v2\/media?parent=8842"}],"wp:term":[{"taxonomy":"category","embeddable":true,"href":"https:\/\/afarangabroad.com\/fr\/wp-json\/wp\/v2\/categories?post=8842"},{"taxonomy":"post_tag","embeddable":true,"href":"https:\/\/afarangabroad.com\/fr\/wp-json\/wp\/v2\/tags?post=8842"}],"curies":[{"name":"wp","href":"https:\/\/api.w.org\/{rel}","templated":true}]}}