{"id":8858,"date":"2017-11-10T07:27:46","date_gmt":"2017-11-10T07:27:46","guid":{"rendered":"https:\/\/afarangabroad.com\/?page_id=8858"},"modified":"2019-01-06T06:28:38","modified_gmt":"2019-01-06T06:28:38","slug":"ladyboys-bali","status":"publish","type":"page","link":"https:\/\/afarangabroad.com\/fr\/ladyboys-bali\/","title":{"rendered":"4 endroits o\u00f9 trouver des Ladyboys \u00e0 Bali"},"content":{"rendered":"<p>In this article I&#8217;ll show you where to find\u00a0Ladyboys in Bali, the best bars and clubs to meet them on holiday. If you want to meet normal <a href=\"https:\/\/afarangabroad.com\/fr\/filles-du-bali\/\">Les femmes de Bali lisent ici<\/a>.<\/p>\n<p>De nos jours, les vacances sont plus agr\u00e9ables si vous avez la possibilit\u00e9 de voyager d'un pays \u00e0 l'autre. Si vous \u00eates une personne qui aime visiter diff\u00e9rents pays et d\u00e9couvrir de nouvelles choses gr\u00e2ce \u00e0 leur culture, leurs traditions et leurs habitants, alors vous devriez lire ce guide.<\/p>\n<p>Si vous voulez rencontrer des ladyboys gratuitement, alors\u00a0<a href=\"https:\/\/afarangabroad.com\/fr\/cupidon-indonesien\/\" target=\"_blank\" rel=\"noopener\">lire cet article<\/a>.<\/p>\n<p><a href=\"https:\/\/afarangabroad.com\/fr\/cupidon-indonesien\/\" target=\"_blank\" rel=\"noopener\"><img loading=\"lazy\" decoding=\"async\" class=\"aligncenter size-large wp-image-7260\" src=\"https:\/\/afarangabroad.com\/wp-content\/uploads\/2016\/06\/Bali-Girls-1024x691.png\" sizes=\"(max-width: 600px) 100vw, 600px\" srcset=\"https:\/\/afarangabroad.com\/wp-content\/uploads\/2016\/06\/Bali-Girls-1024x691.png 1024w, https:\/\/afarangabroad.com\/wp-content\/uploads\/2016\/06\/Bali-Girls-300x202.png 300w, https:\/\/afarangabroad.com\/wp-content\/uploads\/2016\/06\/Bali-Girls-720x486.png 720w, https:\/\/afarangabroad.com\/wp-content\/uploads\/2016\/06\/Bali-Girls.png 1038w\" alt=\"Bali Girls\" width=\"600\" height=\"405\" \/><\/a><\/p>\n<p>Parmi tous les contenus du monde, l'Asie est en effet le pays le plus important o\u00f9 l'on peut voir la diff\u00e9rence de chaque pays, en particulier en ce qui concerne les diverses traditions de ces pays, mais parmi les 48 pays d'Asie, l'Indon\u00e9sie est vraiment l'un de ceux que vous devriez placer en premier dans votre liste de visites incontournables.<\/p>\n<p>Indonesia is best known for their temples, monuments, volcanoes, and mountains but if you wanted to find more in this particular country then you shouldn\u2019t forget the beaches in Indonesia which is a must try ones you are in the country especially the beaches you can in the island of Bali, Indonesia.<\/p>\n<p>Bali est une petite \u00eele d'Indon\u00e9sie, mais ce n'est pas parce que c'est une \u00eele que vous pouvez la d\u00e9pr\u00e9cier, car c'est ici que vous trouverez les meilleures plages du pays et, outre les plages, il y a aussi les filles de Bali et surtout les ladyboys de Bali qui feront de vos vacances sur cette \u00eele les meilleures.<\/p>\n<p>Les Ladyboys de Bali sont certainement tr\u00e8s connues et sont toutes tr\u00e8s expertes et exp\u00e9riment\u00e9es pour donner aux touristes et aux \u00e9trangers du bon temps \u00e0 chaque fois qu'ils sont sur l'\u00eele. Si vous pensez que ces ladyboys \u00e0 Bali ne sont que des possessions pour le sexe, alors vous vous trompez compl\u00e8tement.<\/p>\n<p>En rapport :\u00a0<a href=\"https:\/\/afarangabroad.com\/fr\/bali-hookers\/\" target=\"_blank\" rel=\"noopener\">Bali prostitu\u00e9es<\/a>\u00a0et o\u00f9 trouver <a href=\"https:\/\/afarangabroad.com\/fr\/jakarta-hookers\/\">putes \u00e0 Jakarta<\/a>.<\/p>\n<p>Ces ladyboys ne sont pas seulement l\u00e0 pour le plaisir, mais elles sont aussi capables de vous accompagner, surtout avec leur attitude joviale et gentille que la plupart des \u00e9trangers et des touristes recherchent.<\/p>\n<h2><strong>O\u00f9 trouver des ladyboys \u00e0 Bali ?<\/strong><\/h2>\n<p>There are actually a number of ways for a foreigner to find some ladyboys in Bali but if you wanted to them fast when you go and try to visit Seminyak\u2019s Dhyanapura area where you can find a number of ladyboy and gay bars spread all over the area.<\/p>","protected":false},"excerpt":{"rendered":"<p>In this article I&#8217;ll show you where to find\u00a0Ladyboys in Bali, the best bars and clubs to meet them on holiday. If you want to meet normal Bali women read here. Nowadays, holiday vacations are best spent if you are able to travel from one country to the other and if you are that person [&hellip;]<\/p>","protected":false},"author":2,"featured_media":8859,"parent":0,"menu_order":0,"comment_status":"open","ping_status":"closed","template":"","meta":{"_exactmetrics_skip_tracking":false,"_exactmetrics_sitenote_active":false,"_exactmetrics_sitenote_note":"","_exactmetrics_sitenote_category":0,"footnotes":""},"categories":[318],"tags":[],"class_list":["post-8858","page","type-page","status-publish","has-post-thumbnail","hentry","category-indonesia"],"yoast_head":"<!-- This site is optimized with the Yoast SEO plugin v20.1 - https:\/\/yoast.com\/wordpress\/plugins\/seo\/ -->\n<title>4 Places to Find Ladyboys in Bali - A Farang Abroad<\/title>\n<meta name=\"description\" content=\"In this article I&#039;ll show you where to find\u00a0Ladyboys in Bali, the best bars and clubs to meet them on your next holiday to Bali.\" \/>\n<meta name=\"robots\" content=\"index, follow, max-snippet:-1, max-image-preview:large, max-video-preview:-1\" \/>\n<link rel=\"canonical\" href=\"https:\/\/afarangabroad.com\/fr\/ladyboys-bali\/\" \/>\n<meta property=\"og:locale\" content=\"fr_FR\" \/>\n<meta property=\"og:type\" content=\"article\" \/>\n<meta property=\"og:title\" content=\"4 Places to Find Ladyboys in Bali - A Farang Abroad\" \/>\n<meta property=\"og:description\" content=\"In this article I&#039;ll show you where to find\u00a0Ladyboys in Bali, the best bars and clubs to meet them on your next holiday to Bali.\" \/>\n<meta property=\"og:url\" content=\"https:\/\/afarangabroad.com\/fr\/ladyboys-bali\/\" \/>\n<meta property=\"og:site_name\" content=\"A Farang Abroad\" \/>\n<meta property=\"article:modified_time\" content=\"2019-01-06T06:28:38+00:00\" \/>\n<meta property=\"og:image\" content=\"https:\/\/afarangabroad.com\/wp-content\/uploads\/2017\/11\/ladyboys-in-bali.jpg\" \/>\n\t<meta property=\"og:image:width\" content=\"945\" \/>\n\t<meta property=\"og:image:height\" content=\"756\" \/>\n\t<meta property=\"og:image:type\" content=\"image\/jpeg\" \/>\n<meta name=\"twitter:label1\" content=\"Dur\u00e9e de lecture estim\u00e9e\" \/>\n\t<meta name=\"twitter:data1\" content=\"8 minutes\" \/>\n<script type=\"application\/ld+json\" class=\"yoast-schema-graph\">{\"@context\":\"https:\/\/schema.org\",\"@graph\":[{\"@type\":\"WebPage\",\"@id\":\"https:\/\/afarangabroad.com\/ladyboys-bali\/\",\"url\":\"https:\/\/afarangabroad.com\/ladyboys-bali\/\",\"name\":\"4 Places to Find Ladyboys in Bali - A Farang Abroad\",\"isPartOf\":{\"@id\":\"https:\/\/afarangabroad.com\/#website\"},\"datePublished\":\"2017-11-10T07:27:46+00:00\",\"dateModified\":\"2019-01-06T06:28:38+00:00\",\"description\":\"In this article I'll show you where to find\u00a0Ladyboys in Bali, the best bars and clubs to meet them on your next holiday to Bali.\",\"breadcrumb\":{\"@id\":\"https:\/\/afarangabroad.com\/ladyboys-bali\/#breadcrumb\"},\"inLanguage\":\"fr-FR\",\"potentialAction\":[{\"@type\":\"ReadAction\",\"target\":[\"https:\/\/afarangabroad.com\/ladyboys-bali\/\"]}]},{\"@type\":\"BreadcrumbList\",\"@id\":\"https:\/\/afarangabroad.com\/ladyboys-bali\/#breadcrumb\",\"itemListElement\":[{\"@type\":\"ListItem\",\"position\":1,\"name\":\"Home\",\"item\":\"https:\/\/afarangabroad.com\/\"},{\"@type\":\"ListItem\",\"position\":2,\"name\":\"4 Places to Find Ladyboys in Bali\"}]},{\"@type\":\"WebSite\",\"@id\":\"https:\/\/afarangabroad.com\/#website\",\"url\":\"https:\/\/afarangabroad.com\/\",\"name\":\"A Farang Abroad\",\"description\":\"Your secret guide to Asia&#039;s sexiest nightlife.\",\"potentialAction\":[{\"@type\":\"SearchAction\",\"target\":{\"@type\":\"EntryPoint\",\"urlTemplate\":\"https:\/\/afarangabroad.com\/?s={search_term_string}\"},\"query-input\":\"required name=search_term_string\"}],\"inLanguage\":\"fr-FR\"}]}<\/script>\n<!-- \/ Yoast SEO plugin. -->","yoast_head_json":{"title":"4 Places to Find Ladyboys in Bali - A Farang Abroad","description":"In this article I'll show you where to find\u00a0Ladyboys in Bali, the best bars and clubs to meet them on your next holiday to Bali.","robots":{"index":"index","follow":"follow","max-snippet":"max-snippet:-1","max-image-preview":"max-image-preview:large","max-video-preview":"max-video-preview:-1"},"canonical":"https:\/\/afarangabroad.com\/fr\/ladyboys-bali\/","og_locale":"fr_FR","og_type":"article","og_title":"4 Places to Find Ladyboys in Bali - A Farang Abroad","og_description":"In this article I'll show you where to find\u00a0Ladyboys in Bali, the best bars and clubs to meet them on your next holiday to Bali.","og_url":"https:\/\/afarangabroad.com\/fr\/ladyboys-bali\/","og_site_name":"A Farang Abroad","article_modified_time":"2019-01-06T06:28:38+00:00","og_image":[{"width":945,"height":756,"url":"https:\/\/afarangabroad.com\/wp-content\/uploads\/2017\/11\/ladyboys-in-bali.jpg","type":"image\/jpeg"}],"twitter_misc":{"Dur\u00e9e de lecture estim\u00e9e":"8 minutes"},"schema":{"@context":"https:\/\/schema.org","@graph":[{"@type":"WebPage","@id":"https:\/\/afarangabroad.com\/ladyboys-bali\/","url":"https:\/\/afarangabroad.com\/ladyboys-bali\/","name":"4 Places to Find Ladyboys in Bali - A Farang Abroad","isPartOf":{"@id":"https:\/\/afarangabroad.com\/#website"},"datePublished":"2017-11-10T07:27:46+00:00","dateModified":"2019-01-06T06:28:38+00:00","description":"In this article I'll show you where to find\u00a0Ladyboys in Bali, the best bars and clubs to meet them on your next holiday to Bali.","breadcrumb":{"@id":"https:\/\/afarangabroad.com\/ladyboys-bali\/#breadcrumb"},"inLanguage":"fr-FR","potentialAction":[{"@type":"ReadAction","target":["https:\/\/afarangabroad.com\/ladyboys-bali\/"]}]},{"@type":"BreadcrumbList","@id":"https:\/\/afarangabroad.com\/ladyboys-bali\/#breadcrumb","itemListElement":[{"@type":"ListItem","position":1,"name":"Home","item":"https:\/\/afarangabroad.com\/"},{"@type":"ListItem","position":2,"name":"4 Places to Find Ladyboys in Bali"}]},{"@type":"WebSite","@id":"https:\/\/afarangabroad.com\/#website","url":"https:\/\/afarangabroad.com\/","name":"A Farang Abroad","description":"Your secret guide to Asia&#039;s sexiest nightlife.","potentialAction":[{"@type":"SearchAction","target":{"@type":"EntryPoint","urlTemplate":"https:\/\/afarangabroad.com\/?s={search_term_string}"},"query-input":"required name=search_term_string"}],"inLanguage":"fr-FR"}]}},"_links":{"self":[{"href":"https:\/\/afarangabroad.com\/fr\/wp-json\/wp\/v2\/pages\/8858"}],"collection":[{"href":"https:\/\/afarangabroad.com\/fr\/wp-json\/wp\/v2\/pages"}],"about":[{"href":"https:\/\/afarangabroad.com\/fr\/wp-json\/wp\/v2\/types\/page"}],"author":[{"embeddable":true,"href":"https:\/\/afarangabroad.com\/fr\/wp-json\/wp\/v2\/users\/2"}],"replies":[{"embeddable":true,"href":"https:\/\/afarangabroad.com\/fr\/wp-json\/wp\/v2\/comments?post=8858"}],"version-history":[{"count":0,"href":"https:\/\/afarangabroad.com\/fr\/wp-json\/wp\/v2\/pages\/8858\/revisions"}],"wp:featuredmedia":[{"embeddable":true,"href":"https:\/\/afarangabroad.com\/fr\/wp-json\/wp\/v2\/media\/8859"}],"wp:attachment":[{"href":"https:\/\/afarangabroad.com\/fr\/wp-json\/wp\/v2\/media?parent=8858"}],"wp:term":[{"taxonomy":"category","embeddable":true,"href":"https:\/\/afarangabroad.com\/fr\/wp-json\/wp\/v2\/categories?post=8858"},{"taxonomy":"post_tag","embeddable":true,"href":"https:\/\/afarangabroad.com\/fr\/wp-json\/wp\/v2\/tags?post=8858"}],"curies":[{"name":"wp","href":"https:\/\/api.w.org\/{rel}","templated":true}]}}