{"id":9454,"date":"2018-03-21T06:42:03","date_gmt":"2018-03-21T06:42:03","guid":{"rendered":"https:\/\/afarangabroad.com\/?p=9454"},"modified":"2022-11-18T14:44:59","modified_gmt":"2022-11-18T14:44:59","slug":"freelancers-phuket","status":"publish","type":"page","link":"https:\/\/afarangabroad.com\/fr\/freelancers-phuket\/","title":{"rendered":"5 endroits pour trouver des freelances \u00e0 Phuket"},"content":{"rendered":"<p>In this article you&#8217;ll learn where to meet freelance hookers in Phuket.<\/p>\n<p>If you want to meet normal girls in Phuket for free\u00a0<a class=\"mozbar-highlight-followed-wGA7MhRhQ3WS\" title=\"Utiliser Thai Friendly pour trouver une petite amie tha\u00eflandaise\" href=\"https:\/\/afarangabroad.com\/fr\/thai-cupid-dating-site\/\" target=\"_blank\" rel=\"noopener noreferrer\">Consultez cet article<\/a>.<\/p>\n<p><a class=\"mozbar-highlight-followed-wGA7MhRhQ3WS\" href=\"https:\/\/afarangabroad.com\/fr\/thai-cupid-dating-site\/\" target=\"_blank\" rel=\"noopener noreferrer\"><img loading=\"lazy\" decoding=\"async\" class=\"aligncenter wp-image-7259 size-large\" src=\"https:\/\/afarangabroad.com\/wp-content\/uploads\/2016\/06\/Meet-Thai-girls1-1024x691.png\" sizes=\"(max-width: 600px) 100vw, 600px\" srcset=\"https:\/\/afarangabroad.com\/wp-content\/uploads\/2016\/06\/Meet-Thai-girls1-1024x691.png 1024w, https:\/\/afarangabroad.com\/wp-content\/uploads\/2016\/06\/Meet-Thai-girls1-300x202.png 300w, https:\/\/afarangabroad.com\/wp-content\/uploads\/2016\/06\/Meet-Thai-girls1-720x486.png 720w, https:\/\/afarangabroad.com\/wp-content\/uploads\/2016\/06\/Meet-Thai-girls1.png 1038w\" alt=\"Meet Thai girls\" width=\"678\" height=\"458\" \/><\/a><\/p>\n<p>To start with, Phuket is the largest island in Thailand. It geographic is attractive, has trendy nightclubs, luxury resorts and vibrant beer and Agogo clubs. The girls here are even better; cute, with big boobs and pretty face. I bet you will find a girl of your dreams in Phuket.<\/p>\n<p>For such a great destination with an <a class=\"mozbar-highlight-followed-wGA7MhRhQ3WS\" href=\"https:\/\/afarangabroad.com\/fr\/trouver-une-petite-amie-dans-les-boites-de-nuit-de-bangkok\/\">extreme sexual nightlife<\/a>, where do you narrow your hunt? Well, time to keep your eyes peeled as I will give you all the details you need about freelancers in Phuket and better, Phuket nightlife girl\u2019s price for you to budget.<\/p>\n<p>Phuket Island has two heavens full of girls: the south-west and South East.<\/p>\n<p>South West (Patong and Bangala Rd) has is where more magic happens and is considered the hotspot of Phuket nightlife.<\/p>\n<p>Si vous souhaitez savoir o\u00f9 trouver de l'herbe \u00e0 BKK, n'h\u00e9sitez pas \u00e0 consulter les sites suivants <strong>souscrire<\/strong> vers le canal ci-dessous :<\/p>\n<p>https:\/\/youtu.be\/j0HbIHjnG5g<\/p>\n<p><strong>Related post<\/strong>: Learn where to find the\u00a0<a class=\"mozbar-highlight-followed-wGA7MhRhQ3WS\" href=\"https:\/\/afarangabroad.com\/fr\/les-meilleurs-bars-de-phuket\/\">best go go bars in Patong<\/a>.<\/p>\n<p>It&#8217;s dotted with sex venues, hundreds of hookers and probably thousands of freelancers<\/p>","protected":false},"excerpt":{"rendered":"<p>In this article you&#8217;ll learn where to meet freelance hookers in Phuket. If you want to meet normal girls in Phuket for free\u00a0then check this article. To start with, Phuket is the largest island in Thailand. It geographic is attractive, has trendy nightclubs, luxury resorts and vibrant beer and Agogo clubs. The girls here are [&hellip;]<\/p>","protected":false},"author":2,"featured_media":9460,"parent":0,"menu_order":0,"comment_status":"open","ping_status":"open","template":"","meta":{"_exactmetrics_skip_tracking":false,"_exactmetrics_sitenote_active":false,"_exactmetrics_sitenote_note":"","_exactmetrics_sitenote_category":0,"footnotes":""},"categories":[331],"tags":[],"class_list":["post-9454","page","type-page","status-publish","has-post-thumbnail","hentry","category-phuket-nightlife"],"yoast_head":"<!-- This site is optimized with the Yoast SEO plugin v20.1 - https:\/\/yoast.com\/wordpress\/plugins\/seo\/ -->\n<title>5 Places to Find Freelancers in Phuket - A Farang Abroad<\/title>\n<meta name=\"description\" content=\"In this article I will tell you the best 5 places to meet freelance hookers in Phuket. The best clubs, bars and the price it will cost for sex and other extras.\" \/>\n<meta name=\"robots\" content=\"index, follow, max-snippet:-1, max-image-preview:large, max-video-preview:-1\" \/>\n<link rel=\"canonical\" href=\"https:\/\/afarangabroad.com\/fr\/freelancers-phuket\/\" \/>\n<meta property=\"og:locale\" content=\"fr_FR\" \/>\n<meta property=\"og:type\" content=\"article\" \/>\n<meta property=\"og:title\" content=\"5 Places to Find Freelancers in Phuket - A Farang Abroad\" \/>\n<meta property=\"og:description\" content=\"In this article I will tell you the best 5 places to meet freelance hookers in Phuket. The best clubs, bars and the price it will cost for sex and other extras.\" \/>\n<meta property=\"og:url\" content=\"https:\/\/afarangabroad.com\/fr\/freelancers-phuket\/\" \/>\n<meta property=\"og:site_name\" content=\"A Farang Abroad\" \/>\n<meta property=\"article:modified_time\" content=\"2022-11-18T14:44:59+00:00\" \/>\n<meta property=\"og:image\" content=\"https:\/\/afarangabroad.com\/wp-content\/uploads\/2018\/03\/7604911454_3178a5dd9a_z.jpg\" \/>\n\t<meta property=\"og:image:width\" content=\"640\" \/>\n\t<meta property=\"og:image:height\" content=\"480\" \/>\n\t<meta property=\"og:image:type\" content=\"image\/jpeg\" \/>\n<meta name=\"twitter:label1\" content=\"Dur\u00e9e de lecture estim\u00e9e\" \/>\n\t<meta name=\"twitter:data1\" content=\"6 minutes\" \/>\n<script type=\"application\/ld+json\" class=\"yoast-schema-graph\">{\"@context\":\"https:\/\/schema.org\",\"@graph\":[{\"@type\":\"WebPage\",\"@id\":\"https:\/\/afarangabroad.com\/freelancers-phuket\/\",\"url\":\"https:\/\/afarangabroad.com\/freelancers-phuket\/\",\"name\":\"5 Places to Find Freelancers in Phuket - A Farang Abroad\",\"isPartOf\":{\"@id\":\"https:\/\/afarangabroad.com\/#website\"},\"datePublished\":\"2018-03-21T06:42:03+00:00\",\"dateModified\":\"2022-11-18T14:44:59+00:00\",\"description\":\"In this article I will tell you the best 5 places to meet freelance hookers in Phuket. The best clubs, bars and the price it will cost for sex and other extras.\",\"breadcrumb\":{\"@id\":\"https:\/\/afarangabroad.com\/freelancers-phuket\/#breadcrumb\"},\"inLanguage\":\"fr-FR\",\"potentialAction\":[{\"@type\":\"ReadAction\",\"target\":[\"https:\/\/afarangabroad.com\/freelancers-phuket\/\"]}]},{\"@type\":\"BreadcrumbList\",\"@id\":\"https:\/\/afarangabroad.com\/freelancers-phuket\/#breadcrumb\",\"itemListElement\":[{\"@type\":\"ListItem\",\"position\":1,\"name\":\"Home\",\"item\":\"https:\/\/afarangabroad.com\/\"},{\"@type\":\"ListItem\",\"position\":2,\"name\":\"5 Places to Find Freelancers in Phuket\"}]},{\"@type\":\"WebSite\",\"@id\":\"https:\/\/afarangabroad.com\/#website\",\"url\":\"https:\/\/afarangabroad.com\/\",\"name\":\"A Farang Abroad\",\"description\":\"Your secret guide to Asia&#039;s sexiest nightlife.\",\"potentialAction\":[{\"@type\":\"SearchAction\",\"target\":{\"@type\":\"EntryPoint\",\"urlTemplate\":\"https:\/\/afarangabroad.com\/?s={search_term_string}\"},\"query-input\":\"required name=search_term_string\"}],\"inLanguage\":\"fr-FR\"}]}<\/script>\n<!-- \/ Yoast SEO plugin. -->","yoast_head_json":{"title":"5 Places to Find Freelancers in Phuket - A Farang Abroad","description":"In this article I will tell you the best 5 places to meet freelance hookers in Phuket. The best clubs, bars and the price it will cost for sex and other extras.","robots":{"index":"index","follow":"follow","max-snippet":"max-snippet:-1","max-image-preview":"max-image-preview:large","max-video-preview":"max-video-preview:-1"},"canonical":"https:\/\/afarangabroad.com\/fr\/freelancers-phuket\/","og_locale":"fr_FR","og_type":"article","og_title":"5 Places to Find Freelancers in Phuket - A Farang Abroad","og_description":"In this article I will tell you the best 5 places to meet freelance hookers in Phuket. The best clubs, bars and the price it will cost for sex and other extras.","og_url":"https:\/\/afarangabroad.com\/fr\/freelancers-phuket\/","og_site_name":"A Farang Abroad","article_modified_time":"2022-11-18T14:44:59+00:00","og_image":[{"width":"640","height":"480","url":"https:\/\/afarangabroad.com\/wp-content\/uploads\/2018\/03\/7604911454_3178a5dd9a_z.jpg","type":"image\/jpeg"}],"twitter_misc":{"Dur\u00e9e de lecture estim\u00e9e":"6 minutes"},"schema":{"@context":"https:\/\/schema.org","@graph":[{"@type":"WebPage","@id":"https:\/\/afarangabroad.com\/freelancers-phuket\/","url":"https:\/\/afarangabroad.com\/freelancers-phuket\/","name":"5 Places to Find Freelancers in Phuket - A Farang Abroad","isPartOf":{"@id":"https:\/\/afarangabroad.com\/#website"},"datePublished":"2018-03-21T06:42:03+00:00","dateModified":"2022-11-18T14:44:59+00:00","description":"In this article I will tell you the best 5 places to meet freelance hookers in Phuket. The best clubs, bars and the price it will cost for sex and other extras.","breadcrumb":{"@id":"https:\/\/afarangabroad.com\/freelancers-phuket\/#breadcrumb"},"inLanguage":"fr-FR","potentialAction":[{"@type":"ReadAction","target":["https:\/\/afarangabroad.com\/freelancers-phuket\/"]}]},{"@type":"BreadcrumbList","@id":"https:\/\/afarangabroad.com\/freelancers-phuket\/#breadcrumb","itemListElement":[{"@type":"ListItem","position":1,"name":"Home","item":"https:\/\/afarangabroad.com\/"},{"@type":"ListItem","position":2,"name":"5 Places to Find Freelancers in Phuket"}]},{"@type":"WebSite","@id":"https:\/\/afarangabroad.com\/#website","url":"https:\/\/afarangabroad.com\/","name":"A Farang Abroad","description":"Your secret guide to Asia&#039;s sexiest nightlife.","potentialAction":[{"@type":"SearchAction","target":{"@type":"EntryPoint","urlTemplate":"https:\/\/afarangabroad.com\/?s={search_term_string}"},"query-input":"required name=search_term_string"}],"inLanguage":"fr-FR"}]}},"_links":{"self":[{"href":"https:\/\/afarangabroad.com\/fr\/wp-json\/wp\/v2\/pages\/9454"}],"collection":[{"href":"https:\/\/afarangabroad.com\/fr\/wp-json\/wp\/v2\/pages"}],"about":[{"href":"https:\/\/afarangabroad.com\/fr\/wp-json\/wp\/v2\/types\/page"}],"author":[{"embeddable":true,"href":"https:\/\/afarangabroad.com\/fr\/wp-json\/wp\/v2\/users\/2"}],"replies":[{"embeddable":true,"href":"https:\/\/afarangabroad.com\/fr\/wp-json\/wp\/v2\/comments?post=9454"}],"version-history":[{"count":1,"href":"https:\/\/afarangabroad.com\/fr\/wp-json\/wp\/v2\/pages\/9454\/revisions"}],"predecessor-version":[{"id":513024,"href":"https:\/\/afarangabroad.com\/fr\/wp-json\/wp\/v2\/pages\/9454\/revisions\/513024"}],"wp:featuredmedia":[{"embeddable":true,"href":"https:\/\/afarangabroad.com\/fr\/wp-json\/wp\/v2\/media\/9460"}],"wp:attachment":[{"href":"https:\/\/afarangabroad.com\/fr\/wp-json\/wp\/v2\/media?parent=9454"}],"wp:term":[{"taxonomy":"category","embeddable":true,"href":"https:\/\/afarangabroad.com\/fr\/wp-json\/wp\/v2\/categories?post=9454"},{"taxonomy":"post_tag","embeddable":true,"href":"https:\/\/afarangabroad.com\/fr\/wp-json\/wp\/v2\/tags?post=9454"}],"curies":[{"name":"wp","href":"https:\/\/api.w.org\/{rel}","templated":true}]}}