{"id":9469,"date":"2018-03-22T08:26:30","date_gmt":"2018-03-22T08:26:30","guid":{"rendered":"https:\/\/afarangabroad.com\/?p=9469"},"modified":"2023-12-12T03:48:23","modified_gmt":"2023-12-12T03:48:23","slug":"sex-massages-in-silom","status":"publish","type":"page","link":"https:\/\/afarangabroad.com\/fr\/sex-massages-in-silom\/","title":{"rendered":"7 Meilleurs massages sexuels \u00e0 Silom"},"content":{"rendered":"In this article you&#8217;ll learn where to get sex massages in Silom.\n\nSilom is one area in Thailand with bipolar personalities: a financial hub during the day and a sex hub come darkness.\n\nLet&#8217;s talk about Silom massage, an erotic massage that offers mental, physical and sexual satisfaction.\n\nIf you want to get\u00a0<strong>pos\u00e9 gratuitement en Tha\u00eflande gratuitement<\/strong>\u00a0<a title=\"Utiliser Thai Friendly pour trouver une petite amie tha\u00eflandaise\" href=\"https:\/\/afarangabroad.com\/fr\/thai-cupid-dating-site\/\" target=\"_blank\" rel=\"noopener noreferrer\">Consultez cet article<\/a>.<a href=\"https:\/\/afarangabroad.com\/fr\/thai-cupid-dating-site\/\" target=\"_blank\" rel=\"noopener noreferrer\"><img loading=\"lazy\" decoding=\"async\" class=\"aligncenter wp-image-7259 size-large\" src=\"https:\/\/afarangabroad.com\/wp-content\/uploads\/2016\/06\/Meet-Thai-girls1-1024x691.png\" sizes=\"(max-width: 678px) 100vw, 678px\" srcset=\"https:\/\/afarangabroad.com\/wp-content\/uploads\/2016\/06\/Meet-Thai-girls1-1024x691.png 1024w, https:\/\/afarangabroad.com\/wp-content\/uploads\/2016\/06\/Meet-Thai-girls1-300x202.png 300w, https:\/\/afarangabroad.com\/wp-content\/uploads\/2016\/06\/Meet-Thai-girls1-720x486.png 720w, https:\/\/afarangabroad.com\/wp-content\/uploads\/2016\/06\/Meet-Thai-girls1.png 1038w\" alt=\"Meet Thai girls\" width=\"678\" height=\"458\" \/><\/a>\n\n<iframe loading=\"lazy\" title=\"bangla road erotic sex chiang mai thailand bangkok travels  sesso\" width=\"678\" height=\"381\" src=\"https:\/\/www.youtube.com\/embed\/hffx3mrNT8E?feature=oembed\" frameborder=\"0\" allow=\"accelerometer; autoplay; clipboard-write; encrypted-media; gyroscope; picture-in-picture; web-share\" allowfullscreen><\/iframe>\n\nIn Silom, sex massage is readily available, accessible and most importantly, cheap compared to Western rates. From the street of Silom to five stars hotels, you can easily get Silom sex massages with many visitors calling the place a \u201cculinary and massage paradise.\u201d\n\nIn Silom, you will find various terms being used to mean sex massage. They include: \u201cspecial massage,\u201d \u201cMassage plus,\u201d \u201chappy ending,\u201d and \u201cLove you a long time.\u201d All these names are used to inform that the massage will provide sexual pleasure, i.e., blowjob, handjob or sex in the end.\n\nIn this guide, I will show you where to get Silom massages with a <a href=\"https:\/\/afarangabroad.com\/fr\/happy-massages-bangkok\/\" target=\"_blank\" rel=\"noopener noreferrer\">handjob massage in Bangkok <\/a>\u00a0Before that, let&#8217;s touch on one thing the majority of you are still unsure about. If aware you can skip the section.\n<h2 class=\"wp-embed-aspect-4-3 wp-has-aspect-ratio\">Body Bliss Massage Bangkok<\/h2>\n<h2><!-- \/wp:heading --> <!-- wp:paragraph {\"className\":\"wp-embed-aspect-4-3 wp-has-aspect-ratio\"} --><\/h2>\n<p class=\"wp-embed-aspect-4-3 wp-has-aspect-ratio\">Body Bliss Massage est un nouveau mais tr\u00e8s bon massage outcall o\u00f9 vous pouvez obtenir des handjobs \u00e0 Bangkok. Ils offrent des services pour les hommes et les femmes.<\/p>\n<a href=\"https:\/\/bodyblissbangkok.com\/\" target=\"_blank\" rel=\"nofollow noopener\"><img loading=\"lazy\" decoding=\"async\" class=\"aligncenter  wp-image-513386\" src=\"https:\/\/afarangabroad.com\/wp-content\/uploads\/2023\/12\/body-bliss-massage-575x1024.jpg\" alt=\"body bliss massage\" width=\"390\" height=\"695\" srcset=\"https:\/\/afarangabroad.com\/wp-content\/uploads\/2023\/12\/body-bliss-massage-575x1024.jpg 575w, https:\/\/afarangabroad.com\/wp-content\/uploads\/2023\/12\/body-bliss-massage-168x300.jpg 168w, https:\/\/afarangabroad.com\/wp-content\/uploads\/2023\/12\/body-bliss-massage-768x1368.jpg 768w, https:\/\/afarangabroad.com\/wp-content\/uploads\/2023\/12\/body-bliss-massage-862x1536.jpg 862w, https:\/\/afarangabroad.com\/wp-content\/uploads\/2023\/12\/body-bliss-massage.jpg 904w\" sizes=\"(max-width: 390px) 100vw, 390px\" \/><\/a>\n<h2><!-- \/wp:paragraph -->\n<p class=\"wp-embed-aspect-4-3 wp-has-aspect-ratio\">Ils proposent une gamme de massages, y compris les massages savonneux et les massages de la prostate. Vous pouvez voir toutes leurs filles en visitant leur site web \u00e0 l'adresse suivante <a href=\"http:\/\/www.bodyblissbangkok.com\/\" target=\"_blank\" rel=\"nofollow noopener noreferrer\">BodyBlissBangkok.com<\/a><\/p>\n\n<h2><strong>Smooci escorts in Silom<\/strong><\/h2>\nIf you\u2019re looking for an incall service where you can get blow jobs and more, there is no better service than Smooci.\n\nThrough their website you can book any number of girls to come directly to your room and provide you BJ services and more.\n<h2><a href=\"https:\/\/smooci.com\/bangkok?search&amp;utm_source=afarang-bkk-disc-ban\" target=\"_blank\" rel=\"noopener noreferrer\"><img loading=\"lazy\" decoding=\"async\" class=\"aligncenter wp-image-512712 size-full\" src=\"https:\/\/afarangabroad.com\/wp-content\/uploads\/2020\/08\/new-smooci-banner.gif\" alt=\"\" width=\"800\" height=\"200\" \/><\/a><\/h2>\nLes prix de chaque fille sont indiqu\u00e9s sur le site et, \u00e0 tout moment, ils ont g\u00e9n\u00e9ralement plus de 20 filles libres, vous pouvez en savoir plus en visitant leur site web :\u00a0<a href=\"https:\/\/smooci.com\/bangkok?search&amp;utm_source=afarang-bkk-disc-ban\" target=\"_blank\" rel=\"nofollow noopener noreferrer\">www.Smooci.com<\/a>\n<h2>How to spot Silom massage plus salons<\/h2>\nMajority of sex massage salons in Silom pose as typical massage. However, it\u2019s easy to identify the difference between a \u201cregular\u201d massage salon and a Silom massage with extras and happy endings.\n\nOne, look at how the girls are dressed. If they are dressed in long traditional Thai cloth, that is not your place. However, if they are dressed sexy; miniskirts with lots of makeup, then assume she can hold butt and manhood with oiled hands.\n\nTwo, look at the girl&#8217;s behavior. If they are standing at the salon entrance and seducing customers by yelling at you excitedly or grabbing and drawing you inside, then you can expect a blowjob or at least hand job at the end of your massage.\n<h2>Best spot for Silom massage with a happy ending<\/h2>\nPatpong is Bangkok\u2019s oldest red district. You can there use <a href=\"http:\/\/www.bangkok-city.com\/go\/info_transportation.html\">TRM<\/a> and exit at Silom station. You will find a high number of massage shops and girls here. Here is where to narrow your search.\n<h2>Categories of Silom massage spas<\/h2>\n<h3>Standard massage spa<\/h3>\nYou will find a lot of these in Silom. They offer typical massage, oil massage, and some, happy ending massage.\n\nStandard massage spas are however not the best place if you are looking for a happy massage. If lucky, you can still get a handjob for 500 Baht, 500-1000 Baht for a blow and a 1000+ Baht for full sex massage. Always negotiate.\n<h3>Quick sex spas<\/h3>\nQuick sex spas are less popular in <a href=\"https:\/\/wikitravel.org\/en\/Bangkok\/Silom\" target=\"_blank\" rel=\"nofollow noopener noreferrer\">Silom<\/a>. These places pose as spas, but they are brothels. Massage last 10 minutes then sex or whichever extra service you want.\n\nThe massage cost less, but sex itself costs more. Quick sex spas have young and better looking Thai girls with sex and blowjob on the menu.\n\n<img loading=\"lazy\" decoding=\"async\" class=\"aligncenter size-full wp-image-9527\" src=\"https:\/\/afarangabroad.com\/wp-content\/uploads\/2018\/04\/Silom-Sex-massages.jpg\" alt=\"\" width=\"640\" height=\"427\" srcset=\"https:\/\/afarangabroad.com\/wp-content\/uploads\/2018\/04\/Silom-Sex-massages.jpg 640w, https:\/\/afarangabroad.com\/wp-content\/uploads\/2018\/04\/Silom-Sex-massages-300x200.jpg 300w\" sizes=\"(max-width: 640px) 100vw, 640px\" \/>\n<h3>\u00a0Soapy massage<\/h3>\nThis erotic massage starts with a bath, both you and the girl are naked. She will wash you, more focus on the groin, then a blowjob and lastly sex depending on the girl.\n\nSoapy massage is quite expensive so stay away from it if you only need sex.\n\nRelated: learn where to get <a href=\"https:\/\/afarangabroad.com\/fr\/massage-savonneux-bangkok\/\">massages savonneux \u00e0 Bangkok<\/a>.\n<h3>Air mattress Nuru massage<\/h3>\nLike you are guessing, this massage happens on an air mattress. In the end, you get a free handjob. A girl hoping for more will offer sex or a blowjob.\n\nIt starts with a wash, then a body to body massage (both naked) and then the handjob or titjob. Prices range from parlor but its 2000 and above, handjob included.\n\nRelated: learn where to get <a href=\"https:\/\/afarangabroad.com\/fr\/massage-nuru-bangkok\/\">Bangkok nuru massages<\/a>.\n<h2>About massage girls<\/h2>\nLike a majority of us, Silom massage girls want to make most money working. One criterion for earning more in the sex industry is appearance.\u00a0 Therefore don\u2019t expect to see a hot girl working at cheap spas.\n\nQuick sex brothels earn better so you can find a beautiful looking Thai girl. The price per client is low, so in return, they offer nothing spectacular.\n\nSoapy massage is where you find cute of the cutest. Its a no surprise the cost is so high.\n\nNuru massage girls are above average, and you might be lucky to get it from the hottest chic in the <a href=\"https:\/\/migrationology.com\/walking-tour-of-attractions-in-bangkoks-silom-district\/\" target=\"_blank\" rel=\"nofollow noopener noreferrer\">Silom Street<\/a>.\n\nWhile checking what Silom streets have to offer do not forget you can meet normal girls through <a href=\"https:\/\/afarangabroad.com\/fr\/thai-cupid-dating-site\/\">Cupidon tha\u00eflandais<\/a> and get sex massage for free.\u00a0 You can also give Thai Friendly a try but practice more caution otherwise you will fall victim to con women.\n<h2>Silom massage in Patpong<\/h2>\nPatpong is Bangkok\u2019s oldest red district. You can there by MRT and exit at Silom station or Sala Daeng BTS.\n\nYou will find a high number of massage shops and girls ready to satisfy your carnal petites.\n\nWhile the average massage girl in Silom red light is not attractive as ones in Sukhumvit, a lot of people still find the place worth it.\n\nGoing to Pattaya? Find out where to get <a href=\"https:\/\/afarangabroad.com\/fr\/massage-happy-ending-pattaya\/\">happy ending massages in Pattaya<\/a> et o\u00f9 se rencontrer <a href=\"https:\/\/afarangabroad.com\/fr\/pattaya-freelancers\/\">les prostitu\u00e9es \u00e0 Pattaya<\/a>.\n\nHow about you take a walk along Surawong road and Silom road and see what the place has to offer. 90% of Silom sex massage are found along these two streets.\n\nFor the gays, Boyz town located across the street is the place to narrow your search\n<h2>Prices of massages and sex massage in Silom<\/h2>\nNow that you know where to find happy ending massage in Silom, you probably need to know how much it will cost.\n\nThere are two separate prices for Silom massages.\n\nOne is the fixed price per service menu and the other the price for the sex massage (hand job, sex, and blowjob) which is arranged separately with the Thai girl.\n\nUsually, all massage starts with \u201cnormal\u201d massage and half an hour later, or when the Thai girl read you have a boner, she will whisper asking, \u201cDo you want special?\u201d You can choose to accept or decline.\n\n<img loading=\"lazy\" decoding=\"async\" class=\"aligncenter size-full wp-image-9528\" src=\"https:\/\/afarangabroad.com\/wp-content\/uploads\/2018\/04\/Sliom-girls.jpg\" alt=\"\" width=\"640\" height=\"480\" srcset=\"https:\/\/afarangabroad.com\/wp-content\/uploads\/2018\/04\/Sliom-girls.jpg 640w, https:\/\/afarangabroad.com\/wp-content\/uploads\/2018\/04\/Sliom-girls-300x225.jpg 300w\" sizes=\"(max-width: 640px) 100vw, 640px\" \/>\n\nGot to admit, it takes a lot of effort to turn down the offer. Plus these massage girls have mastered a way of making you feel cheap if you say no.\n<h3>\u00a0Standard prices for massage and extras:<\/h3>\n<strong>Thai massage @ 200 Baht<\/strong>\n\nAmong the normal massage. It involves passive stretching and gently applying pressure to the client body to release muscle stress.\n\n<strong>Oil massage @ 300 Baht<\/strong>\n\nThere is a wide range of oil massage but in our case its massage using oil. Simple yet erotic.\n\n<strong>Handjob # 500 Baht<\/strong>\n\nAdditional cost for handjob as extras\n\n<strong>Blowjob @ 700- 800 Baht<\/strong>\n\nCost of blowjob only, as extras. Click here to learn the best <a href=\"https:\/\/afarangabroad.com\/fr\/bangkok-blowjob-bars\/\">Bangkok blow job bars<\/a>.\n\n<strong>Sex @ 1,000- 1,500 Baht<\/strong>\n\nCost of sex only as extras\n\nThings to note:\n<ul>\n \t<li>The above figures are estimates. Some girls cost more, or they manage to convince you that they do.<\/li>\n \t<li>While you might be looking forward to exploding, not all girls in these sex massage salon are willing to go down on you or jump and ride it to sunset so go easy on the request.<\/li>\n<\/ul>\nSo what is the hack in these situations? You could choose to flow with her. If she asks, fine. If not, ask politely. Trying won&#8217;t hurt.\n\nIn an instance where the Thai massage girl is not willing to offer specific extras, she will simply say \u201cI don\u2019t like\u201d or \u201ccannot, mai daai\u201d which means that is not allowed in the salon.\n\nI just felt like I\u2019m throwing cold water on you so here is something to shoot your mojo back up. If you walk into a Silom massage parlor offering a happy ending, you will get at least one extra. In most cases, it\u2019s a hand job. Other extras are surprises.\n<h3>Enjoy your sex massage<\/h3>\nThere is a range of ways to have fun with Thai girls, and sex massage is one of them. With most sex tour beginners is never natural considering the sex industry are an underworld thing in many countries.\n\nFacing things with an open mind is the key. Be more outgoing an eventually you will spot a girl worth your time and money.\n\nIf you are still finding it difficult to have a sex massage in any of the Silom parlors, then use Thai cupid to meet girls. After some time ask them to come to your hotel.\n\nLastly, most of the girls in the sex industry are there for the money. This means some are willing to have sex without protection if you offer them more money. For the wise gents, the risk is never worth it.\n\nIf you, however, meet a <a href=\"https:\/\/afarangabroad.com\/fr\/thai-dating-sites\/\">good girl on Thai Cupid<\/a> and get tested go ahead and enjoy.\n\nSilom massage is among the best. While you plan to visit sex massage spas, do not forget to try out go-go girls, <a href=\"https:\/\/afarangabroad.com\/fr\/5-ways-stop-thai-bar-girls\/\">Thai bars girls<\/a>, nightclub girls or freelancers in Silom. Have fun.\n\nRelated reading: find out where to get <a href=\"https:\/\/afarangabroad.com\/fr\/bangkok-blowjob-bars\/\">blow jobs in Bangkok<\/a> et le <a href=\"https:\/\/afarangabroad.com\/fr\/gentlemen-club-bangkok\/\">best G clubs in Bangkok<\/a>.\n\nIf you want to get\u00a0<strong>pos\u00e9 gratuitement en Tha\u00eflande gratuitement<\/strong>\u00a0<a title=\"Utiliser Thai Friendly pour trouver une petite amie tha\u00eflandaise\" href=\"https:\/\/afarangabroad.com\/fr\/thai-cupid-dating-site\/\" target=\"_blank\" rel=\"noopener noreferrer\">Consultez cet article<\/a>.<a href=\"https:\/\/afarangabroad.com\/fr\/thai-cupid-dating-site\/\" target=\"_blank\" rel=\"noopener noreferrer\"><img loading=\"lazy\" decoding=\"async\" class=\"aligncenter wp-image-7259 size-large\" src=\"https:\/\/afarangabroad.com\/wp-content\/uploads\/2016\/06\/Meet-Thai-girls1-1024x691.png\" sizes=\"(max-width: 678px) 100vw, 678px\" srcset=\"https:\/\/afarangabroad.com\/wp-content\/uploads\/2016\/06\/Meet-Thai-girls1-1024x691.png 1024w, https:\/\/afarangabroad.com\/wp-content\/uploads\/2016\/06\/Meet-Thai-girls1-300x202.png 300w, https:\/\/afarangabroad.com\/wp-content\/uploads\/2016\/06\/Meet-Thai-girls1-720x486.png 720w, https:\/\/afarangabroad.com\/wp-content\/uploads\/2016\/06\/Meet-Thai-girls1.png 1038w\" alt=\"Meet Thai girls\" width=\"678\" height=\"458\" \/><\/a>","protected":false},"excerpt":{"rendered":"<p>In this article you&#8217;ll learn where to get sex massages in Silom. Silom is one area in Thailand with bipolar personalities: a financial hub during the day and a sex hub come darkness. Let&#8217;s talk about Silom massage, an erotic massage that offers mental, physical and sexual satisfaction. If you want to get\u00a0laid for free [&hellip;]<\/p>","protected":false},"author":2,"featured_media":9527,"parent":0,"menu_order":0,"comment_status":"open","ping_status":"open","template":"","meta":{"_exactmetrics_skip_tracking":false,"_exactmetrics_sitenote_active":false,"_exactmetrics_sitenote_note":"","_exactmetrics_sitenote_category":0,"footnotes":""},"categories":[298],"tags":[],"class_list":["post-9469","page","type-page","status-publish","has-post-thumbnail","hentry","category-bangkok-nightlife"],"yoast_head":"<!-- This site is optimized with the Yoast SEO plugin v20.1 - https:\/\/yoast.com\/wordpress\/plugins\/seo\/ -->\n<title>7 Best sex massages in Silom - A Farang Abroad<\/title>\n<meta name=\"description\" content=\"In this article, I&#039;ll show you where to get the best Silom sex massages, and list prices and all the services you can ask for. This will be the only guide you&#039;ll need to read.\" \/>\n<meta name=\"robots\" content=\"index, follow, max-snippet:-1, max-image-preview:large, max-video-preview:-1\" \/>\n<link rel=\"canonical\" href=\"https:\/\/afarangabroad.com\/fr\/sex-massages-in-silom\/\" \/>\n<meta property=\"og:locale\" content=\"fr_FR\" \/>\n<meta property=\"og:type\" content=\"article\" \/>\n<meta property=\"og:title\" content=\"7 Best sex massages in Silom - A Farang Abroad\" \/>\n<meta property=\"og:description\" content=\"In this article, I&#039;ll show you where to get the best Silom sex massages, and list prices and all the services you can ask for. This will be the only guide you&#039;ll need to read.\" \/>\n<meta property=\"og:url\" content=\"https:\/\/afarangabroad.com\/fr\/sex-massages-in-silom\/\" \/>\n<meta property=\"og:site_name\" content=\"A Farang Abroad\" \/>\n<meta property=\"article:modified_time\" content=\"2023-12-12T03:48:23+00:00\" \/>\n<meta property=\"og:image\" content=\"https:\/\/afarangabroad.com\/wp-content\/uploads\/2018\/04\/Silom-Sex-massages.jpg\" \/>\n\t<meta property=\"og:image:width\" content=\"640\" \/>\n\t<meta property=\"og:image:height\" content=\"427\" \/>\n\t<meta property=\"og:image:type\" content=\"image\/jpeg\" \/>\n<meta name=\"twitter:label1\" content=\"Dur\u00e9e de lecture estim\u00e9e\" \/>\n\t<meta name=\"twitter:data1\" content=\"9 minutes\" \/>\n<script type=\"application\/ld+json\" class=\"yoast-schema-graph\">{\"@context\":\"https:\/\/schema.org\",\"@graph\":[{\"@type\":\"WebPage\",\"@id\":\"https:\/\/afarangabroad.com\/sex-massages-in-silom\/\",\"url\":\"https:\/\/afarangabroad.com\/sex-massages-in-silom\/\",\"name\":\"7 Best sex massages in Silom - A Farang Abroad\",\"isPartOf\":{\"@id\":\"https:\/\/afarangabroad.com\/#website\"},\"datePublished\":\"2018-03-22T08:26:30+00:00\",\"dateModified\":\"2023-12-12T03:48:23+00:00\",\"description\":\"In this article, I'll show you where to get the best Silom sex massages, and list prices and all the services you can ask for. This will be the only guide you'll need to read.\",\"breadcrumb\":{\"@id\":\"https:\/\/afarangabroad.com\/sex-massages-in-silom\/#breadcrumb\"},\"inLanguage\":\"fr-FR\",\"potentialAction\":[{\"@type\":\"ReadAction\",\"target\":[\"https:\/\/afarangabroad.com\/sex-massages-in-silom\/\"]}]},{\"@type\":\"BreadcrumbList\",\"@id\":\"https:\/\/afarangabroad.com\/sex-massages-in-silom\/#breadcrumb\",\"itemListElement\":[{\"@type\":\"ListItem\",\"position\":1,\"name\":\"Home\",\"item\":\"https:\/\/afarangabroad.com\/\"},{\"@type\":\"ListItem\",\"position\":2,\"name\":\"7 Best sex massages in Silom\"}]},{\"@type\":\"WebSite\",\"@id\":\"https:\/\/afarangabroad.com\/#website\",\"url\":\"https:\/\/afarangabroad.com\/\",\"name\":\"A Farang Abroad\",\"description\":\"Your secret guide to Asia&#039;s sexiest nightlife.\",\"potentialAction\":[{\"@type\":\"SearchAction\",\"target\":{\"@type\":\"EntryPoint\",\"urlTemplate\":\"https:\/\/afarangabroad.com\/?s={search_term_string}\"},\"query-input\":\"required name=search_term_string\"}],\"inLanguage\":\"fr-FR\"}]}<\/script>\n<!-- \/ Yoast SEO plugin. -->","yoast_head_json":{"title":"7 Best sex massages in Silom - A Farang Abroad","description":"In this article, I'll show you where to get the best Silom sex massages, and list prices and all the services you can ask for. This will be the only guide you'll need to read.","robots":{"index":"index","follow":"follow","max-snippet":"max-snippet:-1","max-image-preview":"max-image-preview:large","max-video-preview":"max-video-preview:-1"},"canonical":"https:\/\/afarangabroad.com\/fr\/sex-massages-in-silom\/","og_locale":"fr_FR","og_type":"article","og_title":"7 Best sex massages in Silom - A Farang Abroad","og_description":"In this article, I'll show you where to get the best Silom sex massages, and list prices and all the services you can ask for. This will be the only guide you'll need to read.","og_url":"https:\/\/afarangabroad.com\/fr\/sex-massages-in-silom\/","og_site_name":"A Farang Abroad","article_modified_time":"2023-12-12T03:48:23+00:00","og_image":[{"width":"640","height":"427","url":"https:\/\/afarangabroad.com\/wp-content\/uploads\/2018\/04\/Silom-Sex-massages.jpg","type":"image\/jpeg"}],"twitter_misc":{"Dur\u00e9e de lecture estim\u00e9e":"9 minutes"},"schema":{"@context":"https:\/\/schema.org","@graph":[{"@type":"WebPage","@id":"https:\/\/afarangabroad.com\/sex-massages-in-silom\/","url":"https:\/\/afarangabroad.com\/sex-massages-in-silom\/","name":"7 Best sex massages in Silom - A Farang Abroad","isPartOf":{"@id":"https:\/\/afarangabroad.com\/#website"},"datePublished":"2018-03-22T08:26:30+00:00","dateModified":"2023-12-12T03:48:23+00:00","description":"In this article, I'll show you where to get the best Silom sex massages, and list prices and all the services you can ask for. This will be the only guide you'll need to read.","breadcrumb":{"@id":"https:\/\/afarangabroad.com\/sex-massages-in-silom\/#breadcrumb"},"inLanguage":"fr-FR","potentialAction":[{"@type":"ReadAction","target":["https:\/\/afarangabroad.com\/sex-massages-in-silom\/"]}]},{"@type":"BreadcrumbList","@id":"https:\/\/afarangabroad.com\/sex-massages-in-silom\/#breadcrumb","itemListElement":[{"@type":"ListItem","position":1,"name":"Home","item":"https:\/\/afarangabroad.com\/"},{"@type":"ListItem","position":2,"name":"7 Best sex massages in Silom"}]},{"@type":"WebSite","@id":"https:\/\/afarangabroad.com\/#website","url":"https:\/\/afarangabroad.com\/","name":"A Farang Abroad","description":"Your secret guide to Asia&#039;s sexiest nightlife.","potentialAction":[{"@type":"SearchAction","target":{"@type":"EntryPoint","urlTemplate":"https:\/\/afarangabroad.com\/?s={search_term_string}"},"query-input":"required name=search_term_string"}],"inLanguage":"fr-FR"}]}},"_links":{"self":[{"href":"https:\/\/afarangabroad.com\/fr\/wp-json\/wp\/v2\/pages\/9469"}],"collection":[{"href":"https:\/\/afarangabroad.com\/fr\/wp-json\/wp\/v2\/pages"}],"about":[{"href":"https:\/\/afarangabroad.com\/fr\/wp-json\/wp\/v2\/types\/page"}],"author":[{"embeddable":true,"href":"https:\/\/afarangabroad.com\/fr\/wp-json\/wp\/v2\/users\/2"}],"replies":[{"embeddable":true,"href":"https:\/\/afarangabroad.com\/fr\/wp-json\/wp\/v2\/comments?post=9469"}],"version-history":[{"count":4,"href":"https:\/\/afarangabroad.com\/fr\/wp-json\/wp\/v2\/pages\/9469\/revisions"}],"predecessor-version":[{"id":513424,"href":"https:\/\/afarangabroad.com\/fr\/wp-json\/wp\/v2\/pages\/9469\/revisions\/513424"}],"wp:featuredmedia":[{"embeddable":true,"href":"https:\/\/afarangabroad.com\/fr\/wp-json\/wp\/v2\/media\/9527"}],"wp:attachment":[{"href":"https:\/\/afarangabroad.com\/fr\/wp-json\/wp\/v2\/media?parent=9469"}],"wp:term":[{"taxonomy":"category","embeddable":true,"href":"https:\/\/afarangabroad.com\/fr\/wp-json\/wp\/v2\/categories?post=9469"},{"taxonomy":"post_tag","embeddable":true,"href":"https:\/\/afarangabroad.com\/fr\/wp-json\/wp\/v2\/tags?post=9469"}],"curies":[{"name":"wp","href":"https:\/\/api.w.org\/{rel}","templated":true}]}}