{"id":9511,"date":"2018-03-30T10:17:22","date_gmt":"2018-03-30T09:17:22","guid":{"rendered":"https:\/\/afarangabroad.com\/?p=9511"},"modified":"2024-10-16T06:19:36","modified_gmt":"2024-10-16T05:19:36","slug":"sandwich-massage-bangkok","status":"publish","type":"page","link":"https:\/\/afarangabroad.com\/fr\/massage-sandwich-bangkok\/","title":{"rendered":"Les meilleurs massages sandwichs \u00e0 Bangkok"},"content":{"rendered":"In this article you will learn where to get the best sandwich massages in Bangkok.\n\nWhile there are many types of massage, one of the most pleasurable is the sandwich massage.\n\nIf you want to get\u00a0<strong>pos\u00e9 gratuitement en Tha\u00eflande gratuitement<\/strong>\u00a0<a title=\"Utiliser Thai Friendly pour trouver une petite amie tha\u00eflandaise\" href=\"https:\/\/afarangabroad.com\/fr\/thai-cupid-dating-site\/\" target=\"_blank\" rel=\"noopener noreferrer\">Consultez cet article<\/a>.<a href=\"https:\/\/afarangabroad.com\/fr\/thai-cupid-dating-site\/\" target=\"_blank\" rel=\"noopener noreferrer\"><img loading=\"lazy\" decoding=\"async\" class=\"aligncenter wp-image-7259 size-large\" src=\"https:\/\/afarangabroad.com\/wp-content\/uploads\/2016\/06\/Meet-Thai-girls1-1024x691.png\" sizes=\"(max-width: 678px) 100vw, 678px\" srcset=\"https:\/\/afarangabroad.com\/wp-content\/uploads\/2016\/06\/Meet-Thai-girls1-1024x691.png 1024w, https:\/\/afarangabroad.com\/wp-content\/uploads\/2016\/06\/Meet-Thai-girls1-300x202.png 300w, https:\/\/afarangabroad.com\/wp-content\/uploads\/2016\/06\/Meet-Thai-girls1-720x486.png 720w, https:\/\/afarangabroad.com\/wp-content\/uploads\/2016\/06\/Meet-Thai-girls1.png 1038w\" alt=\"Meet Thai girls\" width=\"678\" height=\"458\" \/><\/a>\n\nLa plupart des gens, en particulier les \u00e9trangers, ne comprennent pas ce qui se passe \u00e0 l'\u00e9tranger. <a href=\"https:\/\/afarangabroad.com\/fr\/massage-savonneux-bangkok\/\">Salons de massage tha\u00eflandais savonneux.<\/a>\n\nThis explains their popularity with bars girls in Bangkok who make their sex business obvious.\n\nIf you want something out of ordinary, hygienic and very pleasurable, then you need to read this article.\n\nBefore anything, let me bring you up to speed on what happens once you walk a Bangkok parlour offering sandwich massages.\n\nYou will walk through the entrance of the parlour and take a sit in front of a \u2018fishbowl.\u2019 Note that there are no girls paraded outside like in go-go bars.\n\nAlso if you are keen on knowing where to get weed in BKK, be sure to <strong>souscrire<\/strong> to the channel below:\n\nhttps:\/\/youtu.be\/j0HbIHjnG5g\n<h2 class=\"wp-embed-aspect-4-3 wp-has-aspect-ratio\">Body Bliss Massage Bangkok<\/h2>\n<h2><!-- \/wp:heading --> <!-- wp:paragraph {\"className\":\"wp-embed-aspect-4-3 wp-has-aspect-ratio\"} --><\/h2>\n<p class=\"wp-embed-aspect-4-3 wp-has-aspect-ratio\">Body Bliss Massage est un nouveau mais tr\u00e8s bon massage outcall o\u00f9 vous pouvez obtenir des handjobs \u00e0 Bangkok. Ils offrent des services pour les hommes et les femmes.<\/p>\n<a href=\"https:\/\/bodyblissbangkok.com\/\" target=\"_blank\" rel=\"nofollow noopener\"><img loading=\"lazy\" decoding=\"async\" class=\"aligncenter  wp-image-513386\" src=\"https:\/\/afarangabroad.com\/wp-content\/uploads\/2023\/12\/body-bliss-massage-575x1024.jpg\" alt=\"body bliss massage\" width=\"275\" height=\"490\" srcset=\"https:\/\/afarangabroad.com\/wp-content\/uploads\/2023\/12\/body-bliss-massage-575x1024.jpg 575w, https:\/\/afarangabroad.com\/wp-content\/uploads\/2023\/12\/body-bliss-massage-168x300.jpg 168w, https:\/\/afarangabroad.com\/wp-content\/uploads\/2023\/12\/body-bliss-massage-768x1368.jpg 768w, https:\/\/afarangabroad.com\/wp-content\/uploads\/2023\/12\/body-bliss-massage-862x1536.jpg 862w, https:\/\/afarangabroad.com\/wp-content\/uploads\/2023\/12\/body-bliss-massage.jpg 904w\" sizes=\"(max-width: 275px) 100vw, 275px\" \/><\/a>\n<h2><!-- \/wp:paragraph -->\n<p class=\"wp-embed-aspect-4-3 wp-has-aspect-ratio\">Ils proposent une gamme de massages, y compris les massages savonneux et les massages de la prostate. Vous pouvez voir toutes leurs filles en visitant leur site web \u00e0 l'adresse suivante <a href=\"http:\/\/www.bodyblissbangkok.com\/\" target=\"_blank\" rel=\"nofollow noopener noreferrer\">BodyBlissBangkok.com<\/a><\/p>\n\n<h2><\/h2>\n<iframe loading=\"lazy\" title=\"Sukhumvit Soi 22 - La rue des massages de Bangkok\" width=\"678\" height=\"381\" src=\"https:\/\/www.youtube.com\/embed\/ZyzoOJppr1E?feature=oembed\" frameborder=\"0\" allow=\"accelerometer; autoplay; clipboard-write; encrypted-media; gyroscope; picture-in-picture; web-share\" referrerpolicy=\"strict-origin-when-cross-origin\" allowfullscreen><\/iframe>\n\nA fishbowl is where the massage babes sit for display waiting to be selected by customers, now you. Order a beer and slowly make up your choice.\n\nYou can even move close to the glass just to be sure. Do not be shy. If you are overwhelmed, you can get assistant from the Papasan or mamasan.\n\nUsually, the girls have number tags attached to their clothes for easier identification.\u00a0 They are also categorised into two, three or four groups.\n\nOne category has girls over 30 plus average looking Thai girls. Another one has the slim, attractive ones with a higher price tag. The most expensive ones are in the model category.\n\nOnce you have decided on your two Thai cuties, beckon the manager and tell him\/her the numbers. The girls will be brought to you, and you could choose to buy them a drink and have a small talk.\n\n<em><strong>En rapport<\/strong><\/em>: o\u00f9 se rencontrer ? <a href=\"https:\/\/afarangabroad.com\/fr\/5-ways-stop-thai-bar-girls\/\">Thai bar girls<\/a>\u00a0et\u00a0<a href=\"https:\/\/afarangabroad.com\/fr\/2015\/03\/thai-hookers\/\">Prostitu\u00e9es de rue tha\u00eflandaises<\/a>.\n\nAfter settling the bill, the girls will get towels, soap, and condom then escort you to the private room. In the room, the girls will undress and help you do the same.\n\nOnce naked, the three of you will hop into a bathtub, and they will wash you from head to toe with more focus in the groin. The beautiful girls will then dry you and apply your entire body with oil. They will do the same on theirs, seductively as you watch.\n\nOnce on the spacious mattress, the girls will give your back and neck a massage. This does not go on for long, usually less than 20 minutes for a one and half hour massage session.\n\nThen comes the best part. These two hot Thai babes will start sucking your nipples as they caress other erotic body parts. They will put you in the middle and sandwich you.\n\nIt\u2019s at this part that you start feeling in heaven. When the girls see you are fully aroused, they will put you a condom and have sex with you.\n\nAt this point, you are free to take control and dump the passive character. Take your time and have fun as long as there is time. If you do it right, the babes might want a second round with you.\n\nAfter that, the girls will take you to the shower and wash you clean. Dress and follow the girls back to the lobby.\n<h2>Escortes Smooci \u00e0 Bangkok<\/h2>\nIf you&#8217;re looking for an escort service in Bangkok, the best one I have ever used is Smooci.\n\nThey are online 24\/7, have dozens of girls to choose from with their prices and even reviews.<a href=\"https:\/\/smooci.com\/tokyo?search&amp;utm_source=afarang-TKY-disc-ban\" target=\"_blank\" rel=\"noopener noreferrer\"><img loading=\"lazy\" decoding=\"async\" class=\"aligncenter wp-image-512712\" src=\"https:\/\/afarangabroad.com\/wp-content\/uploads\/2020\/08\/new-smooci-banner-300x75.gif\" alt=\"\" width=\"456\" height=\"114\" srcset=\"https:\/\/afarangabroad.com\/wp-content\/uploads\/2020\/08\/new-smooci-banner-300x75.gif 300w, https:\/\/afarangabroad.com\/wp-content\/uploads\/2020\/08\/new-smooci-banner-768x192.gif 768w\" sizes=\"(max-width: 456px) 100vw, 456px\" \/><\/a>\n\nSmooci is well known by expats and businessmen, if you\u2019re looking for a discreet escort without the stress and no chance of being scammed, Smooci is the best place to contact. You can learn more by checking out their website: <a href=\"https:\/\/smooci.com\/bangkok?search&amp;utm_source=afarang-bkk-disc-ban\" target=\"_blank\" rel=\"nofollow noopener noreferrer\">www.Smooci.com<\/a>\n<h2>Combien co\u00fbte un massage sandwich \u00e0 Bangkok ?<\/h2>\nPlusieurs facteurs entrent en jeu pour r\u00e9pondre \u00e0 cette question. C'est ce qui fait que le co\u00fbt du massage varie d'un \u00e9tablissement \u00e0 l'autre. L'un d'eux est la classe du salon et l'autre, le plus important, le type de fille.\n<h2>Il existe trois types de filles dans les salons de massage de Bangkok.<\/h2>\n<strong>Les filles de l'aquarium<\/strong>: these are the Thai girls sitting in the fishbowl.\u00a0 They are employees of the parlour and report to work in shift. For a massage, you will have to pay an average of between 1,500 and 2000 baht, each.\n\n<strong>Les filles de la ligne de touche :<\/strong> elles ne sont pas employ\u00e9es par le salon, elles vont et viennent donc \u00e0 leur guise. La plupart des filles de cette cat\u00e9gorie sont jeunes et s\u00e9duisantes, entre 18 et 22 ans. Pour cela, elles co\u00fbtent plus cher, entre 2 500 bahts et 5 000 bahts chacune.\n\n<em>Lecture associ\u00e9e<\/em>: pour savoir o\u00f9 obtenir un <a href=\"https:\/\/afarangabroad.com\/fr\/massage-nuru-bangkok\/\">massage nuru \u00e0 Bangkok<\/a> ou de conna\u00eetre le co\u00fbt de la prise en charge d'un <a href=\"https:\/\/afarangabroad.com\/fr\/prostitution-a-bangkok\/\">Prostitu\u00e9e de Bangkok<\/a> domicile.\n\n<strong>Mod\u00e8les :<\/strong> this term does not mean a photo model for magazines, no. It means she is the tallest, thin and youngest woman working at the sandwich massage parlour.\u00a0 For girls in this category, you will have to part with between 3,000 -7,000 baht, each.\n\nAfter the massage, you can give a couple of hundred baht to the girls as a tip if you loved their service. However, this is not compulsory.\n\nHere is a guide on the best streets plus parlours to get a sandwich massage in Bangkok. The listed massage salons are all highly recommended.\n\n<em>En rapport : <a href=\"https:\/\/afarangabroad.com\/fr\/happy-massages-bangkok\/\" target=\"_blank\" rel=\"noopener noreferrer\">massages de fin de vie \u00e0 Bangkok<\/a><\/em>\n<h2>Sukhumvit Soi 4 &amp; Soi 5<\/h2>\nCes rues sont bien connues des touristes sexuels et des sexpats qui visitent la r\u00e9gion. <a href=\"https:\/\/afarangabroad.com\/fr\/2015\/01\/never-visit-soi-cowboy-nana-plaza\/\" target=\"_blank\" rel=\"noopener noreferrer\">Nana Plaza<\/a>. Vous pouvez trouver un ensemble de salons de massage offrant des services de happy ending pr\u00e8s de Foodland. Vous trouverez \u00e9galement une douzaine de bars \u00e0 bi\u00e8re et de go-go bars dans cette zone.\n<h3>Annie massage savonneux<\/h3>\nAnnies est l'un des massages en sandwich les plus populaires de Bangkok. Pendant les heures d'ouverture, il y a plus de 80 filles tha\u00eflandaises sexy, r\u00e9put\u00e9es pour leur grande finesse sexuelle. Ils proposent \u00e9galement des services \u00e0 emporter pour 5000 bahts. Les prix sont fixes.\n<ul>\n \t<li><em>Lieu : pr\u00e8s de Nana Plaza<\/em><\/li>\n \t<li><em>Open hours: 11 AM \u2013 12 AM<\/em><\/li>\n \t<li><em>Co\u00fbt : 3000 bahts par fille \/ 2 heures de massage<\/em><\/li>\n \t<li><em>Comment s'y rendre : Station Nana Plaza BTS<\/em><\/li>\n \t<li><em>Appeler : +66 2 251 5680<\/em><\/li>\n<\/ul>\n<h3>Massage Utopia<\/h3>\nL'Utopia a une riche client\u00e8le asiatique et s'attend donc \u00e0 ce que les massages soient de premier ordre.\n<ul>\n \t<li><em>Emplacement : Rama 9<\/em><\/li>\n \t<li><em>Les prix varient de 3600 \u00e0 47 bahts par fille : 3600 \u00e0 47 bahts par fille, les \u00e9trangers doivent s'acquitter d'un suppl\u00e9ment de 600 \u00e0 1200 bahts \/ 1,5 heure.<\/em><\/li>\n \t<li><em>Appeler : +66 2 354 1300<\/em><\/li>\n \t<li><em>Autres services propos\u00e9s : bar, karaok\u00e9, espace d\u00e9tente<\/em><\/li>\n<\/ul>\n<h3>Massage Victoria Secret<\/h3>\nVous trouverez plus de 40 filles pendant le week-end. Je vous conseille d'opter pour les filles de la ligne de touche car les autres sont un peu rudes, surtout pour les d\u00e9butants.\n<ul>\n \t<li><em>Emplacement : 555, Soi Vijai 4, Din Daeng<\/em><\/li>\n \t<li><em>Open hours: 9 AM \u2013 5 PM<\/em><\/li>\n \t<li><em>Gamme de prix : 1700 \u00e0 5500 bahts par fille<\/em><\/li>\n \t<li><em>Autres services propos\u00e9s : billard, restaurant, karaok\u00e9 et salon.<\/em><\/li>\n<\/ul>\n<h2>Soi 21<\/h2>\nLe meilleur salon de massage est Emmanuelle massage. Les filles y sont plus jeunes et plus attirantes que dans d'autres r\u00e9gions. Emmanuelle propose \u00e9galement un abonnement aux personnes int\u00e9ress\u00e9es.\n<ul>\n \t<li><em>Emplacement : 55 Ratchadapisek Rd, Huaykhjwang. Pr\u00e8s de l'h\u00f4tel Emerald.<\/em><\/li>\n \t<li><em>Gamme de prix : 1900 -6100 bahts<\/em><\/li>\n \t<li><em>Comment s'y rendre : Station Huai Kwang BTS<\/em><\/li>\n<\/ul>\n<h2>Sukhumvit Soi 22<\/h2>\nYou can find dozens of massage salons along Soi 22. One that offers extraordinary massage is Poseidon Entertainment Complex.\n\nOf late Poseidon has reduced the number of girls to focus on quality. This makes most of their of girls premium quality.\n<ul>\n \t<li><em>Lieu : 209 Ratchadaphisek Rd, Din Daeng<\/em><\/li>\n \t<li><em>Gamme de prix : 2200 \u00e0 2600 bahts pour 2 heures avec la fille d'accompagnement. Les filles mod\u00e8les commencent \u00e0 3000 bahts et vont jusqu'\u00e0 6000 bahts.<\/em><\/li>\n \t<li><em>Des ex-p\u00e9nitenciers pour 60 minutes co\u00fbtent 6000 bahts<\/em><\/li>\n \t<li><em>Comment s'y rendre : Station Sutthisan BTS<\/em><\/li>\n<\/ul>\n<h2>Soi 11 et 13<\/h2>\nVous trouverez ici un certain nombre de massages de fin de vie. Cependant, la plupart d'entre eux offrent <a href=\"https:\/\/afarangabroad.com\/fr\/bangkok-blowjob-bars\/\" target=\"_blank\" rel=\"noopener noreferrer\">Bangkok blowjobs<\/a> et des mains. Quoi qu'il en soit, un couple propose des massages en sandwich \u00e0 Bangkok.\n<h2>Sukhumvit Soi 33<\/h2>\nIf you want to get sandwiched by Japanese girls, this is your street. Most of these girls are young, cute and more hospitable compared to local Thai girls. The sandwich massage here is quite busy during the weekend.\n\nI suggest you visit the place on a weekday afternoon. It\u2019s less crowded, and you can get serviced by the hottest babes.\n<h2>Sukhumvit Soi 24 \/1<\/h2>\nMost of the sandwich massage in Bangkok here also target Japanese customers. Don\u2019t get mistaken as you will find other farangs too.\n\nOne advantage of the parlors here is the price. While the girls are not the best in town, you only need to part with 2000 baht for a 1 hour plus massage.\n\nOn less busy days you can pop in and see the girls as you sip the beer without having to get the massage.\n\nYou can also find several Bangkok nuru massages in this area.\n<h2>Patpong<\/h2>\nIl y a deux massages d\u00e9cents en <a href=\"http:\/\/www.bangkok.com\/shopping-market\/patpong-night-market.htm\" target=\"_blank\" rel=\"nofollow noopener noreferrer\">Patpong<\/a>. If you ask any farang in the area, most are after the beer bar girls, ladyboys or having fun in gay bars.\n\nBecause of fewer customers, most of the girls here are not the most attractive in Bangkok. In fact, only a couple qualify to be in the model category.\n\nIf you are after quality service and a more decent establishment, then I suggest you try ones in Sukhumvit.\n\nHowever, if your hotel is near these massage in Bangkok don\u2019t hesitate to pay a visit. To find the parlor, narrow your search along Silom and Surawong Road.\n<h2>Bang Rak, Huai Kwang, Ratchaprarop<\/h2>\nCes trois quartiers sont moins populaires aupr\u00e8s des \u00e9trangers en raison de leur emplacement. Bien qu'ils soient situ\u00e9s en dehors du centre-ville, vous pouvez trouver un massage sandwich de qualit\u00e9 \u00e0 Bangkok dans ces rues :\n<h3>Soi Charoen Krung 42<\/h3>\nComment s'y rendre : BTS Saphan Taksin\n<h3>Ratchaprarop Soi 8<\/h3>\nComment s'y rendre : Station de liaison avec l'a\u00e9roport de Ratchapraro\n<h3>Pracha Rat Bamphen Road<\/h3>\nComment s'y rendre : Station MRT Huai Kwang\n<h3>Route de Khao San<\/h3>\nPour les jeunes routards, <a href=\"https:\/\/onestep4ward.com\/the-good-the-bad-and-the-ugly-of-khao-san-road-bangkok\/\" target=\"_blank\" rel=\"nofollow noopener noreferrer\">Route de Khao San<\/a> has plenty of places with Thai massage. I hear rumors of a couple of places offering sandwich massage in discreet so if you are experienced one here, tell us how it was and from which parlor.\n\nIf you enjoyed this article you may want to check out where to get <a href=\"https:\/\/afarangabroad.com\/fr\/sex-massages-in-silom\/\">massages \u00e0 Silom<\/a> ou le guide de <a href=\"https:\/\/afarangabroad.com\/fr\/gentlemen-club-bangkok\/\">Clubs pour hommes \u00e0 Bangkok<\/a>.\n\nIf you want to get\u00a0<strong>sex in Thailand for free<\/strong>\u00a0<a title=\"Utiliser Thai Friendly pour trouver une petite amie tha\u00eflandaise\" href=\"https:\/\/afarangabroad.com\/fr\/thai-cupid-dating-site\/\" target=\"_blank\" rel=\"noopener noreferrer\">Consultez cet article<\/a>.<a href=\"https:\/\/afarangabroad.com\/fr\/thai-cupid-dating-site\/\" target=\"_blank\" rel=\"noopener noreferrer\"><img loading=\"lazy\" decoding=\"async\" class=\"aligncenter wp-image-7259 size-large\" src=\"https:\/\/afarangabroad.com\/wp-content\/uploads\/2016\/06\/Meet-Thai-girls1-1024x691.png\" sizes=\"(max-width: 678px) 100vw, 678px\" srcset=\"https:\/\/afarangabroad.com\/wp-content\/uploads\/2016\/06\/Meet-Thai-girls1-1024x691.png 1024w, https:\/\/afarangabroad.com\/wp-content\/uploads\/2016\/06\/Meet-Thai-girls1-300x202.png 300w, https:\/\/afarangabroad.com\/wp-content\/uploads\/2016\/06\/Meet-Thai-girls1-720x486.png 720w, https:\/\/afarangabroad.com\/wp-content\/uploads\/2016\/06\/Meet-Thai-girls1.png 1038w\" alt=\"Meet Thai girls\" width=\"678\" height=\"458\" \/><\/a>\n\nAfter enjoying your sandwich massage don\u2019t call it a day. Check our other articles on <a href=\"https:\/\/afarangabroad.com\/fr\/bangkok-clubbing-guide__trashed\/clubs-propres-de-bangkok\/\" target=\"_blank\" rel=\"nofollow noopener noreferrer\">Les meilleurs lieux de vie nocturne \u00e0 Bangkok\u00a0<\/a>Bangkok for more fun.\n\nWhere is your favourite sandwich massage in Bangkok?","protected":false},"excerpt":{"rendered":"<p>In this article you will learn where to get the best sandwich massages in Bangkok. While there are many types of massage, one of the most pleasurable is the sandwich massage. If you want to get\u00a0laid for free in Thailand for free\u00a0then check this article. Most people, especially foreigners do not understand what happens in [&hellip;]<\/p>","protected":false},"author":2,"featured_media":9484,"parent":0,"menu_order":0,"comment_status":"open","ping_status":"open","template":"","meta":{"_exactmetrics_skip_tracking":false,"_exactmetrics_sitenote_active":false,"_exactmetrics_sitenote_note":"","_exactmetrics_sitenote_category":0,"footnotes":""},"categories":[298],"tags":[59,196],"class_list":["post-9511","page","type-page","status-publish","has-post-thumbnail","hentry","category-bangkok-nightlife","tag-bangkok","tag-thai-girls"],"yoast_head":"<!-- This site is optimized with the Yoast SEO plugin v20.1 - https:\/\/yoast.com\/wordpress\/plugins\/seo\/ -->\n<title>Best Sandwich Massages in Bangkok - A Farang Abroad<\/title>\n<meta name=\"description\" content=\"In this article I&#039;ll show you where to get the best sandwich massages in Bangkok. You&#039;ll get locations to the massage shops and the price.\" \/>\n<meta name=\"robots\" content=\"index, follow, max-snippet:-1, max-image-preview:large, max-video-preview:-1\" \/>\n<link rel=\"canonical\" href=\"https:\/\/afarangabroad.com\/fr\/massage-sandwich-bangkok\/\" \/>\n<meta property=\"og:locale\" content=\"fr_FR\" \/>\n<meta property=\"og:type\" content=\"article\" \/>\n<meta property=\"og:title\" content=\"Best Sandwich Massages in Bangkok - A Farang Abroad\" \/>\n<meta property=\"og:description\" content=\"In this article I&#039;ll show you where to get the best sandwich massages in Bangkok. You&#039;ll get locations to the massage shops and the price.\" \/>\n<meta property=\"og:url\" content=\"https:\/\/afarangabroad.com\/fr\/massage-sandwich-bangkok\/\" \/>\n<meta property=\"og:site_name\" content=\"A Farang Abroad\" \/>\n<meta property=\"article:modified_time\" content=\"2024-10-16T05:19:36+00:00\" \/>\n<meta property=\"og:image\" content=\"https:\/\/afarangabroad.com\/wp-content\/uploads\/2018\/03\/oil-massage-in-Sukumvit.jpg\" \/>\n\t<meta property=\"og:image:width\" content=\"640\" \/>\n\t<meta property=\"og:image:height\" content=\"363\" \/>\n\t<meta property=\"og:image:type\" content=\"image\/jpeg\" \/>\n<meta name=\"twitter:label1\" content=\"Dur\u00e9e de lecture estim\u00e9e\" \/>\n\t<meta name=\"twitter:data1\" content=\"9 minutes\" \/>\n<script type=\"application\/ld+json\" class=\"yoast-schema-graph\">{\"@context\":\"https:\/\/schema.org\",\"@graph\":[{\"@type\":\"WebPage\",\"@id\":\"https:\/\/afarangabroad.com\/sandwich-massage-bangkok\/\",\"url\":\"https:\/\/afarangabroad.com\/sandwich-massage-bangkok\/\",\"name\":\"Best Sandwich Massages in Bangkok - A Farang Abroad\",\"isPartOf\":{\"@id\":\"https:\/\/afarangabroad.com\/#website\"},\"datePublished\":\"2018-03-30T09:17:22+00:00\",\"dateModified\":\"2024-10-16T05:19:36+00:00\",\"description\":\"In this article I'll show you where to get the best sandwich massages in Bangkok. You'll get locations to the massage shops and the price.\",\"breadcrumb\":{\"@id\":\"https:\/\/afarangabroad.com\/sandwich-massage-bangkok\/#breadcrumb\"},\"inLanguage\":\"fr-FR\",\"potentialAction\":[{\"@type\":\"ReadAction\",\"target\":[\"https:\/\/afarangabroad.com\/sandwich-massage-bangkok\/\"]}]},{\"@type\":\"BreadcrumbList\",\"@id\":\"https:\/\/afarangabroad.com\/sandwich-massage-bangkok\/#breadcrumb\",\"itemListElement\":[{\"@type\":\"ListItem\",\"position\":1,\"name\":\"Home\",\"item\":\"https:\/\/afarangabroad.com\/\"},{\"@type\":\"ListItem\",\"position\":2,\"name\":\"Best Sandwich Massages in Bangkok\"}]},{\"@type\":\"WebSite\",\"@id\":\"https:\/\/afarangabroad.com\/#website\",\"url\":\"https:\/\/afarangabroad.com\/\",\"name\":\"A Farang Abroad\",\"description\":\"Your secret guide to Asia&#039;s sexiest nightlife.\",\"potentialAction\":[{\"@type\":\"SearchAction\",\"target\":{\"@type\":\"EntryPoint\",\"urlTemplate\":\"https:\/\/afarangabroad.com\/?s={search_term_string}\"},\"query-input\":\"required name=search_term_string\"}],\"inLanguage\":\"fr-FR\"}]}<\/script>\n<!-- \/ Yoast SEO plugin. -->","yoast_head_json":{"title":"Best Sandwich Massages in Bangkok - A Farang Abroad","description":"In this article I'll show you where to get the best sandwich massages in Bangkok. You'll get locations to the massage shops and the price.","robots":{"index":"index","follow":"follow","max-snippet":"max-snippet:-1","max-image-preview":"max-image-preview:large","max-video-preview":"max-video-preview:-1"},"canonical":"https:\/\/afarangabroad.com\/fr\/massage-sandwich-bangkok\/","og_locale":"fr_FR","og_type":"article","og_title":"Best Sandwich Massages in Bangkok - A Farang Abroad","og_description":"In this article I'll show you where to get the best sandwich massages in Bangkok. You'll get locations to the massage shops and the price.","og_url":"https:\/\/afarangabroad.com\/fr\/massage-sandwich-bangkok\/","og_site_name":"A Farang Abroad","article_modified_time":"2024-10-16T05:19:36+00:00","og_image":[{"width":"640","height":"363","url":"https:\/\/afarangabroad.com\/wp-content\/uploads\/2018\/03\/oil-massage-in-Sukumvit.jpg","type":"image\/jpeg"}],"twitter_misc":{"Dur\u00e9e de lecture estim\u00e9e":"9 minutes"},"schema":{"@context":"https:\/\/schema.org","@graph":[{"@type":"WebPage","@id":"https:\/\/afarangabroad.com\/sandwich-massage-bangkok\/","url":"https:\/\/afarangabroad.com\/sandwich-massage-bangkok\/","name":"Best Sandwich Massages in Bangkok - A Farang Abroad","isPartOf":{"@id":"https:\/\/afarangabroad.com\/#website"},"datePublished":"2018-03-30T09:17:22+00:00","dateModified":"2024-10-16T05:19:36+00:00","description":"In this article I'll show you where to get the best sandwich massages in Bangkok. You'll get locations to the massage shops and the price.","breadcrumb":{"@id":"https:\/\/afarangabroad.com\/sandwich-massage-bangkok\/#breadcrumb"},"inLanguage":"fr-FR","potentialAction":[{"@type":"ReadAction","target":["https:\/\/afarangabroad.com\/sandwich-massage-bangkok\/"]}]},{"@type":"BreadcrumbList","@id":"https:\/\/afarangabroad.com\/sandwich-massage-bangkok\/#breadcrumb","itemListElement":[{"@type":"ListItem","position":1,"name":"Home","item":"https:\/\/afarangabroad.com\/"},{"@type":"ListItem","position":2,"name":"Best Sandwich Massages in Bangkok"}]},{"@type":"WebSite","@id":"https:\/\/afarangabroad.com\/#website","url":"https:\/\/afarangabroad.com\/","name":"A Farang Abroad","description":"Your secret guide to Asia&#039;s sexiest nightlife.","potentialAction":[{"@type":"SearchAction","target":{"@type":"EntryPoint","urlTemplate":"https:\/\/afarangabroad.com\/?s={search_term_string}"},"query-input":"required name=search_term_string"}],"inLanguage":"fr-FR"}]}},"_links":{"self":[{"href":"https:\/\/afarangabroad.com\/fr\/wp-json\/wp\/v2\/pages\/9511"}],"collection":[{"href":"https:\/\/afarangabroad.com\/fr\/wp-json\/wp\/v2\/pages"}],"about":[{"href":"https:\/\/afarangabroad.com\/fr\/wp-json\/wp\/v2\/types\/page"}],"author":[{"embeddable":true,"href":"https:\/\/afarangabroad.com\/fr\/wp-json\/wp\/v2\/users\/2"}],"replies":[{"embeddable":true,"href":"https:\/\/afarangabroad.com\/fr\/wp-json\/wp\/v2\/comments?post=9511"}],"version-history":[{"count":11,"href":"https:\/\/afarangabroad.com\/fr\/wp-json\/wp\/v2\/pages\/9511\/revisions"}],"predecessor-version":[{"id":513616,"href":"https:\/\/afarangabroad.com\/fr\/wp-json\/wp\/v2\/pages\/9511\/revisions\/513616"}],"wp:featuredmedia":[{"embeddable":true,"href":"https:\/\/afarangabroad.com\/fr\/wp-json\/wp\/v2\/media\/9484"}],"wp:attachment":[{"href":"https:\/\/afarangabroad.com\/fr\/wp-json\/wp\/v2\/media?parent=9511"}],"wp:term":[{"taxonomy":"category","embeddable":true,"href":"https:\/\/afarangabroad.com\/fr\/wp-json\/wp\/v2\/categories?post=9511"},{"taxonomy":"post_tag","embeddable":true,"href":"https:\/\/afarangabroad.com\/fr\/wp-json\/wp\/v2\/tags?post=9511"}],"curies":[{"name":"wp","href":"https:\/\/api.w.org\/{rel}","templated":true}]}}