{"id":9626,"date":"2018-04-19T18:54:43","date_gmt":"2018-04-19T17:54:43","guid":{"rendered":"https:\/\/afarangabroad.com\/?p=9626"},"modified":"2020-05-19T05:29:29","modified_gmt":"2020-05-19T04:29:29","slug":"girls-in-osaka","status":"publish","type":"page","link":"https:\/\/afarangabroad.com\/fr\/filles-a-osaka\/","title":{"rendered":"14 endroits faciles pour rencontrer des filles \u00e0 Osaka"},"content":{"rendered":"<p>Par rapport aux autres grandes villes du Japon, les filles d'Osaka sont consid\u00e9r\u00e9es comme plus amicales, ont un meilleur sens de la mode et la majorit\u00e9 d'entre elles font preuve d'une attitude insouciante. De plus, elles sont les plus mignonnes du Japon et trouveront probablement vos blagues dr\u00f4les. Dans cet article, je vous guiderai vers les meilleurs endroits pour rencontrer les filles de vos r\u00eaves \u00e0 Osaka.<\/p>\n<p>Si vous voulez rencontrer des filles locales \u00e0 Osaka gratuitement,\u00a0<a href=\"https:\/\/afarangabroad.com\/fr\/japan-cupid-review\/\" target=\"_blank\" rel=\"noopener noreferrer\">lire cet article<\/a>.<a href=\"https:\/\/afarangabroad.com\/fr\/japan-cupid-review\/\" target=\"_blank\" rel=\"noopener noreferrer\"><img loading=\"lazy\" decoding=\"async\" class=\"aligncenter size-large wp-image-9678\" src=\"https:\/\/afarangabroad.com\/wp-content\/uploads\/2018\/04\/jap-1024x691.png\" sizes=\"(max-width: 678px) 100vw, 678px\" srcset=\"https:\/\/afarangabroad.com\/wp-content\/uploads\/2018\/04\/jap-1024x691.png 1024w, https:\/\/afarangabroad.com\/wp-content\/uploads\/2018\/04\/jap-300x202.png 300w, https:\/\/afarangabroad.com\/wp-content\/uploads\/2018\/04\/jap-768x518.png 768w, https:\/\/afarangabroad.com\/wp-content\/uploads\/2018\/04\/jap.png 1038w\" alt=\"\" width=\"678\" height=\"458\" \/><\/a><\/p>\n<p>Le Japon a la r\u00e9putation d'\u00eatre un pays de travailleurs et de sans sexe, mais ce n'est pas le cas pour tout le monde. Tout d'abord, leurs filles sont jolies et maigres. Leur peau p\u00e2le, leurs cheveux de jais et leurs jupes courtes r\u00e9veilleront votre b\u00eate noire. Une autre raison de sortir avec des filles d'Osaka est qu'elles savent prendre soin d'elles-m\u00eames. Et surtout, elles sont ouvertes aux \u00e9trangers.<\/p>\n<h2>Les filles d'Osaka dans les bars<\/h2>\n<p>Il existe de nombreux bars o\u00f9 vous pouvez rencontrer des filles \u00e0 Osaka. Certains de ces bars sont ax\u00e9s sur le sexe, d'autres sur la famille. Quel que soit l'endroit o\u00f9 vous rencontrez une fille d'Osaka, vous devez essayer d'avoir une relation intime avec elle.<\/p>\n<p>La r\u00e8gle d'or, cependant, est d'essayer de lire dans ses pens\u00e9es et de voir si elle est motiv\u00e9e pour se rapprocher de vous.<\/p>\n<p>En Gaijin : la pierre de Blarney, l'ours blanc, le capitaine Kangourou et Sam &amp; Dave.<\/p>\n<ul>\n<li><em>La bi\u00e8re co\u00fbte moins de 700 yens.<\/em><\/li>\n<li><em>Cocktail 600-800 yens<\/em><\/li>\n<li><em>Shots 600 yen<\/em><\/li>\n<\/ul>\n<p>Une fois entr\u00e9 dans le bar, vous remarquerez quelques filles locales assises. La plupart d'entre elles seront int\u00e9ress\u00e9es par une discussion et m\u00eame par le fait de jeter leur culotte sur vous. Si vous \u00eates amical, il y a de fortes chances que vous vous envoyiez en l'air.<\/p>\n<p>Proposez-lui de lui offrir un verre, discutez avec elle et demandez-lui si elle peut vous raccompagner \u00e0 votre h\u00f4tel. Notez que si vous faites cette offre, il faut que ce soit avant minuit, car les trains au Japon s'arr\u00eatent \u00e0 minuit. Si vous acceptez, offrez-lui un d\u00eener et sortez.<\/p>\n<p>Les filles sont beaucoup plus gentilles et amicales ici que <a href=\"https:\/\/afarangabroad.com\/fr\/girls-in-tokyo\/\">Les filles de Tokyo<\/a> et parlent mieux l'anglais que <a href=\"https:\/\/afarangabroad.com\/fr\/filles-a-kyoto\/\">filles \u00e0 Kyoto<\/a>.<\/p>\n<h2>Rencontrer des filles c\u00e9libataires \u00e0 Osaka en ligne<\/h2>\n<p>Not all girls in Osaka like to go in bars, clubs or other places and seen leaving with a foreign man. Since they are still interested in a new \u2018experience,\u2019 they find some discreet ways to meet with expats.<\/p>\n<p><strong>En rapport<\/strong>: pour savoir comment utiliser <a href=\"https:\/\/afarangabroad.com\/fr\/tinder-japan\/\">Tinder au Japon<\/a>.<\/p>","protected":false},"excerpt":{"rendered":"<p>Compared to other major cities in Japan, Osaka girls are considered friendlier, have a better fashion-sense with the majority showing a care-free attitude. Also, they are the cutest in Japan and will most likely find your jokes funny. In this article, I will guide you to the best spots to meet your dream girls in [&hellip;]<\/p>","protected":false},"author":2,"featured_media":9691,"parent":0,"menu_order":0,"comment_status":"open","ping_status":"open","template":"","meta":{"_exactmetrics_skip_tracking":false,"_exactmetrics_sitenote_active":false,"_exactmetrics_sitenote_note":"","_exactmetrics_sitenote_category":0,"footnotes":""},"categories":[335],"tags":[],"class_list":["post-9626","page","type-page","status-publish","has-post-thumbnail","hentry","category-japan"],"yoast_head":"<!-- This site is optimized with the Yoast SEO plugin v20.1 - https:\/\/yoast.com\/wordpress\/plugins\/seo\/ -->\n<title>14 Easy Places to Meet Girls in Osaka - A Farang Abroad<\/title>\n<meta name=\"description\" content=\"Are you looking to meet girls in Osaka? In this article I&#039;ll tell you the best bars clubs and online dating sites to hook up with local Osaka girls in Japan.\" \/>\n<meta name=\"robots\" content=\"index, follow, max-snippet:-1, max-image-preview:large, max-video-preview:-1\" \/>\n<link rel=\"canonical\" href=\"https:\/\/afarangabroad.com\/fr\/filles-a-osaka\/\" \/>\n<meta property=\"og:locale\" content=\"fr_FR\" \/>\n<meta property=\"og:type\" content=\"article\" \/>\n<meta property=\"og:title\" content=\"14 Easy Places to Meet Girls in Osaka - A Farang Abroad\" \/>\n<meta property=\"og:description\" content=\"Are you looking to meet girls in Osaka? In this article I&#039;ll tell you the best bars clubs and online dating sites to hook up with local Osaka girls in Japan.\" \/>\n<meta property=\"og:url\" content=\"https:\/\/afarangabroad.com\/fr\/filles-a-osaka\/\" \/>\n<meta property=\"og:site_name\" content=\"A Farang Abroad\" \/>\n<meta property=\"article:modified_time\" content=\"2020-05-19T04:29:29+00:00\" \/>\n<meta property=\"og:image\" content=\"https:\/\/afarangabroad.com\/wp-content\/uploads\/2018\/04\/Girls-in-Osaka.jpg\" \/>\n\t<meta property=\"og:image:width\" content=\"1024\" \/>\n\t<meta property=\"og:image:height\" content=\"683\" \/>\n\t<meta property=\"og:image:type\" content=\"image\/jpeg\" \/>\n<meta name=\"twitter:label1\" content=\"Dur\u00e9e de lecture estim\u00e9e\" \/>\n\t<meta name=\"twitter:data1\" content=\"10 minutes\" \/>\n<script type=\"application\/ld+json\" class=\"yoast-schema-graph\">{\"@context\":\"https:\/\/schema.org\",\"@graph\":[{\"@type\":\"WebPage\",\"@id\":\"https:\/\/afarangabroad.com\/girls-in-osaka\/\",\"url\":\"https:\/\/afarangabroad.com\/girls-in-osaka\/\",\"name\":\"14 Easy Places to Meet Girls in Osaka - A Farang Abroad\",\"isPartOf\":{\"@id\":\"https:\/\/afarangabroad.com\/#website\"},\"datePublished\":\"2018-04-19T17:54:43+00:00\",\"dateModified\":\"2020-05-19T04:29:29+00:00\",\"description\":\"Are you looking to meet girls in Osaka? In this article I'll tell you the best bars clubs and online dating sites to hook up with local Osaka girls in Japan.\",\"breadcrumb\":{\"@id\":\"https:\/\/afarangabroad.com\/girls-in-osaka\/#breadcrumb\"},\"inLanguage\":\"fr-FR\",\"potentialAction\":[{\"@type\":\"ReadAction\",\"target\":[\"https:\/\/afarangabroad.com\/girls-in-osaka\/\"]}]},{\"@type\":\"BreadcrumbList\",\"@id\":\"https:\/\/afarangabroad.com\/girls-in-osaka\/#breadcrumb\",\"itemListElement\":[{\"@type\":\"ListItem\",\"position\":1,\"name\":\"Home\",\"item\":\"https:\/\/afarangabroad.com\/\"},{\"@type\":\"ListItem\",\"position\":2,\"name\":\"14 Easy Places to Meet Girls in Osaka\"}]},{\"@type\":\"WebSite\",\"@id\":\"https:\/\/afarangabroad.com\/#website\",\"url\":\"https:\/\/afarangabroad.com\/\",\"name\":\"A Farang Abroad\",\"description\":\"Your secret guide to Asia&#039;s sexiest nightlife.\",\"potentialAction\":[{\"@type\":\"SearchAction\",\"target\":{\"@type\":\"EntryPoint\",\"urlTemplate\":\"https:\/\/afarangabroad.com\/?s={search_term_string}\"},\"query-input\":\"required name=search_term_string\"}],\"inLanguage\":\"fr-FR\"}]}<\/script>\n<!-- \/ Yoast SEO plugin. -->","yoast_head_json":{"title":"14 Easy Places to Meet Girls in Osaka - A Farang Abroad","description":"Are you looking to meet girls in Osaka? In this article I'll tell you the best bars clubs and online dating sites to hook up with local Osaka girls in Japan.","robots":{"index":"index","follow":"follow","max-snippet":"max-snippet:-1","max-image-preview":"max-image-preview:large","max-video-preview":"max-video-preview:-1"},"canonical":"https:\/\/afarangabroad.com\/fr\/filles-a-osaka\/","og_locale":"fr_FR","og_type":"article","og_title":"14 Easy Places to Meet Girls in Osaka - A Farang Abroad","og_description":"Are you looking to meet girls in Osaka? In this article I'll tell you the best bars clubs and online dating sites to hook up with local Osaka girls in Japan.","og_url":"https:\/\/afarangabroad.com\/fr\/filles-a-osaka\/","og_site_name":"A Farang Abroad","article_modified_time":"2020-05-19T04:29:29+00:00","og_image":[{"width":"1024","height":"683","url":"https:\/\/afarangabroad.com\/wp-content\/uploads\/2018\/04\/Girls-in-Osaka.jpg","type":"image\/jpeg"}],"twitter_misc":{"Dur\u00e9e de lecture estim\u00e9e":"10 minutes"},"schema":{"@context":"https:\/\/schema.org","@graph":[{"@type":"WebPage","@id":"https:\/\/afarangabroad.com\/girls-in-osaka\/","url":"https:\/\/afarangabroad.com\/girls-in-osaka\/","name":"14 Easy Places to Meet Girls in Osaka - A Farang Abroad","isPartOf":{"@id":"https:\/\/afarangabroad.com\/#website"},"datePublished":"2018-04-19T17:54:43+00:00","dateModified":"2020-05-19T04:29:29+00:00","description":"Are you looking to meet girls in Osaka? In this article I'll tell you the best bars clubs and online dating sites to hook up with local Osaka girls in Japan.","breadcrumb":{"@id":"https:\/\/afarangabroad.com\/girls-in-osaka\/#breadcrumb"},"inLanguage":"fr-FR","potentialAction":[{"@type":"ReadAction","target":["https:\/\/afarangabroad.com\/girls-in-osaka\/"]}]},{"@type":"BreadcrumbList","@id":"https:\/\/afarangabroad.com\/girls-in-osaka\/#breadcrumb","itemListElement":[{"@type":"ListItem","position":1,"name":"Home","item":"https:\/\/afarangabroad.com\/"},{"@type":"ListItem","position":2,"name":"14 Easy Places to Meet Girls in Osaka"}]},{"@type":"WebSite","@id":"https:\/\/afarangabroad.com\/#website","url":"https:\/\/afarangabroad.com\/","name":"A Farang Abroad","description":"Your secret guide to Asia&#039;s sexiest nightlife.","potentialAction":[{"@type":"SearchAction","target":{"@type":"EntryPoint","urlTemplate":"https:\/\/afarangabroad.com\/?s={search_term_string}"},"query-input":"required name=search_term_string"}],"inLanguage":"fr-FR"}]}},"_links":{"self":[{"href":"https:\/\/afarangabroad.com\/fr\/wp-json\/wp\/v2\/pages\/9626"}],"collection":[{"href":"https:\/\/afarangabroad.com\/fr\/wp-json\/wp\/v2\/pages"}],"about":[{"href":"https:\/\/afarangabroad.com\/fr\/wp-json\/wp\/v2\/types\/page"}],"author":[{"embeddable":true,"href":"https:\/\/afarangabroad.com\/fr\/wp-json\/wp\/v2\/users\/2"}],"replies":[{"embeddable":true,"href":"https:\/\/afarangabroad.com\/fr\/wp-json\/wp\/v2\/comments?post=9626"}],"version-history":[{"count":0,"href":"https:\/\/afarangabroad.com\/fr\/wp-json\/wp\/v2\/pages\/9626\/revisions"}],"wp:featuredmedia":[{"embeddable":true,"href":"https:\/\/afarangabroad.com\/fr\/wp-json\/wp\/v2\/media\/9691"}],"wp:attachment":[{"href":"https:\/\/afarangabroad.com\/fr\/wp-json\/wp\/v2\/media?parent=9626"}],"wp:term":[{"taxonomy":"category","embeddable":true,"href":"https:\/\/afarangabroad.com\/fr\/wp-json\/wp\/v2\/categories?post=9626"},{"taxonomy":"post_tag","embeddable":true,"href":"https:\/\/afarangabroad.com\/fr\/wp-json\/wp\/v2\/tags?post=9626"}],"curies":[{"name":"wp","href":"https:\/\/api.w.org\/{rel}","templated":true}]}}