{"id":9719,"date":"2018-05-08T10:10:23","date_gmt":"2018-05-08T09:10:23","guid":{"rendered":"https:\/\/afarangabroad.com\/?p=9719"},"modified":"2019-01-11T06:45:08","modified_gmt":"2019-01-11T06:45:08","slug":"king-cross-jakarta-review-2018","status":"publish","type":"page","link":"https:\/\/afarangabroad.com\/fr\/king-cross-jakarta-review-2018\/","title":{"rendered":"King Cross Jakarta Review (2018)"},"content":{"rendered":"<p>Indonesia is one of the best places to unleash your sexual desires. Apparently, it\u2019s illegal to pay for sex here, but <a href=\"https:\/\/afarangabroad.com\/fr\/sexe-jakarta\/\">Jakarta<\/a> is somehow exempted. In this city, clubs and parlors are located in plain sight. This article informs you about King Cross Jakarta , it&#8217;s location, kind of service to expect and how it will cost you to have fun with girls in the club.<\/p>\n<p>Si vous voulez vous envoyer en l'air gratuitement \u00e0 Jakarta,\u00a0<a href=\"https:\/\/afarangabroad.com\/fr\/cupidon-indonesien\/\" target=\"_blank\" rel=\"noopener\">alors consultez cet article<\/a>.<a href=\"https:\/\/afarangabroad.com\/fr\/cupidon-indonesien\/\" target=\"_blank\" rel=\"noopener\"><img loading=\"lazy\" decoding=\"async\" class=\"aligncenter size-large wp-image-7574\" src=\"https:\/\/afarangabroad.com\/wp-content\/uploads\/2016\/08\/hot-Jakarta-girl-1024x691.png\" sizes=\"(max-width: 600px) 100vw, 600px\" srcset=\"https:\/\/afarangabroad.com\/wp-content\/uploads\/2016\/08\/hot-Jakarta-girl-1024x691.png 1024w, https:\/\/afarangabroad.com\/wp-content\/uploads\/2016\/08\/hot-Jakarta-girl-300x202.png 300w, https:\/\/afarangabroad.com\/wp-content\/uploads\/2016\/08\/hot-Jakarta-girl-768x518.png 768w, https:\/\/afarangabroad.com\/wp-content\/uploads\/2016\/08\/hot-Jakarta-girl-720x486.png 720w, https:\/\/afarangabroad.com\/wp-content\/uploads\/2016\/08\/hot-Jakarta-girl.png 1038w\" alt=\"hot Jakarta girl\" width=\"600\" height=\"405\" \/><\/a>King Cross\u00a0 Jakarta strip club has some of the hottest girls in Jakarta and at a relatively low price. There is a range of girls to choose including Russia girls, Uzbekistan, Thailand girls, China girls, etc. The rates for foreign girls are more but still very reasonable.<\/p>\n<h2>Comment se rendre au King Cross Jakarta Strip club<\/h2>\n<p>La plupart des visiteurs de Jakarta Nord trouvent difficile de se rendre \u00e0 King Cross par leurs propres moyens. Cependant, si vous avez un smartphone, cela devient beaucoup plus facile. Si vous pr\u00e9f\u00e9rez \u00e9viter toute cette agitation, vous pouvez choisir d'utiliser un taxi.<\/p>\n<ul>\n<li>Emplacement : King Cross, Jakarta Kokan Permata Block E38-42.<\/li>\n<\/ul>\n<p>Jalan Boulevard Bukit Gading Raya<\/p>\n<p>Kelapa Gading Jakarta, Indon\u00e9sie<\/p>\n<ul>\n<li>Open Hours: 9 PM &#8211; 6 AM<\/li>\n<li>Appeler : +62 21 4517353<\/li>\n<\/ul>\n<h2>Services offerts par le club<\/h2>\n<h3>A l'entr\u00e9e<\/h3>\n<p>King Cross is mostly called KC (pronounced as KaTche) by the locals.\u00a0 It is among the largest adult entertainment complex for men besides Alexis Hotel and Malioboro.<\/p>\n<p>Une fois arriv\u00e9s au club, les visiteurs sont bri\u00e8vement examin\u00e9s par les agents de s\u00e9curit\u00e9 avant d'entrer. Les VIP ne sont soumis \u00e0 aucun contr\u00f4le.<\/p>\n<p>Une fois entr\u00e9, vous recevrez un bracelet qui servira \u00e0 enregistrer vos d\u00e9penses pendant votre s\u00e9jour au club. Une fois le bracelet fix\u00e9, vous \u00eates libre d'explorer le complexe et de d\u00e9couvrir les diff\u00e9rents types de loisirs.<\/p>\n<h3>Dans les 4 \u00e9tages<\/h3>\n<h4>Au rez-de-chauss\u00e9e du club<\/h4>\n<p>Here here is a lively lounge known as \u201cResto &amp; Pool Bar.\u201d It consists of a large bar with dozens sitting places. The light is low and music a bit loud.<\/p>\n<p>Les gens sont autoris\u00e9s \u00e0 fumer ici et la pi\u00e8ce est bien a\u00e9r\u00e9e. On peut y prendre des boissons, mais pour une dame de son choix. D'ailleurs, la boisson d'une dame co\u00fbte le m\u00eame prix que celle d'un client.<\/p>\n<p>On both sides of the KC lounge, there are 20 to 30 women seated, wearing numbered badges.\u00a0 These women can join you for a drink and have a chat.<\/p>","protected":false},"excerpt":{"rendered":"<p>Indonesia is one of the best places to unleash your sexual desires. Apparently, it\u2019s illegal to pay for sex here, but Jakarta is somehow exempted. In this city, clubs and parlors are located in plain sight. This article informs you about King Cross Jakarta , it&#8217;s location, kind of service to expect and how it [&hellip;]<\/p>","protected":false},"author":2,"featured_media":9484,"parent":0,"menu_order":0,"comment_status":"open","ping_status":"open","template":"","meta":{"_exactmetrics_skip_tracking":false,"_exactmetrics_sitenote_active":false,"_exactmetrics_sitenote_note":"","_exactmetrics_sitenote_category":0,"footnotes":""},"categories":[318],"tags":[],"class_list":["post-9719","page","type-page","status-publish","has-post-thumbnail","hentry","category-indonesia"],"yoast_head":"<!-- This site is optimized with the Yoast SEO plugin v20.1 - https:\/\/yoast.com\/wordpress\/plugins\/seo\/ -->\n<title>King Cross Jakarta Review (2018) - A Farang Abroad<\/title>\n<meta name=\"description\" content=\"Want to try out King Cross in Jakarta? This is my personal review in 2018 about prices, girls in King Cross, what to expect and common tricks to avoid.\" \/>\n<meta name=\"robots\" content=\"index, follow, max-snippet:-1, max-image-preview:large, max-video-preview:-1\" \/>\n<link rel=\"canonical\" href=\"https:\/\/afarangabroad.com\/fr\/king-cross-jakarta-review-2018\/\" \/>\n<meta property=\"og:locale\" content=\"fr_FR\" \/>\n<meta property=\"og:type\" content=\"article\" \/>\n<meta property=\"og:title\" content=\"King Cross Jakarta Review (2018) - A Farang Abroad\" \/>\n<meta property=\"og:description\" content=\"Want to try out King Cross in Jakarta? This is my personal review in 2018 about prices, girls in King Cross, what to expect and common tricks to avoid.\" \/>\n<meta property=\"og:url\" content=\"https:\/\/afarangabroad.com\/fr\/king-cross-jakarta-review-2018\/\" \/>\n<meta property=\"og:site_name\" content=\"A Farang Abroad\" \/>\n<meta property=\"article:modified_time\" content=\"2019-01-11T06:45:08+00:00\" \/>\n<meta property=\"og:image\" content=\"https:\/\/afarangabroad.com\/wp-content\/uploads\/2018\/03\/oil-massage-in-Sukumvit.jpg\" \/>\n\t<meta property=\"og:image:width\" content=\"640\" \/>\n\t<meta property=\"og:image:height\" content=\"363\" \/>\n\t<meta property=\"og:image:type\" content=\"image\/jpeg\" \/>\n<meta name=\"twitter:label1\" content=\"Dur\u00e9e de lecture estim\u00e9e\" \/>\n\t<meta name=\"twitter:data1\" content=\"7 minutes\" \/>\n<script type=\"application\/ld+json\" class=\"yoast-schema-graph\">{\"@context\":\"https:\/\/schema.org\",\"@graph\":[{\"@type\":\"WebPage\",\"@id\":\"https:\/\/afarangabroad.com\/king-cross-jakarta-review-2018\/\",\"url\":\"https:\/\/afarangabroad.com\/king-cross-jakarta-review-2018\/\",\"name\":\"King Cross Jakarta Review (2018) - A Farang Abroad\",\"isPartOf\":{\"@id\":\"https:\/\/afarangabroad.com\/#website\"},\"datePublished\":\"2018-05-08T09:10:23+00:00\",\"dateModified\":\"2019-01-11T06:45:08+00:00\",\"description\":\"Want to try out King Cross in Jakarta? This is my personal review in 2018 about prices, girls in King Cross, what to expect and common tricks to avoid.\",\"breadcrumb\":{\"@id\":\"https:\/\/afarangabroad.com\/king-cross-jakarta-review-2018\/#breadcrumb\"},\"inLanguage\":\"fr-FR\",\"potentialAction\":[{\"@type\":\"ReadAction\",\"target\":[\"https:\/\/afarangabroad.com\/king-cross-jakarta-review-2018\/\"]}]},{\"@type\":\"BreadcrumbList\",\"@id\":\"https:\/\/afarangabroad.com\/king-cross-jakarta-review-2018\/#breadcrumb\",\"itemListElement\":[{\"@type\":\"ListItem\",\"position\":1,\"name\":\"Home\",\"item\":\"https:\/\/afarangabroad.com\/\"},{\"@type\":\"ListItem\",\"position\":2,\"name\":\"King Cross Jakarta Review (2018)\"}]},{\"@type\":\"WebSite\",\"@id\":\"https:\/\/afarangabroad.com\/#website\",\"url\":\"https:\/\/afarangabroad.com\/\",\"name\":\"A Farang Abroad\",\"description\":\"Your secret guide to Asia&#039;s sexiest nightlife.\",\"potentialAction\":[{\"@type\":\"SearchAction\",\"target\":{\"@type\":\"EntryPoint\",\"urlTemplate\":\"https:\/\/afarangabroad.com\/?s={search_term_string}\"},\"query-input\":\"required name=search_term_string\"}],\"inLanguage\":\"fr-FR\"}]}<\/script>\n<!-- \/ Yoast SEO plugin. -->","yoast_head_json":{"title":"King Cross Jakarta Review (2018) - A Farang Abroad","description":"Want to try out King Cross in Jakarta? This is my personal review in 2018 about prices, girls in King Cross, what to expect and common tricks to avoid.","robots":{"index":"index","follow":"follow","max-snippet":"max-snippet:-1","max-image-preview":"max-image-preview:large","max-video-preview":"max-video-preview:-1"},"canonical":"https:\/\/afarangabroad.com\/fr\/king-cross-jakarta-review-2018\/","og_locale":"fr_FR","og_type":"article","og_title":"King Cross Jakarta Review (2018) - A Farang Abroad","og_description":"Want to try out King Cross in Jakarta? This is my personal review in 2018 about prices, girls in King Cross, what to expect and common tricks to avoid.","og_url":"https:\/\/afarangabroad.com\/fr\/king-cross-jakarta-review-2018\/","og_site_name":"A Farang Abroad","article_modified_time":"2019-01-11T06:45:08+00:00","og_image":[{"width":"640","height":"363","url":"https:\/\/afarangabroad.com\/wp-content\/uploads\/2018\/03\/oil-massage-in-Sukumvit.jpg","type":"image\/jpeg"}],"twitter_misc":{"Dur\u00e9e de lecture estim\u00e9e":"7 minutes"},"schema":{"@context":"https:\/\/schema.org","@graph":[{"@type":"WebPage","@id":"https:\/\/afarangabroad.com\/king-cross-jakarta-review-2018\/","url":"https:\/\/afarangabroad.com\/king-cross-jakarta-review-2018\/","name":"King Cross Jakarta Review (2018) - A Farang Abroad","isPartOf":{"@id":"https:\/\/afarangabroad.com\/#website"},"datePublished":"2018-05-08T09:10:23+00:00","dateModified":"2019-01-11T06:45:08+00:00","description":"Want to try out King Cross in Jakarta? This is my personal review in 2018 about prices, girls in King Cross, what to expect and common tricks to avoid.","breadcrumb":{"@id":"https:\/\/afarangabroad.com\/king-cross-jakarta-review-2018\/#breadcrumb"},"inLanguage":"fr-FR","potentialAction":[{"@type":"ReadAction","target":["https:\/\/afarangabroad.com\/king-cross-jakarta-review-2018\/"]}]},{"@type":"BreadcrumbList","@id":"https:\/\/afarangabroad.com\/king-cross-jakarta-review-2018\/#breadcrumb","itemListElement":[{"@type":"ListItem","position":1,"name":"Home","item":"https:\/\/afarangabroad.com\/"},{"@type":"ListItem","position":2,"name":"King Cross Jakarta Review (2018)"}]},{"@type":"WebSite","@id":"https:\/\/afarangabroad.com\/#website","url":"https:\/\/afarangabroad.com\/","name":"A Farang Abroad","description":"Your secret guide to Asia&#039;s sexiest nightlife.","potentialAction":[{"@type":"SearchAction","target":{"@type":"EntryPoint","urlTemplate":"https:\/\/afarangabroad.com\/?s={search_term_string}"},"query-input":"required name=search_term_string"}],"inLanguage":"fr-FR"}]}},"_links":{"self":[{"href":"https:\/\/afarangabroad.com\/fr\/wp-json\/wp\/v2\/pages\/9719"}],"collection":[{"href":"https:\/\/afarangabroad.com\/fr\/wp-json\/wp\/v2\/pages"}],"about":[{"href":"https:\/\/afarangabroad.com\/fr\/wp-json\/wp\/v2\/types\/page"}],"author":[{"embeddable":true,"href":"https:\/\/afarangabroad.com\/fr\/wp-json\/wp\/v2\/users\/2"}],"replies":[{"embeddable":true,"href":"https:\/\/afarangabroad.com\/fr\/wp-json\/wp\/v2\/comments?post=9719"}],"version-history":[{"count":0,"href":"https:\/\/afarangabroad.com\/fr\/wp-json\/wp\/v2\/pages\/9719\/revisions"}],"wp:featuredmedia":[{"embeddable":true,"href":"https:\/\/afarangabroad.com\/fr\/wp-json\/wp\/v2\/media\/9484"}],"wp:attachment":[{"href":"https:\/\/afarangabroad.com\/fr\/wp-json\/wp\/v2\/media?parent=9719"}],"wp:term":[{"taxonomy":"category","embeddable":true,"href":"https:\/\/afarangabroad.com\/fr\/wp-json\/wp\/v2\/categories?post=9719"},{"taxonomy":"post_tag","embeddable":true,"href":"https:\/\/afarangabroad.com\/fr\/wp-json\/wp\/v2\/tags?post=9719"}],"curies":[{"name":"wp","href":"https:\/\/api.w.org\/{rel}","templated":true}]}}