{"id":9721,"date":"2018-05-08T11:06:11","date_gmt":"2018-05-08T10:06:11","guid":{"rendered":"https:\/\/afarangabroad.com\/?p=9721"},"modified":"2019-06-21T11:19:04","modified_gmt":"2019-06-21T10:19:04","slug":"b-fashion-spa-review-2018","status":"publish","type":"page","link":"https:\/\/afarangabroad.com\/fr\/b-fashion-spa-review-2018\/","title":{"rendered":"B Fashion Spa avis (2018)"},"content":{"rendered":"<p>Jakarta offre une superbe vie nocturne. Le sud de Jakarta propose une vie nocturne r\u00e9guli\u00e8re et haut de gamme, tandis que le nord de Jarkarta offre la vie nocturne la plus intense. <a href=\"https:\/\/afarangabroad.com\/fr\/spa-sex-massages-jakarta\/\">vie nocturne coquine.<\/a> Les salons de massage de cette ville ont la r\u00e9putation de laisser leurs clients tr\u00e8s d\u00e9tendus. Si vous voulez quelque chose d'humide et qui vous fera voyager dans l'espace, rendez-vous au B Fashion Spa.<\/p>\n<p>Si vous voulez vous envoyer en l'air gratuitement \u00e0 Jakarta,&nbsp;<a href=\"https:\/\/afarangabroad.com\/fr\/cupidon-indonesien\/\" target=\"_blank\" rel=\"noopener noreferrer\">alors consultez cet article<\/a>.<\/p>\n<p><a href=\"https:\/\/afarangabroad.com\/fr\/cupidon-indonesien\/\" target=\"_blank\" rel=\"noopener noreferrer\"><img loading=\"lazy\" decoding=\"async\" class=\"aligncenter size-large wp-image-7574\" src=\"https:\/\/afarangabroad.com\/wp-content\/uploads\/2016\/08\/hot-Jakarta-girl-1024x691.png\" sizes=\"(max-width: 600px) 100vw, 600px\" srcset=\"https:\/\/afarangabroad.com\/wp-content\/uploads\/2016\/08\/hot-Jakarta-girl-1024x691.png 1024w, https:\/\/afarangabroad.com\/wp-content\/uploads\/2016\/08\/hot-Jakarta-girl-300x202.png 300w, https:\/\/afarangabroad.com\/wp-content\/uploads\/2016\/08\/hot-Jakarta-girl-768x518.png 768w, https:\/\/afarangabroad.com\/wp-content\/uploads\/2016\/08\/hot-Jakarta-girl-720x486.png 720w, https:\/\/afarangabroad.com\/wp-content\/uploads\/2016\/08\/hot-Jakarta-girl.png 1038w\" alt=\"hot Jakarta girl\" width=\"600\" height=\"405\"><\/a>Des ann\u00e9es apr\u00e8s son ouverture, le B Fashion Spa reste une destination incontournable pour les visiteurs de Jakarta qui souhaitent vivre une exp\u00e9rience pour adultes. Les autres spas de Jakarta sont comp\u00e9titifs, mais le B Fashion Spa se distingue par ses services sp\u00e9ciaux.<\/p>\n<h2>Services propos\u00e9s par B Fashion Spa<\/h2>\n<p>Si vous \u00eates \u00e0 la recherche de services de spa plus-plus ou m\u00eame de services plus-plus-plus, ce salon est fait pour vous.<\/p>\n<p>La plupart des services propos\u00e9s ici sont \u00e0 caract\u00e8re sexuel, donc si vous n'aimez pas ce type de massage, je vous conseille de trouver un autre spa \u00e0 Jakarta.<\/p>\n<h3>Miel doux<\/h3>\n<p>La masseuse recouvre tout votre corps de miel, puis le l\u00e8che de mani\u00e8re \u00e9rotique.<\/p>\n<h3>Bouche de glace \/ R\u00eave d'Alaska \/ R\u00eave de glace<\/h3>\n<p>Son nom \u00e9voque la perversit\u00e9 et c'est exactement ce que sera votre massage. Dans ce cas, la fille met de la glace dans sa bouche et vous fait une fellation.<\/p>\n<h3>Papillon<\/h3>\n<p>Le massage papillon est le m\u00eame que le dreaming ice, plus un massage corporel priv\u00e9 avant et apr\u00e8s.<\/p>\n<p>Related : d\u00e9couvrir le meilleur <a href=\"https:\/\/afarangabroad.com\/fr\/massage-bali\/\">massages nuru \u00e0 Bali<\/a> et o\u00f9 <a href=\"https:\/\/afarangabroad.com\/fr\/filles-du-bali\/\">Rencontrer des femmes locales Bali<\/a>.<\/p>\n<h3>Griffes de tigre<\/h3>\n<p>This is the mother of adult massage. It\u2019s an extreme body licking by the girl, followed with sex. Apparently, only a few girls in Jakarta can pull this skill making it very special.<\/p>\n<h3>Massage traditionnel<\/h3>\n<p>Ce n'est pas la norme <a href=\"https:\/\/foursquare.com\/top-places\/jakarta\/best-places-massage\">Massage traditionnel asiatique<\/a>. La masseuse qui le fait est seins nus et il se termine toujours par une s\u00e9ance de tir \u00e0 la corde ou une fin heureuse.<\/p>","protected":false},"excerpt":{"rendered":"<p>Jakarta has superb nightlife. South Jakarta has a regular and upmarket nightlife, with the North Jarkarta providing the naughty nightlife. Massage parlors in this city have earned a reputation of leaving its client very relaxed. If you want something wet and one that will blow you to space,&nbsp; visit B Fashion Spa. If you want [&hellip;]<\/p>","protected":false},"author":2,"featured_media":9825,"parent":0,"menu_order":0,"comment_status":"open","ping_status":"open","template":"","meta":{"_exactmetrics_skip_tracking":false,"_exactmetrics_sitenote_active":false,"_exactmetrics_sitenote_note":"","_exactmetrics_sitenote_category":0,"footnotes":""},"categories":[318],"tags":[],"class_list":["post-9721","page","type-page","status-publish","has-post-thumbnail","hentry","category-indonesia"],"yoast_head":"<!-- This site is optimized with the Yoast SEO plugin v20.1 - https:\/\/yoast.com\/wordpress\/plugins\/seo\/ -->\n<title>B Fashion Spa review (2018) - A Farang Abroad<\/title>\n<meta name=\"description\" content=\"Are you thinking of visiting B Fashion Spa in Jakarta? Here&#039;s my review in 2018 about the girls, prices, locations and other things you should know.\" \/>\n<meta name=\"robots\" content=\"index, follow, max-snippet:-1, max-image-preview:large, max-video-preview:-1\" \/>\n<link rel=\"canonical\" href=\"https:\/\/afarangabroad.com\/fr\/b-fashion-spa-review-2018\/\" \/>\n<meta property=\"og:locale\" content=\"fr_FR\" \/>\n<meta property=\"og:type\" content=\"article\" \/>\n<meta property=\"og:title\" content=\"B Fashion Spa review (2018) - A Farang Abroad\" \/>\n<meta property=\"og:description\" content=\"Are you thinking of visiting B Fashion Spa in Jakarta? Here&#039;s my review in 2018 about the girls, prices, locations and other things you should know.\" \/>\n<meta property=\"og:url\" content=\"https:\/\/afarangabroad.com\/fr\/b-fashion-spa-review-2018\/\" \/>\n<meta property=\"og:site_name\" content=\"A Farang Abroad\" \/>\n<meta property=\"article:modified_time\" content=\"2019-06-21T10:19:04+00:00\" \/>\n<meta property=\"og:image\" content=\"https:\/\/afarangabroad.com\/wp-content\/uploads\/2018\/05\/blow-jobs-in-hanoi.jpg\" \/>\n\t<meta property=\"og:image:width\" content=\"700\" \/>\n\t<meta property=\"og:image:height\" content=\"492\" \/>\n\t<meta property=\"og:image:type\" content=\"image\/jpeg\" \/>\n<meta name=\"twitter:label1\" content=\"Dur\u00e9e de lecture estim\u00e9e\" \/>\n\t<meta name=\"twitter:data1\" content=\"6 minutes\" \/>\n<script type=\"application\/ld+json\" class=\"yoast-schema-graph\">{\"@context\":\"https:\/\/schema.org\",\"@graph\":[{\"@type\":\"WebPage\",\"@id\":\"https:\/\/afarangabroad.com\/b-fashion-spa-review-2018\/\",\"url\":\"https:\/\/afarangabroad.com\/b-fashion-spa-review-2018\/\",\"name\":\"B Fashion Spa review (2018) - A Farang Abroad\",\"isPartOf\":{\"@id\":\"https:\/\/afarangabroad.com\/#website\"},\"datePublished\":\"2018-05-08T10:06:11+00:00\",\"dateModified\":\"2019-06-21T10:19:04+00:00\",\"description\":\"Are you thinking of visiting B Fashion Spa in Jakarta? Here's my review in 2018 about the girls, prices, locations and other things you should know.\",\"breadcrumb\":{\"@id\":\"https:\/\/afarangabroad.com\/b-fashion-spa-review-2018\/#breadcrumb\"},\"inLanguage\":\"fr-FR\",\"potentialAction\":[{\"@type\":\"ReadAction\",\"target\":[\"https:\/\/afarangabroad.com\/b-fashion-spa-review-2018\/\"]}]},{\"@type\":\"BreadcrumbList\",\"@id\":\"https:\/\/afarangabroad.com\/b-fashion-spa-review-2018\/#breadcrumb\",\"itemListElement\":[{\"@type\":\"ListItem\",\"position\":1,\"name\":\"Home\",\"item\":\"https:\/\/afarangabroad.com\/\"},{\"@type\":\"ListItem\",\"position\":2,\"name\":\"B Fashion Spa review (2018)\"}]},{\"@type\":\"WebSite\",\"@id\":\"https:\/\/afarangabroad.com\/#website\",\"url\":\"https:\/\/afarangabroad.com\/\",\"name\":\"A Farang Abroad\",\"description\":\"Your secret guide to Asia&#039;s sexiest nightlife.\",\"potentialAction\":[{\"@type\":\"SearchAction\",\"target\":{\"@type\":\"EntryPoint\",\"urlTemplate\":\"https:\/\/afarangabroad.com\/?s={search_term_string}\"},\"query-input\":\"required name=search_term_string\"}],\"inLanguage\":\"fr-FR\"}]}<\/script>\n<!-- \/ Yoast SEO plugin. -->","yoast_head_json":{"title":"B Fashion Spa review (2018) - A Farang Abroad","description":"Are you thinking of visiting B Fashion Spa in Jakarta? Here's my review in 2018 about the girls, prices, locations and other things you should know.","robots":{"index":"index","follow":"follow","max-snippet":"max-snippet:-1","max-image-preview":"max-image-preview:large","max-video-preview":"max-video-preview:-1"},"canonical":"https:\/\/afarangabroad.com\/fr\/b-fashion-spa-review-2018\/","og_locale":"fr_FR","og_type":"article","og_title":"B Fashion Spa review (2018) - A Farang Abroad","og_description":"Are you thinking of visiting B Fashion Spa in Jakarta? Here's my review in 2018 about the girls, prices, locations and other things you should know.","og_url":"https:\/\/afarangabroad.com\/fr\/b-fashion-spa-review-2018\/","og_site_name":"A Farang Abroad","article_modified_time":"2019-06-21T10:19:04+00:00","og_image":[{"width":"700","height":"492","url":"https:\/\/afarangabroad.com\/wp-content\/uploads\/2018\/05\/blow-jobs-in-hanoi.jpg","type":"image\/jpeg"}],"twitter_misc":{"Dur\u00e9e de lecture estim\u00e9e":"6 minutes"},"schema":{"@context":"https:\/\/schema.org","@graph":[{"@type":"WebPage","@id":"https:\/\/afarangabroad.com\/b-fashion-spa-review-2018\/","url":"https:\/\/afarangabroad.com\/b-fashion-spa-review-2018\/","name":"B Fashion Spa review (2018) - A Farang Abroad","isPartOf":{"@id":"https:\/\/afarangabroad.com\/#website"},"datePublished":"2018-05-08T10:06:11+00:00","dateModified":"2019-06-21T10:19:04+00:00","description":"Are you thinking of visiting B Fashion Spa in Jakarta? Here's my review in 2018 about the girls, prices, locations and other things you should know.","breadcrumb":{"@id":"https:\/\/afarangabroad.com\/b-fashion-spa-review-2018\/#breadcrumb"},"inLanguage":"fr-FR","potentialAction":[{"@type":"ReadAction","target":["https:\/\/afarangabroad.com\/b-fashion-spa-review-2018\/"]}]},{"@type":"BreadcrumbList","@id":"https:\/\/afarangabroad.com\/b-fashion-spa-review-2018\/#breadcrumb","itemListElement":[{"@type":"ListItem","position":1,"name":"Home","item":"https:\/\/afarangabroad.com\/"},{"@type":"ListItem","position":2,"name":"B Fashion Spa review (2018)"}]},{"@type":"WebSite","@id":"https:\/\/afarangabroad.com\/#website","url":"https:\/\/afarangabroad.com\/","name":"A Farang Abroad","description":"Your secret guide to Asia&#039;s sexiest nightlife.","potentialAction":[{"@type":"SearchAction","target":{"@type":"EntryPoint","urlTemplate":"https:\/\/afarangabroad.com\/?s={search_term_string}"},"query-input":"required name=search_term_string"}],"inLanguage":"fr-FR"}]}},"_links":{"self":[{"href":"https:\/\/afarangabroad.com\/fr\/wp-json\/wp\/v2\/pages\/9721"}],"collection":[{"href":"https:\/\/afarangabroad.com\/fr\/wp-json\/wp\/v2\/pages"}],"about":[{"href":"https:\/\/afarangabroad.com\/fr\/wp-json\/wp\/v2\/types\/page"}],"author":[{"embeddable":true,"href":"https:\/\/afarangabroad.com\/fr\/wp-json\/wp\/v2\/users\/2"}],"replies":[{"embeddable":true,"href":"https:\/\/afarangabroad.com\/fr\/wp-json\/wp\/v2\/comments?post=9721"}],"version-history":[{"count":0,"href":"https:\/\/afarangabroad.com\/fr\/wp-json\/wp\/v2\/pages\/9721\/revisions"}],"wp:featuredmedia":[{"embeddable":true,"href":"https:\/\/afarangabroad.com\/fr\/wp-json\/wp\/v2\/media\/9825"}],"wp:attachment":[{"href":"https:\/\/afarangabroad.com\/fr\/wp-json\/wp\/v2\/media?parent=9721"}],"wp:term":[{"taxonomy":"category","embeddable":true,"href":"https:\/\/afarangabroad.com\/fr\/wp-json\/wp\/v2\/categories?post=9721"},{"taxonomy":"post_tag","embeddable":true,"href":"https:\/\/afarangabroad.com\/fr\/wp-json\/wp\/v2\/tags?post=9721"}],"curies":[{"name":"wp","href":"https:\/\/api.w.org\/{rel}","templated":true}]}}